{"id":19406,"date":"2019-01-11T09:27:14","date_gmt":"2019-01-11T07:27:14","guid":{"rendered":"https:\/\/c0185.paas1.ams.modxcloud.com\/retailers\/"},"modified":"2025-03-19T18:00:43","modified_gmt":"2025-03-19T16:00:43","slug":"retailers","status":"publish","type":"page","link":"https:\/\/palaset.com\/en\/retailers\/","title":{"rendered":"Retailers"},"content":{"rendered":"\n<h3 class=\"wp-block-heading\">In Finland: <\/h3>\n\n\n\n<ul class=\"wp-block-list\">\n<li><a rel=\"noopener noreferrer\" href=\"https:\/\/www.prisma.fi\/fi\/prisma\/haku\/palaset#facet:-1002809710897115101116&amp;productBeginIndex:0&amp;facetLimit:&amp;orderBy:9&amp;pageView:grid&amp;minPrice:&amp;maxPrice:&amp;pageSize:&amp;\" target=\"_blank\">Prisma<\/a> hangers<\/li>\n\n\n\n<li><a rel=\"noopener noreferrer\" href=\"https:\/\/www.paperipalvelu.fi\/quicksearchresults?name=palaset\" target=\"_blank\">RCK Finland<\/a> storage and organizer<\/li>\n\n\n\n<li><a rel=\"noopener noreferrer\" href=\"https:\/\/www.suomalainen.com\/webapp\/wcs\/stores\/servlet\/fi\/skk\/haku\/palaset#facet:&amp;productBeginIndex:0&amp;orderBy:&amp;pageView:grid&amp;minPrice:&amp;maxPrice:&amp;pageSize:&amp;\" target=\"_blank\">Suomalainen kirjakauppa<\/a>  storage and organizer, Fantti money boxes<\/li>\n\n\n\n<li><a rel=\"noopener noreferrer\" href=\"https:\/\/www.finnishdesignshop.fi\/search?q=palaset&amp;productFilter=brand%3Apalaset\" target=\"_blank\">Finnish design shop<\/a> Fantti money boxes \/ office organizers (online store, global sales)<\/li>\n\n\n\n<li><a href=\"https:\/\/www.karkkainen.com\/SearchDisplay?advancedSearch=1&amp;searchSource=A&amp;storeId=10151&amp;catalogId=10051&amp;searchTerm=palaset&amp;searchType=0&amp;filterTerm=palasetti&amp;filterType=0&amp;categoryId=&amp;manufacturer=&amp;searchTermScope=0&amp;minPrice=&amp;maxPrice=&amp;pageSize=12&amp;authToken=-1002%252CEVokusk4hOazoLE%252BxfIz%252B46zs0nQCxhnpfkGzKvP0Mo%253D\" target=\"_blank\" rel=\"noopener noreferrer\">K\u00e4rkk\u00e4inen<\/a>  hangers, \u00c4ij\u00e4-bucket<\/li>\n\n\n\n<li><a rel=\"noopener noreferrer\" href=\"http:\/\/www.lyreco.com\" target=\"_blank\">Lyreco<\/a>  storage and organizer, hangers<\/li>\n\n\n\n<li><a href=\"http:\/\/www.muovitukku.fi\">Muovitukku<\/a>  storage and organizer, hangers <\/li>\n\n\n\n<li><a rel=\"noopener noreferrer\" href=\"https:\/\/priima.com\/catalogsearch\/result\/index\/?cat=3&amp;q=palaset\" target=\"_blank\">Priima Yrityspalvelu<\/a>  storage and organizer, hangers <\/li>\n\n\n\n<li><a rel=\"noopener noreferrer\" href=\"https:\/\/www.etola.net\" target=\"_blank\">Etola Shops<\/a>  storage and organizer, hangers <\/li>\n\n\n\n<li><a rel=\"noopener noreferrer\" href=\"https:\/\/www.pksystema.fi\/kauppa\/tarkennettu-haku\/11\/?keywords=palaset&amp;nhbutton3=&amp;sect=1\" target=\"_blank\">Pohjois-Karjalan systema<\/a>  storage and organizer, hangers <\/li>\n\n\n\n<li><a rel=\"noopener noreferrer\" href=\"https:\/\/www.kariteam.fi\/kauppa\/tarkennettu-haku\/11\/?keywords=palaset&amp;nhbutton3=&amp;sect=0\" target=\"_blank\">Kariteam<\/a>  storage and organizer <\/li>\n\n\n\n<li><a href=\"https:\/\/www.systeema.fi\/kauppa\/tarkennettu-haku\/11\/?keywords=palaset&amp;nhbutton3=&amp;sect=0\">Systeema<\/a>  storage and organizer, hangers  <\/li>\n\n\n\n<li><a href=\"https:\/\/www.vipoffice.fi\/haku?q=palaset\" target=\"_blank\" rel=\"noreferrer noopener\">VIP Office<\/a>  storage and organizer, hangers  <\/li>\n\n\n\n<li><a rel=\"noopener noreferrer\" href=\"https:\/\/www.wulffinkulma.fi\/epages\/wulffinkulma.sf\/fi_FI\/?ObjectID=7923743&amp;ViewAction=FacetedSearchProducts&amp;SearchString=palaset\" target=\"_blank\">Wulff<\/a>  storage and organizer <\/li>\n\n\n\n<li><a href=\"https:\/\/kauppa.taikaviitta.fi\/search\/?q=palaset\" target=\"_blank\" rel=\"noreferrer noopener\">Taikaviitta<\/a>, Tampere: Fantti money boxes<\/li>\n\n\n\n<li><a href=\"https:\/\/woodpark.fi\/\">Woodpark, Kuortin ABC<\/a>: Fantti money boxes, storage and organizer, \u00c4ij\u00e4-bucket<\/li>\n\n\n\n<li><a href=\"https:\/\/woodpark.fi\/\">Q-Point, Juvan ABC:<\/a>&nbsp;Fantti money boxes, storage and organizer, \u00c4ij\u00e4-bucket<\/li>\n<\/ul>\n\n\n\n<h3 class=\"wp-block-heading\">Overseas:<\/h3>\n\n\n\n<ul class=\"wp-block-list\">\n<li><a href=\"https:\/\/www.forvara.se\/sok\/palaset?twsList-no-slot=g-manual-d-48-2\" target=\"_blank\" rel=\"noreferrer noopener\">F\u00f6rvara,<\/a> Sweden  \/ storage and organizing<\/li>\n\n\n\n<li><a href=\"https:\/\/www.officedepot.se\/sok?query=palaset\">Office depot<\/a>, Sweden \/ storage and organizing<\/li>\n\n\n\n<li><a rel=\"noreferrer noopener\" href=\"https:\/\/www.staples.se\/search?x=0&amp;y=0&amp;keywords=palaset\" target=\"_blank\">Staples<\/a>, Sweden \/ storage<\/li>\n\n\n\n<li><a rel=\"noreferrer noopener\" href=\"http:\/\/www.ommdesign.se\/\" target=\"_blank\">One More Mind Design,<\/a> Sweden \/ Fantti (Norsu) money boxes in both sizes,  online store, global sales<\/li>\n\n\n\n<li><a href=\"https:\/\/www.theholdingcompany.co.uk\" rel=\"noopener noreferrer\" target=\"_blank\">The Holding company,<\/a> UK  \/ storage and organizing , hangers <\/li>\n\n\n\n<li><a href=\"https:\/\/www.habitat.fr\/recherche?q=palaset\" rel=\"noreferrer noopener\" target=\"_blank\">Habitat,<\/a> France<\/li>\n\n\n\n<li><a href=\"https:\/\/www.modulor.de\/en\/search\/palaset.html\" rel=\"noreferrer noopener\" target=\"_blank\">Modulor,<\/a> Germany \/ storage and organizing<\/li>\n\n\n\n<li><a href=\"https:\/\/www.areastore2020.com\/\">Area Infinitas,<\/a> Portugal \/ storage and organizing<\/li>\n\n\n\n<li><a href=\"https:\/\/www.ordenencasa.shop\/\">Orden en casa<\/a>, Spain \/ storage and organizing<\/li>\n\n\n\n<li><a href=\"https:\/\/rijbo.shop\/luxe-kledinghangers\/323-kunststof-hanger-olka.html\">Rijbo<\/a> Netherlands\/ Olka hangers<\/li>\n\n\n\n<li><a href=\"https:\/\/www.containerstore.com\" target=\"_blank\" rel=\"noopener noreferrer\">The ContainerStore,<\/a> USA \/ storage and organizing<\/li>\n\n\n\n<li><a href=\"https:\/\/tophatnyc.com\/password\">Top Hat, NYC<\/a> USA \/ Fantti moneyboxes<\/li>\n\n\n\n<li><a href=\"http:\/\/www.puddleby-inc.com\" rel=\"noopener noreferrer\" target=\"_blank\">Puddleby,<\/a> Japan \/ hangers, money boxes  (Importer and reseller, products sold also in many web-stores in Japan) <\/li>\n\n\n\n<li><a href=\"https:\/\/plain.tw\/product\/homeware\/living-goods\/money-box\/elephant-bank-large\/\">Plain<\/a>, Taiwan \/ money boxes<\/li>\n\n\n\n<li><a href=\"http:\/\/rooming.co.kr\/product\/search.html?banner_action=&amp;keyword=palaset\">Rooming,<\/a> South-Korea \/ money boxes<\/li>\n\n\n\n<li><a href=\"https:\/\/m.smartstore.naver.com\/minilion\/products\/5109480624\" target=\"_blank\" rel=\"noreferrer noopener\">Mini Lion<\/a>, South-Korea \/ money boxes<\/li>\n\n\n\n<li><a href=\"https:\/\/item.taobao.com\/item.htm?spm=a230r.1.14.44.404177e45DpKLt&amp;id=606849343358&amp;ns=1&amp;abbucket=8#detail\" target=\"_blank\" rel=\"noreferrer noopener\">DoPuzzle<\/a>, China&nbsp; \/ Money boxes<\/li>\n<\/ul>\n\n\n\n<p><\/p>\n","protected":false},"excerpt":{"rendered":"In Finland: Overseas:","protected":false},"author":1,"featured_media":21992,"parent":0,"menu_order":0,"comment_status":"closed","ping_status":"closed","template":"","meta":{"_acf_changed":false,"footnotes":""},"class_list":["post-19406","page","type-page","status-publish","has-post-thumbnail","hentry"],"acf":[],"yoast_head":"<!-- This site is optimized with the Yoast SEO plugin v27.4 - https:\/\/yoast.com\/product\/yoast-seo-wordpress\/ -->\n<title>Retailers - Palaset<\/title>\n<meta name=\"description\" content=\"All our Finnish retailers as well as retailers outside Finland are listed on this page.\" \/>\n<meta name=\"robots\" content=\"index, follow, max-snippet:-1, max-image-preview:large, max-video-preview:-1\" \/>\n<link rel=\"canonical\" href=\"https:\/\/palaset.com\/en\/retailers\/\" \/>\n<meta property=\"og:locale\" content=\"en_US\" \/>\n<meta property=\"og:type\" content=\"article\" \/>\n<meta property=\"og:title\" content=\"Retailers - Palaset\" \/>\n<meta property=\"og:description\" content=\"All our Finnish retailers as well as retailers outside Finland are listed on this page.\" \/>\n<meta property=\"og:url\" content=\"https:\/\/palaset.com\/en\/retailers\/\" \/>\n<meta property=\"og:site_name\" content=\"Palaset\" \/>\n<meta property=\"article:publisher\" content=\"https:\/\/www.facebook.com\/Palasetfinland\" \/>\n<meta property=\"article:modified_time\" content=\"2025-03-19T16:00:43+00:00\" \/>\n<meta property=\"og:image\" content=\"https:\/\/palaset.com\/wp-content\/uploads\/2020\/10\/palaset-desktop-share.jpg\" \/>\n\t<meta property=\"og:image:width\" content=\"800\" \/>\n\t<meta property=\"og:image:height\" content=\"1097\" \/>\n\t<meta property=\"og:image:type\" content=\"image\/jpeg\" \/>\n<meta name=\"twitter:card\" content=\"summary_large_image\" \/>\n<meta name=\"twitter:label1\" content=\"Est. reading time\" \/>\n\t<meta name=\"twitter:data1\" content=\"2 minutes\" \/>\n<script type=\"application\/ld+json\" class=\"yoast-schema-graph\">{\"@context\":\"https:\\\/\\\/schema.org\",\"@graph\":[{\"@type\":\"WebPage\",\"@id\":\"https:\\\/\\\/palaset.com\\\/en\\\/retailers\\\/\",\"url\":\"https:\\\/\\\/palaset.com\\\/en\\\/retailers\\\/\",\"name\":\"Retailers - Palaset\",\"isPartOf\":{\"@id\":\"https:\\\/\\\/palaset.com\\\/en\\\/#website\"},\"primaryImageOfPage\":{\"@id\":\"https:\\\/\\\/palaset.com\\\/en\\\/retailers\\\/#primaryimage\"},\"image\":{\"@id\":\"https:\\\/\\\/palaset.com\\\/en\\\/retailers\\\/#primaryimage\"},\"thumbnailUrl\":\"https:\\\/\\\/palaset.com\\\/wp-content\\\/uploads\\\/2020\\\/10\\\/palaset-desktop-share.jpg\",\"datePublished\":\"2019-01-11T07:27:14+00:00\",\"dateModified\":\"2025-03-19T16:00:43+00:00\",\"description\":\"All our Finnish retailers as well as retailers outside Finland are listed on this page.\",\"breadcrumb\":{\"@id\":\"https:\\\/\\\/palaset.com\\\/en\\\/retailers\\\/#breadcrumb\"},\"inLanguage\":\"en-US\",\"potentialAction\":[{\"@type\":\"ReadAction\",\"target\":[\"https:\\\/\\\/palaset.com\\\/en\\\/retailers\\\/\"]}]},{\"@type\":\"ImageObject\",\"inLanguage\":\"en-US\",\"@id\":\"https:\\\/\\\/palaset.com\\\/en\\\/retailers\\\/#primaryimage\",\"url\":\"https:\\\/\\\/palaset.com\\\/wp-content\\\/uploads\\\/2020\\\/10\\\/palaset-desktop-share.jpg\",\"contentUrl\":\"https:\\\/\\\/palaset.com\\\/wp-content\\\/uploads\\\/2020\\\/10\\\/palaset-desktop-share.jpg\",\"width\":800,\"height\":1097},{\"@type\":\"BreadcrumbList\",\"@id\":\"https:\\\/\\\/palaset.com\\\/en\\\/retailers\\\/#breadcrumb\",\"itemListElement\":[{\"@type\":\"ListItem\",\"position\":1,\"name\":\"Etusivu\",\"item\":\"https:\\\/\\\/palaset.com\\\/en\\\/\"},{\"@type\":\"ListItem\",\"position\":2,\"name\":\"Retailers\"}]},{\"@type\":\"WebSite\",\"@id\":\"https:\\\/\\\/palaset.com\\\/en\\\/#website\",\"url\":\"https:\\\/\\\/palaset.com\\\/en\\\/\",\"name\":\"Palaset\",\"description\":\"S\u00e4\u00e4st\u00f6lippaat, toimistotarvikkeet, henkarit - Plastep Oy\",\"publisher\":{\"@id\":\"https:\\\/\\\/palaset.com\\\/en\\\/#organization\"},\"potentialAction\":[{\"@type\":\"SearchAction\",\"target\":{\"@type\":\"EntryPoint\",\"urlTemplate\":\"https:\\\/\\\/palaset.com\\\/en\\\/?s={search_term_string}\"},\"query-input\":{\"@type\":\"PropertyValueSpecification\",\"valueRequired\":true,\"valueName\":\"search_term_string\"}}],\"inLanguage\":\"en-US\"},{\"@type\":\"Organization\",\"@id\":\"https:\\\/\\\/palaset.com\\\/en\\\/#organization\",\"name\":\"Plastep Oy\",\"url\":\"https:\\\/\\\/palaset.com\\\/en\\\/\",\"logo\":{\"@type\":\"ImageObject\",\"inLanguage\":\"en-US\",\"@id\":\"https:\\\/\\\/palaset.com\\\/en\\\/#\\\/schema\\\/logo\\\/image\\\/\",\"url\":\"https:\\\/\\\/palaset.com\\\/wp-content\\\/uploads\\\/2020\\\/04\\\/Palaset_black_skaalautuva.png\",\"contentUrl\":\"https:\\\/\\\/palaset.com\\\/wp-content\\\/uploads\\\/2020\\\/04\\\/Palaset_black_skaalautuva.png\",\"width\":905,\"height\":290,\"caption\":\"Plastep Oy\"},\"image\":{\"@id\":\"https:\\\/\\\/palaset.com\\\/en\\\/#\\\/schema\\\/logo\\\/image\\\/\"},\"sameAs\":[\"https:\\\/\\\/www.facebook.com\\\/Palasetfinland\",\"https:\\\/\\\/www.instagram.com\\\/palasetfinland\\\/\",\"https:\\\/\\\/www.linkedin.com\\\/company\\\/5756814\",\"https:\\\/\\\/fi.pinterest.com\\\/sarihokkanen0121\\\/_created\\\/\"]}]}<\/script>\n<!-- \/ Yoast SEO plugin. -->","yoast_head_json":{"title":"Retailers - Palaset","description":"All our Finnish retailers as well as retailers outside Finland are listed on this page.","robots":{"index":"index","follow":"follow","max-snippet":"max-snippet:-1","max-image-preview":"max-image-preview:large","max-video-preview":"max-video-preview:-1"},"canonical":"https:\/\/palaset.com\/en\/retailers\/","og_locale":"en_US","og_type":"article","og_title":"Retailers - Palaset","og_description":"All our Finnish retailers as well as retailers outside Finland are listed on this page.","og_url":"https:\/\/palaset.com\/en\/retailers\/","og_site_name":"Palaset","article_publisher":"https:\/\/www.facebook.com\/Palasetfinland","article_modified_time":"2025-03-19T16:00:43+00:00","og_image":[{"width":800,"height":1097,"url":"https:\/\/palaset.com\/wp-content\/uploads\/2020\/10\/palaset-desktop-share.jpg","type":"image\/jpeg"}],"twitter_card":"summary_large_image","twitter_misc":{"Est. reading time":"2 minutes"},"schema":{"@context":"https:\/\/schema.org","@graph":[{"@type":"WebPage","@id":"https:\/\/palaset.com\/en\/retailers\/","url":"https:\/\/palaset.com\/en\/retailers\/","name":"Retailers - Palaset","isPartOf":{"@id":"https:\/\/palaset.com\/en\/#website"},"primaryImageOfPage":{"@id":"https:\/\/palaset.com\/en\/retailers\/#primaryimage"},"image":{"@id":"https:\/\/palaset.com\/en\/retailers\/#primaryimage"},"thumbnailUrl":"https:\/\/palaset.com\/wp-content\/uploads\/2020\/10\/palaset-desktop-share.jpg","datePublished":"2019-01-11T07:27:14+00:00","dateModified":"2025-03-19T16:00:43+00:00","description":"All our Finnish retailers as well as retailers outside Finland are listed on this page.","breadcrumb":{"@id":"https:\/\/palaset.com\/en\/retailers\/#breadcrumb"},"inLanguage":"en-US","potentialAction":[{"@type":"ReadAction","target":["https:\/\/palaset.com\/en\/retailers\/"]}]},{"@type":"ImageObject","inLanguage":"en-US","@id":"https:\/\/palaset.com\/en\/retailers\/#primaryimage","url":"https:\/\/palaset.com\/wp-content\/uploads\/2020\/10\/palaset-desktop-share.jpg","contentUrl":"https:\/\/palaset.com\/wp-content\/uploads\/2020\/10\/palaset-desktop-share.jpg","width":800,"height":1097},{"@type":"BreadcrumbList","@id":"https:\/\/palaset.com\/en\/retailers\/#breadcrumb","itemListElement":[{"@type":"ListItem","position":1,"name":"Etusivu","item":"https:\/\/palaset.com\/en\/"},{"@type":"ListItem","position":2,"name":"Retailers"}]},{"@type":"WebSite","@id":"https:\/\/palaset.com\/en\/#website","url":"https:\/\/palaset.com\/en\/","name":"Palaset","description":"S\u00e4\u00e4st\u00f6lippaat, toimistotarvikkeet, henkarit - Plastep Oy","publisher":{"@id":"https:\/\/palaset.com\/en\/#organization"},"potentialAction":[{"@type":"SearchAction","target":{"@type":"EntryPoint","urlTemplate":"https:\/\/palaset.com\/en\/?s={search_term_string}"},"query-input":{"@type":"PropertyValueSpecification","valueRequired":true,"valueName":"search_term_string"}}],"inLanguage":"en-US"},{"@type":"Organization","@id":"https:\/\/palaset.com\/en\/#organization","name":"Plastep Oy","url":"https:\/\/palaset.com\/en\/","logo":{"@type":"ImageObject","inLanguage":"en-US","@id":"https:\/\/palaset.com\/en\/#\/schema\/logo\/image\/","url":"https:\/\/palaset.com\/wp-content\/uploads\/2020\/04\/Palaset_black_skaalautuva.png","contentUrl":"https:\/\/palaset.com\/wp-content\/uploads\/2020\/04\/Palaset_black_skaalautuva.png","width":905,"height":290,"caption":"Plastep Oy"},"image":{"@id":"https:\/\/palaset.com\/en\/#\/schema\/logo\/image\/"},"sameAs":["https:\/\/www.facebook.com\/Palasetfinland","https:\/\/www.instagram.com\/palasetfinland\/","https:\/\/www.linkedin.com\/company\/5756814","https:\/\/fi.pinterest.com\/sarihokkanen0121\/_created\/"]}]}},"_links":{"self":[{"href":"https:\/\/palaset.com\/en\/wp-json\/wp\/v2\/pages\/19406","targetHints":{"allow":["GET"]}}],"collection":[{"href":"https:\/\/palaset.com\/en\/wp-json\/wp\/v2\/pages"}],"about":[{"href":"https:\/\/palaset.com\/en\/wp-json\/wp\/v2\/types\/page"}],"author":[{"embeddable":true,"href":"https:\/\/palaset.com\/en\/wp-json\/wp\/v2\/users\/1"}],"replies":[{"embeddable":true,"href":"https:\/\/palaset.com\/en\/wp-json\/wp\/v2\/comments?post=19406"}],"version-history":[{"count":2,"href":"https:\/\/palaset.com\/en\/wp-json\/wp\/v2\/pages\/19406\/revisions"}],"predecessor-version":[{"id":31727,"href":"https:\/\/palaset.com\/en\/wp-json\/wp\/v2\/pages\/19406\/revisions\/31727"}],"wp:featuredmedia":[{"embeddable":true,"href":"https:\/\/palaset.com\/en\/wp-json\/wp\/v2\/media\/21992"}],"wp:attachment":[{"href":"https:\/\/palaset.com\/en\/wp-json\/wp\/v2\/media?parent=19406"}],"curies":[{"name":"wp","href":"https:\/\/api.w.org\/{rel}","templated":true}]}}