{"id":25669,"date":"2022-09-16T15:29:05","date_gmt":"2022-09-16T12:29:05","guid":{"rendered":"https:\/\/palaset.com\/?page_id=25669"},"modified":"2026-04-17T14:33:45","modified_gmt":"2026-04-17T11:33:45","slug":"front-page","status":"publish","type":"page","link":"https:\/\/palaset.com\/en\/","title":{"rendered":"Front page"},"content":{"rendered":"<div class=\"wpb-content-wrapper\"><p>[vc_row][vc_column max_width=&#8221;1250&#8243;][vc_images_carousel images=&#8221;38020,37404,29871,29880,29875,29860&#8243; img_size=&#8221;full&#8221; onclick=&#8221;custom_link&#8221; speed=&#8221;8000&#8243; autoplay=&#8221;yes&#8221; hide_pagination_control=&#8221;yes&#8221; hide_prev_next_buttons=&#8221;yes&#8221; wrap=&#8221;yes&#8221; css_animation=&#8221;none&#8221; css=&#8221;.vc_custom_1776425619432{padding-top: -20px !important;padding-bottom: 30px !important;}&#8221; custom_links=&#8221;#E-8_aHR0cHMlM0ElMkYlMkZwYWxhc2V0LmNvbSUyRmVuJTJGY2F0ZWdvcnklMkZiYXNrZXRzJTJGJTJDaHR0cHMlM0ElMkYlMkZwYWxhc2V0LmNvbSUyRmVuJTJGc3VydmV5MjAyNiUyRiUyQ2h0dHBzJTNBJTJGJTJGcGFsYXNldC5jb20lMkZlbiUyRmNhdGVnb3J5JTJGbW9uZXlib3hlcyUyRiUyQ2h0dHBzJTNBJTJGJTJGcGFsYXNldC5jb20lMkZlbiUyRmNhdGVnb3J5JTJGYmFza2V0cyUyRiUyQ2h0dHBzJTNBJTJGJTJGcGFsYXNldC5jb20lMkZlbiUyRmNhdGVnb3J5JTJGaGFuZ2VycyUyRiUyQ2h0dHBzJTNBJTJGJTJGcGFsYXNldC5jb20lMkZlbiUyRmNhdGVnb3J5JTJGc3RvcmFnZSUyRg==&#8221; el_id=&#8221;etusivubanneri&#8221;][\/vc_column][\/vc_row][vc_row][vc_column width=&#8221;1\/2&#8243;][tm_rotate_box min_height=&#8221;500&#8243; direction=&#8221;left&#8221; animation=&#8221;flip&#8221; back_button_style=&#8221;flat&#8221; back_heading_color=&#8221;custom&#8221; back_custom_heading_color=&#8221;#ffffff&#8221; back_button_color=&#8221;white&#8221; back_background_color=&#8221;primary&#8221; front_heading=&#8221;Moneyboxes&#8221; back_heading=&#8221;Moneyboxes&#8221; back_text=&#8221;Choose the model you like from our wide range of moneyboxes, for example the happy Jolly. We are able to produce boxes in several attractive colours and we can print your personalized message on the boxes.&#8221; front_background_image=&#8221;26575&#8243; back_button=&#8221;url:%3Fproduct_cat%3Dmoneyboxes|title:Moneyboxes||&#8221;][\/vc_column][vc_column width=&#8221;1\/2&#8243;][tm_rotate_box min_height=&#8221;500&#8243; direction=&#8221;right&#8221; animation=&#8221;flip&#8221; back_button_style=&#8221;flat&#8221; back_heading_color=&#8221;custom&#8221; back_custom_heading_color=&#8221;#ffffff&#8221; back_button_color=&#8221;white&#8221; back_background_color=&#8221;primary&#8221; front_heading=&#8221;Home and office storage&#8221; back_heading=&#8221;Home and office storage&#8221; back_text=&#8221;PALASET products offer you solutions for storage and organizing in all kinds of environments: home, office, retail stores, public buildings etc.&#8221; front_background_image=&#8221;23118&#8243; back_button=&#8221;url:%3Fproduct_cat%3Dstorage|title:Storage||&#8221;][\/vc_column][\/vc_row][vc_row][vc_column width=&#8221;1\/2&#8243;][tm_rotate_box min_height=&#8221;500&#8243; direction=&#8221;left&#8221; animation=&#8221;flip&#8221; back_button_style=&#8221;flat&#8221; back_heading_color=&#8221;custom&#8221; back_custom_heading_color=&#8221;#ffffff&#8221; back_button_color=&#8221;white&#8221; back_background_color=&#8221;primary&#8221; front_heading=&#8221;Hangers&#8221; back_heading=&#8221;Hangers&#8221; back_text=&#8221;Palaset hanger collection gives large scale of alternatives for different storage purposes. Characteristics of all Palaset hangers are high quality, good design and large colour assortment.&#8221; front_background_image=&#8221;20585&#8243; back_button=&#8221;url:%3Fproduct_cat%3Dhangers|title:Hangers||&#8221;][\/vc_column][vc_column width=&#8221;1\/2&#8243;][tm_rotate_box min_height=&#8221;500&#8243; direction=&#8221;right&#8221; animation=&#8221;flip&#8221; back_button_style=&#8221;flat&#8221; back_heading_color=&#8221;custom&#8221; back_custom_heading_color=&#8221;#ffffff&#8221; back_button_color=&#8221;white&#8221; back_background_color=&#8221;primary&#8221; front_heading=&#8221;Baskets&#8221; back_heading=&#8221;Baskets&#8221; back_text=&#8221;PALASET basket collection includes five high quality alternatives, choose your own!&#8221; front_background_image=&#8221;21426&#8243; back_button=&#8221;url:%3Fproduct_cat%3Dbaskets|title:Baskets||&#8221;][\/vc_column][\/vc_row][vc_row][vc_column width=&#8221;1\/2&#8243;][tm_rotate_box min_height=&#8221;500&#8243; direction=&#8221;left&#8221; animation=&#8221;flip&#8221; front_background_color=&#8221;primary&#8221; back_button_style=&#8221;flat&#8221; back_heading_color=&#8221;custom&#8221; back_custom_heading_color=&#8221;#ffffff&#8221; back_button_color=&#8221;white&#8221; back_background_color=&#8221;primary&#8221; back_heading=&#8221;Palaset Story&#8221; back_text=&#8221;We are inspired by the goal that you can create and decorate your home timelessly. All of our products are designed and made to be versatile and to withstand the challenges of use and time.&#8221; front_background_image=&#8221;23183&#8243; back_button=&#8221;url:https%3A%2F%2Fpalaset.com%2Fen%2Fpalaset-story%2F|title:Palaset%20Story||&#8221;][\/vc_column][vc_column width=&#8221;1\/2&#8243;][tm_rotate_box min_height=&#8221;500&#8243; direction=&#8221;right&#8221; animation=&#8221;flip&#8221; back_button_style=&#8221;flat&#8221; back_heading_color=&#8221;custom&#8221; back_custom_heading_color=&#8221;#ffffff&#8221; back_button_color=&#8221;white&#8221; back_background_color=&#8221;primary&#8221; front_heading=&#8221;Get Inspired&#8221; back_heading=&#8221;Get Inspired&#8221; front_background_image=&#8221;21195&#8243; back_button=&#8221;url:https%3A%2F%2Fpalaset.com%2Fen%2Fget-inspired%2F|title:Get%20Inspired||&#8221;][\/vc_column][\/vc_row][vc_row][vc_column][tm_spacer size=&#8221;xs:10;sm:10;md:10;lg:15&#8243;][\/vc_column][\/vc_row][vc_row][vc_column width=&#8221;2\/3&#8243;][vc_custom_heading text=&#8221;Click for our renewed product catalogue!&#8221; font_container=&#8221;tag:h4|text_align:left&#8221; use_theme_fonts=&#8221;yes&#8221; css=&#8221;.vc_custom_1717419791167{margin-left: 20px !important;}&#8221; link=&#8221;url:https%3A%2F%2Fpalaset.com%2Fwp-content%2Fuploads%2F2018%2F03%2FPalaset_catalogue_2024.pdf|target:_blank&#8221;][tm_spacer size=&#8221;xs:5;sm:5;md:10;lg:10&#8243;][vc_single_image image=&#8221;29616&#8243; img_size=&#8221;large&#8221; onclick=&#8221;custom_link&#8221; img_link_target=&#8221;_blank&#8221; link=&#8221;https:\/\/palaset.com\/wp-content\/uploads\/2018\/03\/Palaset_catalogue_2024.pdf&#8221;][\/vc_column][vc_column width=&#8221;1\/3&#8243;][tm_spacer size=&#8221;xs:5;sm:40;md:50;lg:53&#8243;][vc_single_image image=&#8221;23449&#8243; img_size=&#8221;full&#8221;][\/vc_column][\/vc_row]<\/p>\n<\/div>","protected":false},"excerpt":{"rendered":"[vc_row][vc_column max_width=&#8221;1250&#8243;][vc_images_carousel images=&#8221;38020,37404,29871,29880,29875,29860&#8243; img_size=&#8221;full&#8221; onclick=&#8221;custom_link&#8221; speed=&#8221;8000&#8243; autoplay=&#8221;yes&#8221; hide_pagination_control=&#8221;yes&#8221; hide_prev_next_buttons=&#8221;yes&#8221; wrap=&#8221;yes&#8221; css_animation=&#8221;none&#8221; css=&#8221;.vc_custom_1776425619432{padding-top: -20px !important;padding-bottom: 30px !important;}&#8221; custom_links=&#8221;#E-8_aHR0cHMlM0ElMkYlMkZwYWxhc2V0LmNvbSUyRmVuJTJGY2F0ZWdvcnklMkZiYXNrZXRzJTJGJTJDaHR0cHMlM0ElMkYlMkZwYWxhc2V0LmNvbSUyRmVuJTJGc3VydmV5MjAyNiUyRiUyQ2h0dHBzJTNBJTJGJTJGcGFsYXNldC5jb20lMkZlbiUyRmNhdGVnb3J5JTJGbW9uZXlib3hlcyUyRiUyQ2h0dHBzJTNBJTJGJTJGcGFsYXNldC5jb20lMkZlbiUyRmNhdGVnb3J5JTJGYmFza2V0cyUyRiUyQ2h0dHBzJTNBJTJGJTJGcGFsYXNldC5jb20lMkZlbiUyRmNhdGVnb3J5JTJGaGFuZ2VycyUyRiUyQ2h0dHBzJTNBJTJGJTJGcGFsYXNldC5jb20lMkZlbiUyRmNhdGVnb3J5JTJGc3RvcmFnZSUyRg==&#8221; el_id=&#8221;etusivubanneri&#8221;][\/vc_column][\/vc_row][vc_row][vc_column width=&#8221;1\/2&#8243;][tm_rotate_box min_height=&#8221;500&#8243; direction=&#8221;left&#8221; animation=&#8221;flip&#8221; back_button_style=&#8221;flat&#8221; back_heading_color=&#8221;custom&#8221; back_custom_heading_color=&#8221;#ffffff&#8221; back_button_color=&#8221;white&#8221; back_background_color=&#8221;primary&#8221; front_heading=&#8221;Moneyboxes&#8221; back_heading=&#8221;Moneyboxes&#8221; back_text=&#8221;Choose the model you like from our wide range of moneyboxes, for example the happy Jolly. We are able to produce boxes in several attractive colours and we can print your personalized message on the boxes.&#8221; front_background_image=&#8221;26575&#8243; back_button=&#8221;url:%3Fproduct_cat%3Dmoneyboxes|title:Moneyboxes||&#8221;][\/vc_column][vc_column width=&#8221;1\/2&#8243;][tm_rotate_box min_height=&#8221;500&#8243; direction=&#8221;right&#8221; animation=&#8221;flip&#8221; back_button_style=&#8221;flat&#8221; back_heading_color=&#8221;custom&#8221; back_custom_heading_color=&#8221;#ffffff&#8221; back_button_color=&#8221;white&#8221; back_background_color=&#8221;primary&#8221; front_heading=&#8221;Home and office storage&#8221; back_heading=&#8221;Home and office storage&#8221; back_text=&#8221;PALASET products offer you solutions for storage and organizing in all kinds of environments: home, office, retail stores, public buildings etc.&#8221; front_background_image=&#8221;23118&#8243; back_button=&#8221;url:%3Fproduct_cat%3Dstorage|title:Storage||&#8221;][\/vc_column][\/vc_row][vc_row][vc_column width=&#8221;1\/2&#8243;][tm_rotate_box min_height=&#8221;500&#8243; direction=&#8221;left&#8221; animation=&#8221;flip&#8221; back_button_style=&#8221;flat&#8221; back_heading_color=&#8221;custom&#8221; back_custom_heading_color=&#8221;#ffffff&#8221; back_button_color=&#8221;white&#8221; back_background_color=&#8221;primary&#8221; front_heading=&#8221;Hangers&#8221; back_heading=&#8221;Hangers&#8221; back_text=&#8221;Palaset hanger collection gives large scale of alternatives for different storage purposes. Characteristics of all Palaset hangers are high quality, good design and large colour assortment.&#8221; front_background_image=&#8221;20585&#8243; back_button=&#8221;url:%3Fproduct_cat%3Dhangers|title:Hangers||&#8221;][\/vc_column][vc_column width=&#8221;1\/2&#8243;][tm_rotate_box min_height=&#8221;500&#8243; direction=&#8221;right&#8221; animation=&#8221;flip&#8221; back_button_style=&#8221;flat&#8221; back_heading_color=&#8221;custom&#8221; back_custom_heading_color=&#8221;#ffffff&#8221; back_button_color=&#8221;white&#8221; back_background_color=&#8221;primary&#8221; front_heading=&#8221;Baskets&#8221; back_heading=&#8221;Baskets&#8221; back_text=&#8221;PALASET basket collection includes five high quality alternatives, choose your own!&#8221; front_background_image=&#8221;21426&#8243; back_button=&#8221;url:%3Fproduct_cat%3Dbaskets|title:Baskets||&#8221;][\/vc_column][\/vc_row][vc_row][vc_column width=&#8221;1\/2&#8243;][tm_rotate_box min_height=&#8221;500&#8243; direction=&#8221;left&#8221; animation=&#8221;flip&#8221; front_background_color=&#8221;primary&#8221; back_button_style=&#8221;flat&#8221; back_heading_color=&#8221;custom&#8221; back_custom_heading_color=&#8221;#ffffff&#8221; back_button_color=&#8221;white&#8221; back_background_color=&#8221;primary&#8221; back_heading=&#8221;Palaset Story&#8221; back_text=&#8221;We are inspired by the goal that you can create and decorate your home timelessly. All of our products are designed and made to be versatile and to withstand the challenges of use and time.&#8221; front_background_image=&#8221;23183&#8243; back_button=&#8221;url:https%3A%2F%2Fpalaset.com%2Fen%2Fpalaset-story%2F|title:Palaset%20Story||&#8221;][\/vc_column][vc_column width=&#8221;1\/2&#8243;][tm_rotate_box min_height=&#8221;500&#8243; direction=&#8221;right&#8221; animation=&#8221;flip&#8221; back_button_style=&#8221;flat&#8221; back_heading_color=&#8221;custom&#8221; back_custom_heading_color=&#8221;#ffffff&#8221; back_button_color=&#8221;white&#8221; back_background_color=&#8221;primary&#8221; front_heading=&#8221;Get Inspired&#8221; back_heading=&#8221;Get Inspired&#8221; front_background_image=&#8221;21195&#8243; back_button=&#8221;url:https%3A%2F%2Fpalaset.com%2Fen%2Fget-inspired%2F|title:Get%20Inspired||&#8221;][\/vc_column][\/vc_row][vc_row][vc_column][tm_spacer size=&#8221;xs:10;sm:10;md:10;lg:15&#8243;][\/vc_column][\/vc_row][vc_row][vc_column width=&#8221;2\/3&#8243;][vc_custom_heading text=&#8221;Click for our renewed product catalogue!&#8221; font_container=&#8221;tag:h4|text_align:left&#8221; use_theme_fonts=&#8221;yes&#8221; css=&#8221;.vc_custom_1717419791167{margin-left: 20px !important;}&#8221; link=&#8221;url:https%3A%2F%2Fpalaset.com%2Fwp-content%2Fuploads%2F2018%2F03%2FPalaset_catalogue_2024.pdf|target:_blank&#8221;][tm_spacer size=&#8221;xs:5;sm:5;md:10;lg:10&#8243;][vc_single_image image=&#8221;29616&#8243; img_size=&#8221;large&#8221; onclick=&#8221;custom_link&#8221; img_link_target=&#8221;_blank&#8221; link=&#8221;https:\/\/palaset.com\/wp-content\/uploads\/2018\/03\/Palaset_catalogue_2024.pdf&#8221;][\/vc_column][vc_column width=&#8221;1\/3&#8243;][tm_spacer size=&#8221;xs:5;sm:40;md:50;lg:53&#8243;][vc_single_image image=&#8221;23449&#8243; img_size=&#8221;full&#8221;][\/vc_column][\/vc_row]","protected":false},"author":376,"featured_media":0,"parent":0,"menu_order":0,"comment_status":"closed","ping_status":"closed","template":"","meta":{"_acf_changed":false,"footnotes":""},"class_list":["post-25669","page","type-page","status-publish","hentry"],"acf":[],"yoast_head":"<!-- This site is optimized with the Yoast SEO plugin v27.6 - https:\/\/yoast.com\/product\/yoast-seo-wordpress\/ -->\n<title>Front page - Palaset<\/title>\n<meta name=\"description\" content=\"English homepage for palaset.com. Palaset product range includes storage solutions for home and office, hangers and moneyboxes.\" \/>\n<meta name=\"robots\" content=\"index, follow, max-snippet:-1, max-image-preview:large, max-video-preview:-1\" \/>\n<link rel=\"canonical\" href=\"https:\/\/palaset.com\/en\/\" \/>\n<meta property=\"og:locale\" content=\"en_US\" \/>\n<meta property=\"og:type\" content=\"article\" \/>\n<meta property=\"og:title\" content=\"Front page - Palaset\" \/>\n<meta property=\"og:description\" content=\"English homepage for palaset.com. Palaset product range includes storage solutions for home and office, hangers and moneyboxes.\" \/>\n<meta property=\"og:url\" content=\"https:\/\/palaset.com\/en\/\" \/>\n<meta property=\"og:site_name\" content=\"Palaset\" \/>\n<meta property=\"article:publisher\" content=\"https:\/\/www.facebook.com\/Palasetfinland\" \/>\n<meta property=\"article:modified_time\" content=\"2026-04-17T11:33:45+00:00\" \/>\n<meta name=\"twitter:card\" content=\"summary_large_image\" \/>\n<meta name=\"twitter:label1\" content=\"Est. reading time\" \/>\n\t<meta name=\"twitter:data1\" content=\"3 minutes\" \/>\n<script type=\"application\/ld+json\" class=\"yoast-schema-graph\">{\"@context\":\"https:\\\/\\\/schema.org\",\"@graph\":[{\"@type\":\"WebPage\",\"@id\":\"https:\\\/\\\/palaset.com\\\/en\\\/\",\"url\":\"https:\\\/\\\/palaset.com\\\/en\\\/\",\"name\":\"Front page - Palaset\",\"isPartOf\":{\"@id\":\"https:\\\/\\\/palaset.com\\\/en\\\/#website\"},\"datePublished\":\"2022-09-16T12:29:05+00:00\",\"dateModified\":\"2026-04-17T11:33:45+00:00\",\"description\":\"English homepage for palaset.com. Palaset product range includes storage solutions for home and office, hangers and moneyboxes.\",\"breadcrumb\":{\"@id\":\"https:\\\/\\\/palaset.com\\\/en\\\/#breadcrumb\"},\"inLanguage\":\"en-US\",\"potentialAction\":[{\"@type\":\"ReadAction\",\"target\":[\"https:\\\/\\\/palaset.com\\\/en\\\/\"]}]},{\"@type\":\"BreadcrumbList\",\"@id\":\"https:\\\/\\\/palaset.com\\\/en\\\/#breadcrumb\",\"itemListElement\":[{\"@type\":\"ListItem\",\"position\":1,\"name\":\"Etusivu\",\"item\":\"https:\\\/\\\/palaset.com\\\/en\\\/\"},{\"@type\":\"ListItem\",\"position\":2,\"name\":\"Front page\"}]},{\"@type\":\"WebSite\",\"@id\":\"https:\\\/\\\/palaset.com\\\/en\\\/#website\",\"url\":\"https:\\\/\\\/palaset.com\\\/en\\\/\",\"name\":\"Palaset\",\"description\":\"S\u00e4\u00e4st\u00f6lippaat, toimistotarvikkeet, henkarit - Plastep Oy\",\"publisher\":{\"@id\":\"https:\\\/\\\/palaset.com\\\/en\\\/#organization\"},\"potentialAction\":[{\"@type\":\"SearchAction\",\"target\":{\"@type\":\"EntryPoint\",\"urlTemplate\":\"https:\\\/\\\/palaset.com\\\/en\\\/?s={search_term_string}\"},\"query-input\":{\"@type\":\"PropertyValueSpecification\",\"valueRequired\":true,\"valueName\":\"search_term_string\"}}],\"inLanguage\":\"en-US\"},{\"@type\":\"Organization\",\"@id\":\"https:\\\/\\\/palaset.com\\\/en\\\/#organization\",\"name\":\"Plastep Oy\",\"url\":\"https:\\\/\\\/palaset.com\\\/en\\\/\",\"logo\":{\"@type\":\"ImageObject\",\"inLanguage\":\"en-US\",\"@id\":\"https:\\\/\\\/palaset.com\\\/en\\\/#\\\/schema\\\/logo\\\/image\\\/\",\"url\":\"https:\\\/\\\/palaset.com\\\/wp-content\\\/uploads\\\/2020\\\/04\\\/Palaset_black_skaalautuva.png\",\"contentUrl\":\"https:\\\/\\\/palaset.com\\\/wp-content\\\/uploads\\\/2020\\\/04\\\/Palaset_black_skaalautuva.png\",\"width\":905,\"height\":290,\"caption\":\"Plastep Oy\"},\"image\":{\"@id\":\"https:\\\/\\\/palaset.com\\\/en\\\/#\\\/schema\\\/logo\\\/image\\\/\"},\"sameAs\":[\"https:\\\/\\\/www.facebook.com\\\/Palasetfinland\",\"https:\\\/\\\/www.instagram.com\\\/palasetfinland\\\/\",\"https:\\\/\\\/www.linkedin.com\\\/company\\\/5756814\",\"https:\\\/\\\/fi.pinterest.com\\\/sarihokkanen0121\\\/_created\\\/\"]}]}<\/script>\n<!-- \/ Yoast SEO plugin. -->","yoast_head_json":{"title":"Front page - Palaset","description":"English homepage for palaset.com. Palaset product range includes storage solutions for home and office, hangers and moneyboxes.","robots":{"index":"index","follow":"follow","max-snippet":"max-snippet:-1","max-image-preview":"max-image-preview:large","max-video-preview":"max-video-preview:-1"},"canonical":"https:\/\/palaset.com\/en\/","og_locale":"en_US","og_type":"article","og_title":"Front page - Palaset","og_description":"English homepage for palaset.com. Palaset product range includes storage solutions for home and office, hangers and moneyboxes.","og_url":"https:\/\/palaset.com\/en\/","og_site_name":"Palaset","article_publisher":"https:\/\/www.facebook.com\/Palasetfinland","article_modified_time":"2026-04-17T11:33:45+00:00","twitter_card":"summary_large_image","twitter_misc":{"Est. reading time":"3 minutes"},"schema":{"@context":"https:\/\/schema.org","@graph":[{"@type":"WebPage","@id":"https:\/\/palaset.com\/en\/","url":"https:\/\/palaset.com\/en\/","name":"Front page - Palaset","isPartOf":{"@id":"https:\/\/palaset.com\/en\/#website"},"datePublished":"2022-09-16T12:29:05+00:00","dateModified":"2026-04-17T11:33:45+00:00","description":"English homepage for palaset.com. Palaset product range includes storage solutions for home and office, hangers and moneyboxes.","breadcrumb":{"@id":"https:\/\/palaset.com\/en\/#breadcrumb"},"inLanguage":"en-US","potentialAction":[{"@type":"ReadAction","target":["https:\/\/palaset.com\/en\/"]}]},{"@type":"BreadcrumbList","@id":"https:\/\/palaset.com\/en\/#breadcrumb","itemListElement":[{"@type":"ListItem","position":1,"name":"Etusivu","item":"https:\/\/palaset.com\/en\/"},{"@type":"ListItem","position":2,"name":"Front page"}]},{"@type":"WebSite","@id":"https:\/\/palaset.com\/en\/#website","url":"https:\/\/palaset.com\/en\/","name":"Palaset","description":"S\u00e4\u00e4st\u00f6lippaat, toimistotarvikkeet, henkarit - Plastep Oy","publisher":{"@id":"https:\/\/palaset.com\/en\/#organization"},"potentialAction":[{"@type":"SearchAction","target":{"@type":"EntryPoint","urlTemplate":"https:\/\/palaset.com\/en\/?s={search_term_string}"},"query-input":{"@type":"PropertyValueSpecification","valueRequired":true,"valueName":"search_term_string"}}],"inLanguage":"en-US"},{"@type":"Organization","@id":"https:\/\/palaset.com\/en\/#organization","name":"Plastep Oy","url":"https:\/\/palaset.com\/en\/","logo":{"@type":"ImageObject","inLanguage":"en-US","@id":"https:\/\/palaset.com\/en\/#\/schema\/logo\/image\/","url":"https:\/\/palaset.com\/wp-content\/uploads\/2020\/04\/Palaset_black_skaalautuva.png","contentUrl":"https:\/\/palaset.com\/wp-content\/uploads\/2020\/04\/Palaset_black_skaalautuva.png","width":905,"height":290,"caption":"Plastep Oy"},"image":{"@id":"https:\/\/palaset.com\/en\/#\/schema\/logo\/image\/"},"sameAs":["https:\/\/www.facebook.com\/Palasetfinland","https:\/\/www.instagram.com\/palasetfinland\/","https:\/\/www.linkedin.com\/company\/5756814","https:\/\/fi.pinterest.com\/sarihokkanen0121\/_created\/"]}]}},"_links":{"self":[{"href":"https:\/\/palaset.com\/en\/wp-json\/wp\/v2\/pages\/25669","targetHints":{"allow":["GET"]}}],"collection":[{"href":"https:\/\/palaset.com\/en\/wp-json\/wp\/v2\/pages"}],"about":[{"href":"https:\/\/palaset.com\/en\/wp-json\/wp\/v2\/types\/page"}],"author":[{"embeddable":true,"href":"https:\/\/palaset.com\/en\/wp-json\/wp\/v2\/users\/376"}],"replies":[{"embeddable":true,"href":"https:\/\/palaset.com\/en\/wp-json\/wp\/v2\/comments?post=25669"}],"version-history":[{"count":8,"href":"https:\/\/palaset.com\/en\/wp-json\/wp\/v2\/pages\/25669\/revisions"}],"predecessor-version":[{"id":38024,"href":"https:\/\/palaset.com\/en\/wp-json\/wp\/v2\/pages\/25669\/revisions\/38024"}],"wp:attachment":[{"href":"https:\/\/palaset.com\/en\/wp-json\/wp\/v2\/media?parent=25669"}],"curies":[{"name":"wp","href":"https:\/\/api.w.org\/{rel}","templated":true}]}}