{"id":26908,"date":"2023-02-23T02:48:16","date_gmt":"2023-02-23T00:48:16","guid":{"rendered":"https:\/\/palaset.com\/?page_id=26908"},"modified":"2023-02-23T02:49:44","modified_gmt":"2023-02-23T00:49:44","slug":"box-xs","status":"publish","type":"page","link":"https:\/\/palaset.com\/en\/products-category\/home-and-office-storage\/boxes\/box-xs\/","title":{"rendered":"Box XS"},"content":{"rendered":"<div class=\"wpb-content-wrapper\"><p>[vc_row lg_spacing=&#8221;margin_top:0;margin_bottom:58&#8243; md_spacing=&#8221;margin_top:60;margin_bottom:60&#8243;][vc_column width=&#8221;1\/2&#8243;][vc_single_image image=&#8221;24387&#8243; img_size=&#8221;large&#8221; onclick=&#8221;zoom&#8221;][vc_images_carousel images=&#8221;24387,24379,24374,21904,21083,21251,21091&#8243; img_size=&#8221;500&#215;400&#8243; slides_per_view=&#8221;4&#8243; hide_pagination_control=&#8221;yes&#8221; wrap=&#8221;yes&#8221;][\/vc_column][vc_column width=&#8221;1\/2&#8243;][tm_heading tag=&#8221;h1&#8243; custom_google_font=&#8221;&#8221; el_class=&#8221;lowercase&#8221; text=&#8221;Box XS&#8221; css=&#8221;.vc_custom_1677113279048{margin-top: 10px !important;margin-bottom: 10px !important;}&#8221;][vc_column_text]Palaset XS-size box is a stylish, high quality and timeless box designed by Ristomatti Ratia. Use it for storing small item at home and in the office. Lid available as accessory: colors clear, white or black.<\/p>\n<p>Made from food approved, BPA-free material. Made in Finland.[\/vc_column_text][vc_row_inner lg_spacing=&#8221;margin_top:20;margin_bottom:20&#8243; el_class=&#8221;infopics&#8221;][vc_column_inner width=&#8221;1\/5&#8243;][vc_single_image image=&#8221;23575&#8243;][\/vc_column_inner][vc_column_inner width=&#8221;1\/5&#8243;][vc_single_image image=&#8221;22119&#8243;][\/vc_column_inner][vc_column_inner width=&#8221;1\/5&#8243;][vc_single_image image=&#8221;23573&#8243;][\/vc_column_inner][vc_column_inner width=&#8221;1\/5&#8243;][vc_single_image image=&#8221;22121&#8243;][\/vc_column_inner][vc_column_inner width=&#8221;1\/5&#8243;][\/vc_column_inner][\/vc_row_inner][\/vc_column][\/vc_row][vc_row][vc_column][vc_row_inner][vc_column_inner][vc_column_text]Palaset XS-size box is a stylish, high quality and timeless box designed by Ristomatti Ratia. Use it for storing small item at home and in the office. Lid available as accessory: colors clear, white or black.<br \/>\nMade from food approved, BPA-free material. Can be disposed of in energy waste.[\/vc_column_text][\/vc_column_inner][\/vc_row_inner][\/vc_column][\/vc_row][vc_row lg_spacing=&#8221;margin_top:60;margin_bottom:60&#8243;][vc_column][tm_heading custom_google_font=&#8221;&#8221; align=&#8221;center&#8221; text=&#8221;Our Box XS-selection&#8221;][tm_product gutter=&#8221;30&#8243; el_class=&#8221;remove_price&#8221; number=&#8221;99&#8243; columns=&#8221;xs:2;sm:2;lg:5&#8243; taxonomies=&#8221;product_tag:boksi-xs&#8221;][\/vc_column][\/vc_row]<\/p>\n<\/div>","protected":false},"excerpt":{"rendered":"[vc_row lg_spacing=&#8221;margin_top:0;margin_bottom:58&#8243; md_spacing=&#8221;margin_top:60;margin_bottom:60&#8243;][vc_column width=&#8221;1\/2&#8243;][vc_single_image image=&#8221;24387&#8243; img_size=&#8221;large&#8221; onclick=&#8221;zoom&#8221;][vc_images_carousel images=&#8221;24387,24379,24374,21904,21083,21251,21091&#8243; img_size=&#8221;500&#215;400&#8243; slides_per_view=&#8221;4&#8243; hide_pagination_control=&#8221;yes&#8221; wrap=&#8221;yes&#8221;][\/vc_column][vc_column width=&#8221;1\/2&#8243;][tm_heading tag=&#8221;h1&#8243; custom_google_font=&#8221;&#8221; el_class=&#8221;lowercase&#8221; text=&#8221;Box XS&#8221; css=&#8221;.vc_custom_1677113279048{margin-top: 10px !important;margin-bottom: 10px !important;}&#8221;][vc_column_text]Palaset XS-size box is a stylish, high quality and timeless box designed by Ristomatti Ratia. Use it for storing small item at home and in the office. Lid available as accessory: colors clear, white or black. Made from food approved, BPA-free material. Made in Finland.[\/vc_column_text][vc_row_inner lg_spacing=&#8221;margin_top:20;margin_bottom:20&#8243; el_class=&#8221;infopics&#8221;][vc_column_inner width=&#8221;1\/5&#8243;][vc_single_image image=&#8221;23575&#8243;][\/vc_column_inner][vc_column_inner width=&#8221;1\/5&#8243;][vc_single_image image=&#8221;22119&#8243;][\/vc_column_inner][vc_column_inner width=&#8221;1\/5&#8243;][vc_single_image image=&#8221;23573&#8243;][\/vc_column_inner][vc_column_inner width=&#8221;1\/5&#8243;][vc_single_image image=&#8221;22121&#8243;][\/vc_column_inner][vc_column_inner width=&#8221;1\/5&#8243;][\/vc_column_inner][\/vc_row_inner][\/vc_column][\/vc_row][vc_row][vc_column][vc_row_inner][vc_column_inner][vc_column_text]Palaset XS-size box is a stylish, high quality and timeless box designed by Ristomatti Ratia. Use it for storing small item at home and in the office. Lid available as accessory: colors clear, white or black. Made from food approved, BPA-free material. Can be disposed of in energy waste.[\/vc_column_text][\/vc_column_inner][\/vc_row_inner][\/vc_column][\/vc_row][vc_row lg_spacing=&#8221;margin_top:60;margin_bottom:60&#8243;][vc_column][tm_heading custom_google_font=&#8221;&#8221; align=&#8221;center&#8221; text=&#8221;Our Box XS-selection&#8221;][tm_product gutter=&#8221;30&#8243; el_class=&#8221;remove_price&#8221; number=&#8221;99&#8243; columns=&#8221;xs:2;sm:2;lg:5&#8243; taxonomies=&#8221;product_tag:boksi-xs&#8221;][\/vc_column][\/vc_row]","protected":false},"author":1,"featured_media":0,"parent":26767,"menu_order":0,"comment_status":"closed","ping_status":"closed","template":"","meta":{"_acf_changed":false,"footnotes":""},"class_list":["post-26908","page","type-page","status-publish","hentry"],"acf":[],"yoast_head":"<!-- This site is optimized with the Yoast SEO plugin v27.4 - https:\/\/yoast.com\/product\/yoast-seo-wordpress\/ -->\n<title>Box XS - Palaset<\/title>\n<meta name=\"robots\" content=\"index, follow, max-snippet:-1, max-image-preview:large, max-video-preview:-1\" \/>\n<link rel=\"canonical\" href=\"https:\/\/palaset.com\/en\/products-category\/home-and-office-storage\/boxes\/box-xs\/\" \/>\n<meta property=\"og:locale\" content=\"en_US\" \/>\n<meta property=\"og:type\" content=\"article\" \/>\n<meta property=\"og:title\" content=\"Box XS - Palaset\" \/>\n<meta property=\"og:description\" content=\"[vc_row lg_spacing=&#8221;margin_top:0;margin_bottom:58&#8243; md_spacing=&#8221;margin_top:60;margin_bottom:60&#8243;][vc_column width=&#8221;1\/2&#8243;][vc_single_image image=&#8221;24387&#8243; img_size=&#8221;large&#8221; onclick=&#8221;zoom&#8221;][vc_images_carousel images=&#8221;24387,24379,24374,21904,21083,21251,21091&#8243; img_size=&#8221;500&#215;400&#8243; slides_per_view=&#8221;4&#8243; hide_pagination_control=&#8221;yes&#8221; wrap=&#8221;yes&#8221;][\/vc_column][vc_column width=&#8221;1\/2&#8243;][tm_heading tag=&#8221;h1&#8243; custom_google_font=&#8221;&#8221; el_class=&#8221;lowercase&#8221; text=&#8221;Box XS&#8221; css=&#8221;.vc_custom_1677113279048{margin-top: 10px !important;margin-bottom: 10px !important;}&#8221;][vc_column_text]Palaset XS-size box is a stylish, high quality and timeless box designed by Ristomatti Ratia. Use it for storing small item at home and in the office. Lid available as accessory: colors clear, white or black. Made from food approved, BPA-free material. Made in Finland.[\/vc_column_text][vc_row_inner lg_spacing=&#8221;margin_top:20;margin_bottom:20&#8243; el_class=&#8221;infopics&#8221;][vc_column_inner width=&#8221;1\/5&#8243;][vc_single_image image=&#8221;23575&#8243;][\/vc_column_inner][vc_column_inner width=&#8221;1\/5&#8243;][vc_single_image image=&#8221;22119&#8243;][\/vc_column_inner][vc_column_inner width=&#8221;1\/5&#8243;][vc_single_image image=&#8221;23573&#8243;][\/vc_column_inner][vc_column_inner width=&#8221;1\/5&#8243;][vc_single_image image=&#8221;22121&#8243;][\/vc_column_inner][vc_column_inner width=&#8221;1\/5&#8243;][\/vc_column_inner][\/vc_row_inner][\/vc_column][\/vc_row][vc_row][vc_column][vc_row_inner][vc_column_inner][vc_column_text]Palaset XS-size box is a stylish, high quality and timeless box designed by Ristomatti Ratia. Use it for storing small item at home and in the office. Lid available as accessory: colors clear, white or black. Made from food approved, BPA-free material. Can be disposed of in energy waste.[\/vc_column_text][\/vc_column_inner][\/vc_row_inner][\/vc_column][\/vc_row][vc_row lg_spacing=&#8221;margin_top:60;margin_bottom:60&#8243;][vc_column][tm_heading custom_google_font=&#8221;&#8221; align=&#8221;center&#8221; text=&#8221;Our Box XS-selection&#8221;][tm_product gutter=&#8221;30&#8243; el_class=&#8221;remove_price&#8221; number=&#8221;99&#8243; columns=&#8221;xs:2;sm:2;lg:5&#8243; taxonomies=&#8221;product_tag:boksi-xs&#8221;][\/vc_column][\/vc_row]\" \/>\n<meta property=\"og:url\" content=\"https:\/\/palaset.com\/en\/products-category\/home-and-office-storage\/boxes\/box-xs\/\" \/>\n<meta property=\"og:site_name\" content=\"Palaset\" \/>\n<meta property=\"article:publisher\" content=\"https:\/\/www.facebook.com\/Palasetfinland\" \/>\n<meta property=\"article:modified_time\" content=\"2023-02-23T00:49:44+00:00\" \/>\n<meta name=\"twitter:card\" content=\"summary_large_image\" \/>\n<meta name=\"twitter:label1\" content=\"Est. reading time\" \/>\n\t<meta name=\"twitter:data1\" content=\"2 minutes\" \/>\n<script type=\"application\/ld+json\" class=\"yoast-schema-graph\">{\"@context\":\"https:\\\/\\\/schema.org\",\"@graph\":[{\"@type\":\"WebPage\",\"@id\":\"https:\\\/\\\/palaset.com\\\/en\\\/products-category\\\/home-and-office-storage\\\/boxes\\\/box-xs\\\/\",\"url\":\"https:\\\/\\\/palaset.com\\\/en\\\/products-category\\\/home-and-office-storage\\\/boxes\\\/box-xs\\\/\",\"name\":\"Box XS - Palaset\",\"isPartOf\":{\"@id\":\"https:\\\/\\\/palaset.com\\\/en\\\/#website\"},\"datePublished\":\"2023-02-23T00:48:16+00:00\",\"dateModified\":\"2023-02-23T00:49:44+00:00\",\"breadcrumb\":{\"@id\":\"https:\\\/\\\/palaset.com\\\/en\\\/products-category\\\/home-and-office-storage\\\/boxes\\\/box-xs\\\/#breadcrumb\"},\"inLanguage\":\"en-US\",\"potentialAction\":[{\"@type\":\"ReadAction\",\"target\":[\"https:\\\/\\\/palaset.com\\\/en\\\/products-category\\\/home-and-office-storage\\\/boxes\\\/box-xs\\\/\"]}]},{\"@type\":\"BreadcrumbList\",\"@id\":\"https:\\\/\\\/palaset.com\\\/en\\\/products-category\\\/home-and-office-storage\\\/boxes\\\/box-xs\\\/#breadcrumb\",\"itemListElement\":[{\"@type\":\"ListItem\",\"position\":1,\"name\":\"Etusivu\",\"item\":\"https:\\\/\\\/palaset.com\\\/en\\\/\"},{\"@type\":\"ListItem\",\"position\":2,\"name\":\"Products Category\",\"item\":\"https:\\\/\\\/palaset.com\\\/en\\\/products-category\\\/\"},{\"@type\":\"ListItem\",\"position\":3,\"name\":\"Home and Office Storage\",\"item\":\"https:\\\/\\\/palaset.com\\\/en\\\/products-category\\\/home-and-office-storage\\\/\"},{\"@type\":\"ListItem\",\"position\":4,\"name\":\"Boxes\",\"item\":\"https:\\\/\\\/palaset.com\\\/en\\\/products-category\\\/home-and-office-storage\\\/boxes\\\/\"},{\"@type\":\"ListItem\",\"position\":5,\"name\":\"Box XS\"}]},{\"@type\":\"WebSite\",\"@id\":\"https:\\\/\\\/palaset.com\\\/en\\\/#website\",\"url\":\"https:\\\/\\\/palaset.com\\\/en\\\/\",\"name\":\"Palaset\",\"description\":\"S\u00e4\u00e4st\u00f6lippaat, toimistotarvikkeet, henkarit - Plastep Oy\",\"publisher\":{\"@id\":\"https:\\\/\\\/palaset.com\\\/en\\\/#organization\"},\"potentialAction\":[{\"@type\":\"SearchAction\",\"target\":{\"@type\":\"EntryPoint\",\"urlTemplate\":\"https:\\\/\\\/palaset.com\\\/en\\\/?s={search_term_string}\"},\"query-input\":{\"@type\":\"PropertyValueSpecification\",\"valueRequired\":true,\"valueName\":\"search_term_string\"}}],\"inLanguage\":\"en-US\"},{\"@type\":\"Organization\",\"@id\":\"https:\\\/\\\/palaset.com\\\/en\\\/#organization\",\"name\":\"Plastep Oy\",\"url\":\"https:\\\/\\\/palaset.com\\\/en\\\/\",\"logo\":{\"@type\":\"ImageObject\",\"inLanguage\":\"en-US\",\"@id\":\"https:\\\/\\\/palaset.com\\\/en\\\/#\\\/schema\\\/logo\\\/image\\\/\",\"url\":\"https:\\\/\\\/palaset.com\\\/wp-content\\\/uploads\\\/2020\\\/04\\\/Palaset_black_skaalautuva.png\",\"contentUrl\":\"https:\\\/\\\/palaset.com\\\/wp-content\\\/uploads\\\/2020\\\/04\\\/Palaset_black_skaalautuva.png\",\"width\":905,\"height\":290,\"caption\":\"Plastep Oy\"},\"image\":{\"@id\":\"https:\\\/\\\/palaset.com\\\/en\\\/#\\\/schema\\\/logo\\\/image\\\/\"},\"sameAs\":[\"https:\\\/\\\/www.facebook.com\\\/Palasetfinland\",\"https:\\\/\\\/www.instagram.com\\\/palasetfinland\\\/\",\"https:\\\/\\\/www.linkedin.com\\\/company\\\/5756814\",\"https:\\\/\\\/fi.pinterest.com\\\/sarihokkanen0121\\\/_created\\\/\"]}]}<\/script>\n<!-- \/ Yoast SEO plugin. -->","yoast_head_json":{"title":"Box XS - Palaset","robots":{"index":"index","follow":"follow","max-snippet":"max-snippet:-1","max-image-preview":"max-image-preview:large","max-video-preview":"max-video-preview:-1"},"canonical":"https:\/\/palaset.com\/en\/products-category\/home-and-office-storage\/boxes\/box-xs\/","og_locale":"en_US","og_type":"article","og_title":"Box XS - Palaset","og_description":"[vc_row lg_spacing=&#8221;margin_top:0;margin_bottom:58&#8243; md_spacing=&#8221;margin_top:60;margin_bottom:60&#8243;][vc_column width=&#8221;1\/2&#8243;][vc_single_image image=&#8221;24387&#8243; img_size=&#8221;large&#8221; onclick=&#8221;zoom&#8221;][vc_images_carousel images=&#8221;24387,24379,24374,21904,21083,21251,21091&#8243; img_size=&#8221;500&#215;400&#8243; slides_per_view=&#8221;4&#8243; hide_pagination_control=&#8221;yes&#8221; wrap=&#8221;yes&#8221;][\/vc_column][vc_column width=&#8221;1\/2&#8243;][tm_heading tag=&#8221;h1&#8243; custom_google_font=&#8221;&#8221; el_class=&#8221;lowercase&#8221; text=&#8221;Box XS&#8221; css=&#8221;.vc_custom_1677113279048{margin-top: 10px !important;margin-bottom: 10px !important;}&#8221;][vc_column_text]Palaset XS-size box is a stylish, high quality and timeless box designed by Ristomatti Ratia. Use it for storing small item at home and in the office. Lid available as accessory: colors clear, white or black. Made from food approved, BPA-free material. Made in Finland.[\/vc_column_text][vc_row_inner lg_spacing=&#8221;margin_top:20;margin_bottom:20&#8243; el_class=&#8221;infopics&#8221;][vc_column_inner width=&#8221;1\/5&#8243;][vc_single_image image=&#8221;23575&#8243;][\/vc_column_inner][vc_column_inner width=&#8221;1\/5&#8243;][vc_single_image image=&#8221;22119&#8243;][\/vc_column_inner][vc_column_inner width=&#8221;1\/5&#8243;][vc_single_image image=&#8221;23573&#8243;][\/vc_column_inner][vc_column_inner width=&#8221;1\/5&#8243;][vc_single_image image=&#8221;22121&#8243;][\/vc_column_inner][vc_column_inner width=&#8221;1\/5&#8243;][\/vc_column_inner][\/vc_row_inner][\/vc_column][\/vc_row][vc_row][vc_column][vc_row_inner][vc_column_inner][vc_column_text]Palaset XS-size box is a stylish, high quality and timeless box designed by Ristomatti Ratia. Use it for storing small item at home and in the office. Lid available as accessory: colors clear, white or black. Made from food approved, BPA-free material. Can be disposed of in energy waste.[\/vc_column_text][\/vc_column_inner][\/vc_row_inner][\/vc_column][\/vc_row][vc_row lg_spacing=&#8221;margin_top:60;margin_bottom:60&#8243;][vc_column][tm_heading custom_google_font=&#8221;&#8221; align=&#8221;center&#8221; text=&#8221;Our Box XS-selection&#8221;][tm_product gutter=&#8221;30&#8243; el_class=&#8221;remove_price&#8221; number=&#8221;99&#8243; columns=&#8221;xs:2;sm:2;lg:5&#8243; taxonomies=&#8221;product_tag:boksi-xs&#8221;][\/vc_column][\/vc_row]","og_url":"https:\/\/palaset.com\/en\/products-category\/home-and-office-storage\/boxes\/box-xs\/","og_site_name":"Palaset","article_publisher":"https:\/\/www.facebook.com\/Palasetfinland","article_modified_time":"2023-02-23T00:49:44+00:00","twitter_card":"summary_large_image","twitter_misc":{"Est. reading time":"2 minutes"},"schema":{"@context":"https:\/\/schema.org","@graph":[{"@type":"WebPage","@id":"https:\/\/palaset.com\/en\/products-category\/home-and-office-storage\/boxes\/box-xs\/","url":"https:\/\/palaset.com\/en\/products-category\/home-and-office-storage\/boxes\/box-xs\/","name":"Box XS - Palaset","isPartOf":{"@id":"https:\/\/palaset.com\/en\/#website"},"datePublished":"2023-02-23T00:48:16+00:00","dateModified":"2023-02-23T00:49:44+00:00","breadcrumb":{"@id":"https:\/\/palaset.com\/en\/products-category\/home-and-office-storage\/boxes\/box-xs\/#breadcrumb"},"inLanguage":"en-US","potentialAction":[{"@type":"ReadAction","target":["https:\/\/palaset.com\/en\/products-category\/home-and-office-storage\/boxes\/box-xs\/"]}]},{"@type":"BreadcrumbList","@id":"https:\/\/palaset.com\/en\/products-category\/home-and-office-storage\/boxes\/box-xs\/#breadcrumb","itemListElement":[{"@type":"ListItem","position":1,"name":"Etusivu","item":"https:\/\/palaset.com\/en\/"},{"@type":"ListItem","position":2,"name":"Products Category","item":"https:\/\/palaset.com\/en\/products-category\/"},{"@type":"ListItem","position":3,"name":"Home and Office Storage","item":"https:\/\/palaset.com\/en\/products-category\/home-and-office-storage\/"},{"@type":"ListItem","position":4,"name":"Boxes","item":"https:\/\/palaset.com\/en\/products-category\/home-and-office-storage\/boxes\/"},{"@type":"ListItem","position":5,"name":"Box XS"}]},{"@type":"WebSite","@id":"https:\/\/palaset.com\/en\/#website","url":"https:\/\/palaset.com\/en\/","name":"Palaset","description":"S\u00e4\u00e4st\u00f6lippaat, toimistotarvikkeet, henkarit - Plastep Oy","publisher":{"@id":"https:\/\/palaset.com\/en\/#organization"},"potentialAction":[{"@type":"SearchAction","target":{"@type":"EntryPoint","urlTemplate":"https:\/\/palaset.com\/en\/?s={search_term_string}"},"query-input":{"@type":"PropertyValueSpecification","valueRequired":true,"valueName":"search_term_string"}}],"inLanguage":"en-US"},{"@type":"Organization","@id":"https:\/\/palaset.com\/en\/#organization","name":"Plastep Oy","url":"https:\/\/palaset.com\/en\/","logo":{"@type":"ImageObject","inLanguage":"en-US","@id":"https:\/\/palaset.com\/en\/#\/schema\/logo\/image\/","url":"https:\/\/palaset.com\/wp-content\/uploads\/2020\/04\/Palaset_black_skaalautuva.png","contentUrl":"https:\/\/palaset.com\/wp-content\/uploads\/2020\/04\/Palaset_black_skaalautuva.png","width":905,"height":290,"caption":"Plastep Oy"},"image":{"@id":"https:\/\/palaset.com\/en\/#\/schema\/logo\/image\/"},"sameAs":["https:\/\/www.facebook.com\/Palasetfinland","https:\/\/www.instagram.com\/palasetfinland\/","https:\/\/www.linkedin.com\/company\/5756814","https:\/\/fi.pinterest.com\/sarihokkanen0121\/_created\/"]}]}},"_links":{"self":[{"href":"https:\/\/palaset.com\/en\/wp-json\/wp\/v2\/pages\/26908","targetHints":{"allow":["GET"]}}],"collection":[{"href":"https:\/\/palaset.com\/en\/wp-json\/wp\/v2\/pages"}],"about":[{"href":"https:\/\/palaset.com\/en\/wp-json\/wp\/v2\/types\/page"}],"author":[{"embeddable":true,"href":"https:\/\/palaset.com\/en\/wp-json\/wp\/v2\/users\/1"}],"replies":[{"embeddable":true,"href":"https:\/\/palaset.com\/en\/wp-json\/wp\/v2\/comments?post=26908"}],"version-history":[{"count":0,"href":"https:\/\/palaset.com\/en\/wp-json\/wp\/v2\/pages\/26908\/revisions"}],"up":[{"embeddable":true,"href":"https:\/\/palaset.com\/en\/wp-json\/wp\/v2\/pages\/26767"}],"wp:attachment":[{"href":"https:\/\/palaset.com\/en\/wp-json\/wp\/v2\/media?parent=26908"}],"curies":[{"name":"wp","href":"https:\/\/api.w.org\/{rel}","templated":true}]}}