{"id":32940,"date":"2025-05-09T13:26:23","date_gmt":"2025-05-09T10:26:23","guid":{"rendered":"https:\/\/palaset.com\/palaset-mixmatch-campaign\/"},"modified":"2025-05-13T11:40:40","modified_gmt":"2025-05-13T08:40:40","slug":"palaset-mixmatch-campaign","status":"publish","type":"page","link":"https:\/\/palaset.com\/en\/palaset-mixmatch-campaign\/","title":{"rendered":"Palaset Mix&amp;Match -campaign"},"content":{"rendered":"\n<div class=\"wp-block-group alignfull has-white-background-color has-background\"><div class=\"wp-block-group__inner-container is-layout-constrained wp-block-group-is-layout-constrained\">\n<div class=\"wp-block-group alignwide\"><div class=\"wp-block-group__inner-container is-layout-constrained wp-block-group-is-layout-constrained\">\n<div class=\"wp-block-columns alignwide is-not-stacked-on-mobile is-layout-flex wp-container-core-columns-is-layout-919ea479 wp-block-columns-is-layout-flex\" style=\"margin-top:0;margin-bottom:0;padding-top:0;padding-right:0;padding-bottom:0;padding-left:0\">\n<div class=\"wp-block-column is-layout-flow wp-block-column-is-layout-flow\"><\/div>\n<\/div>\n<\/div><\/div>\n<\/div><\/div>\n\n\n\n<h2 class=\"wp-block-heading\">PALASET MIX &amp; MATCH<\/h2>\n\n\n\n<hr class=\"wp-block-separator has-alpha-channel-opacity\"\/>\n\n\n\n<div class=\"wp-block-columns is-layout-flex wp-container-core-columns-is-layout-9d6595d7 wp-block-columns-is-layout-flex\">\n<div class=\"wp-block-column is-vertically-aligned-center is-layout-flow wp-block-column-is-layout-flow\" style=\"flex-basis:66.66%\">\n<p>\ud83d\udda4 <strong>Get -20% off when you buy at least 3 products from the Palaset Home &amp; Office collection.<\/strong><br><em>The discount is applied automatically at checkout when the offer conditions are met.<\/em><\/p>\n\n\n\n<p><strong>Looking to create a workspace that looks great and works in everyday life?<\/strong><br><strong>The Palaset Home &amp; Office collection<\/strong> is a Finnish design classic, inspired by Ristomatti Ratia\u2019s iconic cubes from the 1970s.<\/p>\n\n\n\n<p>With clean structure, modular sizing, and timeless style, this collection is perfect for organizing your desk, shelves, or workspace \u2013 at home or in the office.<\/p>\n\n\n\n<p>All products are made in Finland from a single piece of plastic, with no glue or assembly required. <\/p>\n\n\n\n<p>In addition, they are <strong>BPA-free<\/strong>, <strong>dishwasher safe<\/strong>, and <strong>100% recyclable<\/strong> \u2013 designed to last through daily use and time. Durable, stackable, and easy to combine <\/p>\n\n\n\n<p>Choose your favorites from <strong>boxes, sorters, letter trays, magazine files, and more<\/strong> \u2013 and find the perfect pieces for your workspace.<\/p>\n<\/div>\n\n\n\n<div class=\"wp-block-column is-layout-flow wp-block-column-is-layout-flow\" style=\"flex-basis:33.33%\"><div class=\"wp-block-image\">\n<figure class=\"alignright\"><a href=\"https:\/\/palaset.com\/en\/category\/storage\/\"><img decoding=\"async\" width=\"630\" height=\"800\" src=\"https:\/\/palaset.com\/wp-content\/uploads\/2025\/05\/Office_MixMatch-2.png\" alt=\"\" class=\"wp-image-32924\" srcset=\"https:\/\/palaset.com\/wp-content\/uploads\/2025\/05\/Office_MixMatch-2.png 630w, https:\/\/palaset.com\/wp-content\/uploads\/2025\/05\/Office_MixMatch-2-315x400.png 315w, https:\/\/palaset.com\/wp-content\/uploads\/2025\/05\/Office_MixMatch-2-600x762.png 600w\" sizes=\"(max-width: 630px) 100vw, 630px\" \/><\/a><\/figure>\n<\/div><\/div>\n<\/div>\n\n\n\n<hr class=\"wp-block-separator has-alpha-channel-opacity\"\/>\n\n\n\n<div class=\"wp-block-buttons is-content-justification-center is-layout-flex wp-container-core-buttons-is-layout-16018d1d wp-block-buttons-is-layout-flex\">\n<div class=\"wp-block-button is-style-fill\"><a class=\"wp-block-button__link wp-element-button\" href=\"https:\/\/palaset.com\/en\/category\/storage\/\">Products<\/a><\/div>\n<\/div>\n\n\n\n<p><\/p>\n","protected":false},"excerpt":{"rendered":"PALASET MIX &amp; MATCH \ud83d\udda4 Get -20% off when you buy at least 3 products from the Palaset Home &amp; Office collection.The discount is applied automatically at checkout when the offer conditions are met. Looking to create a workspace that looks great and works in everyday life?The Palaset Home &amp; Office collection is a Finnish design classic, inspired by Ristomatti Ratia\u2019s iconic cubes from the 1970s. With clean structure, modular sizing, and timeless style, this collection is perfect for organizing your desk, shelves, or workspace \u2013 at home or in the office. All products are made in Finland from a single piece of plastic, with no glue or assembly required. In addition, they are BPA-free, dishwasher safe, and 100% recyclable \u2013 designed to last through daily use and time. Durable, stackable, and easy to combine Choose your favorites from boxes, sorters, letter trays, magazine files, and more \u2013 and find the perfect pieces for your workspace.","protected":false},"author":376,"featured_media":0,"parent":0,"menu_order":0,"comment_status":"closed","ping_status":"closed","template":"","meta":{"_acf_changed":false,"footnotes":""},"class_list":["post-32940","page","type-page","status-publish","hentry"],"acf":[],"yoast_head":"<!-- This site is optimized with the Yoast SEO plugin v27.5 - https:\/\/yoast.com\/product\/yoast-seo-wordpress\/ -->\n<title>Palaset Mix&amp;Match -campaign -<\/title>\n<meta name=\"description\" content=\"Get 20% off your total when you buy at least 3 products from the Palaset Office collection.\" \/>\n<meta name=\"robots\" content=\"index, follow, max-snippet:-1, max-image-preview:large, max-video-preview:-1\" \/>\n<link rel=\"canonical\" href=\"https:\/\/palaset.com\/en\/palaset-mixmatch-campaign\/\" \/>\n<meta property=\"og:locale\" content=\"en_US\" \/>\n<meta property=\"og:type\" content=\"article\" \/>\n<meta property=\"og:title\" content=\"Palaset Mix&amp;Match -campaign -\" \/>\n<meta property=\"og:description\" content=\"Get 20% off your total when you buy at least 3 products from the Palaset Office collection.\" \/>\n<meta property=\"og:url\" content=\"https:\/\/palaset.com\/en\/palaset-mixmatch-campaign\/\" \/>\n<meta property=\"og:site_name\" content=\"Palaset\" \/>\n<meta property=\"article:publisher\" content=\"https:\/\/www.facebook.com\/Palasetfinland\" \/>\n<meta property=\"article:modified_time\" content=\"2025-05-13T08:40:40+00:00\" \/>\n<meta property=\"og:image\" content=\"https:\/\/palaset.com\/wp-content\/uploads\/2025\/05\/Office_MixMatch-2.png\" \/>\n\t<meta property=\"og:image:width\" content=\"630\" \/>\n\t<meta property=\"og:image:height\" content=\"800\" \/>\n\t<meta property=\"og:image:type\" content=\"image\/png\" \/>\n<meta name=\"twitter:card\" content=\"summary_large_image\" \/>\n<meta name=\"twitter:label1\" content=\"Est. reading time\" \/>\n\t<meta name=\"twitter:data1\" content=\"1 minute\" \/>\n<script type=\"application\/ld+json\" class=\"yoast-schema-graph\">{\"@context\":\"https:\\\/\\\/schema.org\",\"@graph\":[{\"@type\":\"WebPage\",\"@id\":\"https:\\\/\\\/palaset.com\\\/en\\\/palaset-mixmatch-campaign\\\/\",\"url\":\"https:\\\/\\\/palaset.com\\\/en\\\/palaset-mixmatch-campaign\\\/\",\"name\":\"Palaset Mix&amp;Match -campaign -\",\"isPartOf\":{\"@id\":\"https:\\\/\\\/palaset.com\\\/en\\\/#website\"},\"primaryImageOfPage\":{\"@id\":\"https:\\\/\\\/palaset.com\\\/en\\\/palaset-mixmatch-campaign\\\/#primaryimage\"},\"image\":{\"@id\":\"https:\\\/\\\/palaset.com\\\/en\\\/palaset-mixmatch-campaign\\\/#primaryimage\"},\"thumbnailUrl\":\"https:\\\/\\\/palaset.com\\\/wp-content\\\/uploads\\\/2025\\\/05\\\/Office_MixMatch-2.png\",\"datePublished\":\"2025-05-09T10:26:23+00:00\",\"dateModified\":\"2025-05-13T08:40:40+00:00\",\"description\":\"Get 20% off your total when you buy at least 3 products from the Palaset Office collection.\",\"breadcrumb\":{\"@id\":\"https:\\\/\\\/palaset.com\\\/en\\\/palaset-mixmatch-campaign\\\/#breadcrumb\"},\"inLanguage\":\"en-US\",\"potentialAction\":[{\"@type\":\"ReadAction\",\"target\":[\"https:\\\/\\\/palaset.com\\\/en\\\/palaset-mixmatch-campaign\\\/\"]}]},{\"@type\":\"ImageObject\",\"inLanguage\":\"en-US\",\"@id\":\"https:\\\/\\\/palaset.com\\\/en\\\/palaset-mixmatch-campaign\\\/#primaryimage\",\"url\":\"https:\\\/\\\/palaset.com\\\/wp-content\\\/uploads\\\/2025\\\/05\\\/Office_MixMatch-2.png\",\"contentUrl\":\"https:\\\/\\\/palaset.com\\\/wp-content\\\/uploads\\\/2025\\\/05\\\/Office_MixMatch-2.png\"},{\"@type\":\"BreadcrumbList\",\"@id\":\"https:\\\/\\\/palaset.com\\\/en\\\/palaset-mixmatch-campaign\\\/#breadcrumb\",\"itemListElement\":[{\"@type\":\"ListItem\",\"position\":1,\"name\":\"Etusivu\",\"item\":\"https:\\\/\\\/palaset.com\\\/en\\\/\"},{\"@type\":\"ListItem\",\"position\":2,\"name\":\"Palaset Mix&amp;Match -campaign\"}]},{\"@type\":\"WebSite\",\"@id\":\"https:\\\/\\\/palaset.com\\\/en\\\/#website\",\"url\":\"https:\\\/\\\/palaset.com\\\/en\\\/\",\"name\":\"Palaset\",\"description\":\"S\u00e4\u00e4st\u00f6lippaat, toimistotarvikkeet, henkarit - Plastep Oy\",\"publisher\":{\"@id\":\"https:\\\/\\\/palaset.com\\\/en\\\/#organization\"},\"potentialAction\":[{\"@type\":\"SearchAction\",\"target\":{\"@type\":\"EntryPoint\",\"urlTemplate\":\"https:\\\/\\\/palaset.com\\\/en\\\/?s={search_term_string}\"},\"query-input\":{\"@type\":\"PropertyValueSpecification\",\"valueRequired\":true,\"valueName\":\"search_term_string\"}}],\"inLanguage\":\"en-US\"},{\"@type\":\"Organization\",\"@id\":\"https:\\\/\\\/palaset.com\\\/en\\\/#organization\",\"name\":\"Plastep Oy\",\"url\":\"https:\\\/\\\/palaset.com\\\/en\\\/\",\"logo\":{\"@type\":\"ImageObject\",\"inLanguage\":\"en-US\",\"@id\":\"https:\\\/\\\/palaset.com\\\/en\\\/#\\\/schema\\\/logo\\\/image\\\/\",\"url\":\"https:\\\/\\\/palaset.com\\\/wp-content\\\/uploads\\\/2020\\\/04\\\/Palaset_black_skaalautuva.png\",\"contentUrl\":\"https:\\\/\\\/palaset.com\\\/wp-content\\\/uploads\\\/2020\\\/04\\\/Palaset_black_skaalautuva.png\",\"width\":905,\"height\":290,\"caption\":\"Plastep Oy\"},\"image\":{\"@id\":\"https:\\\/\\\/palaset.com\\\/en\\\/#\\\/schema\\\/logo\\\/image\\\/\"},\"sameAs\":[\"https:\\\/\\\/www.facebook.com\\\/Palasetfinland\",\"https:\\\/\\\/www.instagram.com\\\/palasetfinland\\\/\",\"https:\\\/\\\/www.linkedin.com\\\/company\\\/5756814\",\"https:\\\/\\\/fi.pinterest.com\\\/sarihokkanen0121\\\/_created\\\/\"]}]}<\/script>\n<!-- \/ Yoast SEO plugin. -->","yoast_head_json":{"title":"Palaset Mix&amp;Match -campaign -","description":"Get 20% off your total when you buy at least 3 products from the Palaset Office collection.","robots":{"index":"index","follow":"follow","max-snippet":"max-snippet:-1","max-image-preview":"max-image-preview:large","max-video-preview":"max-video-preview:-1"},"canonical":"https:\/\/palaset.com\/en\/palaset-mixmatch-campaign\/","og_locale":"en_US","og_type":"article","og_title":"Palaset Mix&amp;Match -campaign -","og_description":"Get 20% off your total when you buy at least 3 products from the Palaset Office collection.","og_url":"https:\/\/palaset.com\/en\/palaset-mixmatch-campaign\/","og_site_name":"Palaset","article_publisher":"https:\/\/www.facebook.com\/Palasetfinland","article_modified_time":"2025-05-13T08:40:40+00:00","og_image":[{"width":630,"height":800,"url":"https:\/\/palaset.com\/wp-content\/uploads\/2025\/05\/Office_MixMatch-2.png","type":"image\/png"}],"twitter_card":"summary_large_image","twitter_misc":{"Est. reading time":"1 minute"},"schema":{"@context":"https:\/\/schema.org","@graph":[{"@type":"WebPage","@id":"https:\/\/palaset.com\/en\/palaset-mixmatch-campaign\/","url":"https:\/\/palaset.com\/en\/palaset-mixmatch-campaign\/","name":"Palaset Mix&amp;Match -campaign -","isPartOf":{"@id":"https:\/\/palaset.com\/en\/#website"},"primaryImageOfPage":{"@id":"https:\/\/palaset.com\/en\/palaset-mixmatch-campaign\/#primaryimage"},"image":{"@id":"https:\/\/palaset.com\/en\/palaset-mixmatch-campaign\/#primaryimage"},"thumbnailUrl":"https:\/\/palaset.com\/wp-content\/uploads\/2025\/05\/Office_MixMatch-2.png","datePublished":"2025-05-09T10:26:23+00:00","dateModified":"2025-05-13T08:40:40+00:00","description":"Get 20% off your total when you buy at least 3 products from the Palaset Office collection.","breadcrumb":{"@id":"https:\/\/palaset.com\/en\/palaset-mixmatch-campaign\/#breadcrumb"},"inLanguage":"en-US","potentialAction":[{"@type":"ReadAction","target":["https:\/\/palaset.com\/en\/palaset-mixmatch-campaign\/"]}]},{"@type":"ImageObject","inLanguage":"en-US","@id":"https:\/\/palaset.com\/en\/palaset-mixmatch-campaign\/#primaryimage","url":"https:\/\/palaset.com\/wp-content\/uploads\/2025\/05\/Office_MixMatch-2.png","contentUrl":"https:\/\/palaset.com\/wp-content\/uploads\/2025\/05\/Office_MixMatch-2.png"},{"@type":"BreadcrumbList","@id":"https:\/\/palaset.com\/en\/palaset-mixmatch-campaign\/#breadcrumb","itemListElement":[{"@type":"ListItem","position":1,"name":"Etusivu","item":"https:\/\/palaset.com\/en\/"},{"@type":"ListItem","position":2,"name":"Palaset Mix&amp;Match -campaign"}]},{"@type":"WebSite","@id":"https:\/\/palaset.com\/en\/#website","url":"https:\/\/palaset.com\/en\/","name":"Palaset","description":"S\u00e4\u00e4st\u00f6lippaat, toimistotarvikkeet, henkarit - Plastep Oy","publisher":{"@id":"https:\/\/palaset.com\/en\/#organization"},"potentialAction":[{"@type":"SearchAction","target":{"@type":"EntryPoint","urlTemplate":"https:\/\/palaset.com\/en\/?s={search_term_string}"},"query-input":{"@type":"PropertyValueSpecification","valueRequired":true,"valueName":"search_term_string"}}],"inLanguage":"en-US"},{"@type":"Organization","@id":"https:\/\/palaset.com\/en\/#organization","name":"Plastep Oy","url":"https:\/\/palaset.com\/en\/","logo":{"@type":"ImageObject","inLanguage":"en-US","@id":"https:\/\/palaset.com\/en\/#\/schema\/logo\/image\/","url":"https:\/\/palaset.com\/wp-content\/uploads\/2020\/04\/Palaset_black_skaalautuva.png","contentUrl":"https:\/\/palaset.com\/wp-content\/uploads\/2020\/04\/Palaset_black_skaalautuva.png","width":905,"height":290,"caption":"Plastep Oy"},"image":{"@id":"https:\/\/palaset.com\/en\/#\/schema\/logo\/image\/"},"sameAs":["https:\/\/www.facebook.com\/Palasetfinland","https:\/\/www.instagram.com\/palasetfinland\/","https:\/\/www.linkedin.com\/company\/5756814","https:\/\/fi.pinterest.com\/sarihokkanen0121\/_created\/"]}]}},"_links":{"self":[{"href":"https:\/\/palaset.com\/en\/wp-json\/wp\/v2\/pages\/32940","targetHints":{"allow":["GET"]}}],"collection":[{"href":"https:\/\/palaset.com\/en\/wp-json\/wp\/v2\/pages"}],"about":[{"href":"https:\/\/palaset.com\/en\/wp-json\/wp\/v2\/types\/page"}],"author":[{"embeddable":true,"href":"https:\/\/palaset.com\/en\/wp-json\/wp\/v2\/users\/376"}],"replies":[{"embeddable":true,"href":"https:\/\/palaset.com\/en\/wp-json\/wp\/v2\/comments?post=32940"}],"version-history":[{"count":5,"href":"https:\/\/palaset.com\/en\/wp-json\/wp\/v2\/pages\/32940\/revisions"}],"predecessor-version":[{"id":32977,"href":"https:\/\/palaset.com\/en\/wp-json\/wp\/v2\/pages\/32940\/revisions\/32977"}],"wp:attachment":[{"href":"https:\/\/palaset.com\/en\/wp-json\/wp\/v2\/media?parent=32940"}],"curies":[{"name":"wp","href":"https:\/\/api.w.org\/{rel}","templated":true}]}}