{"id":36952,"date":"2026-01-06T17:36:38","date_gmt":"2026-01-06T15:36:38","guid":{"rendered":"https:\/\/palaset.com\/ystavanpaiva-2026\/"},"modified":"2026-01-27T19:26:05","modified_gmt":"2026-01-27T17:26:05","slug":"valentine26","status":"publish","type":"page","link":"https:\/\/palaset.com\/en\/valentine26\/","title":{"rendered":"Valentines day 2026"},"content":{"rendered":"<div class=\"wpb-content-wrapper\"><p>[vc_row][vc_column][vc_single_image image=&#8221;36969&#8243; img_size=&#8221;full&#8221; alignment=&#8221;center&#8221; css=&#8221;&#8221; full_width=&#8221;true&#8221;][\/vc_column][\/vc_row][vc_row][vc_column][vc_custom_heading text=&#8221;Valentines day campaign:&#8221; font_container=&#8221;tag:h2|text_align:center|color:%23FF6C76&#8243; use_theme_fonts=&#8221;yes&#8221; css_animation=&#8221;fadeIn&#8221; css=&#8221;.vc_custom_1769534761499{margin-top: 35px !important;margin-bottom: 10px !important;}&#8221;][tm_countdown skin=&#8221;custom&#8221; number_color=&#8221;custom&#8221; custom_text_color=&#8221;#FF6C76&#8243; datetime=&#8221;2026\/02\/15 00:00&#8243; lg_spacing=&#8221;margin_bottom:35&#8243; md_spacing=&#8221;margin_bottom:25&#8243; sm_spacing=&#8221;margin_bottom:25&#8243; xs_spacing=&#8221;margin_bottom:20&#8243; custom_number_color=&#8221;#FF6C76&#8243;][\/vc_column][\/vc_row][vc_row][vc_column][vc_single_image image=&#8221;36955&#8243; img_size=&#8221;full&#8221; alignment=&#8221;center&#8221; css=&#8221;&#8221; full_width=&#8221;true&#8221;][\/vc_column][\/vc_row][vc_row][vc_column]<div class=\"woocommerce columns-4 \"><div class=\"products row\">\n<div class=\"col-lg-4 col-sm-6 product type-product post-19550 status-publish first instock product_cat-baskets product_cat-classic-hangers product_cat-hangers product_cat-storage product_cat-maxi-elephant product_cat-medi-elephant product_cat-spare-key product_cat-moneyboxes product_cat-premium-hangers product_cat-sale product_cat-semi-elephant has-post-thumbnail purchasable product-type-pw-gift-card\">\n\t<div class=\"product-thumbnail\">\n\t\t<a href=\"https:\/\/palaset.com\/en\/product\/gift-card\/\" class=\"woocommerce-LoopProduct-link woocommerce-loop-product__link\">\t\t<img decoding=\"async\" width=\"400\" height=\"267\" src=\"https:\/\/palaset.com\/wp-content\/uploads\/2017\/03\/LAHJAKORTTI-GIFT-CARD-400x267.jpg\" class=\"attachment-woocommerce_thumbnail size-woocommerce_thumbnail\" alt=\"Gift card\" \/>\t\t<\/a>\t\t<div class=\"actions\">\n\t\t\t<div class=\"action action-view-detail\">\n\t\t\t\t<a href=\"https:\/\/palaset.com\/en\/product\/gift-card\/\" class=\"woocommerce-LoopProduct-link woocommerce-loop-product__link\">\t\t\t\t<i class=\"icon-magnifier-1\"><\/i>\n\t\t\t\t<\/a>\t\t\t<\/div>\n\t\t\t<div class=\"action action-add-to-cart\">\n\t\t\t\t<a href=\"https:\/\/palaset.com\/en\/product\/gift-card\/\" aria-describedby=\"woocommerce_loop_add_to_cart_link_describedby_19550\" data-quantity=\"1\" class=\"button product_type_pw-gift-card add_to_cart_button\" data-product_id=\"19550\" data-product_sku=\"giftcard\" aria-label=\"Select options for &ldquo;Gift card&rdquo;\" rel=\"nofollow\">Select amount<\/a>\t<span id=\"woocommerce_loop_add_to_cart_link_describedby_19550\" class=\"screen-reader-text\">\n\t\tThis product has multiple variants. The options may be chosen on the product page\t<\/span>\n\t\t\t<\/div>\n\t\t<\/div>\n\t<\/div>\n\t<div class=\"product-info\">\n\t\t<a href=\"https:\/\/palaset.com\/en\/product\/gift-card\/\" class=\"woocommerce-LoopProduct-link woocommerce-loop-product__link\"><h2 class=\"woocommerce-loop-product__title\">Gift card<\/h2>\n\t<span class=\"price\"><span class=\"woocommerce-Price-amount amount\" aria-hidden=\"true\"><bdi>5.00&nbsp;<span class=\"woocommerce-Price-currencySymbol\">&euro;<\/span><\/bdi><\/span> <span aria-hidden=\"true\">&ndash;<\/span> <span class=\"woocommerce-Price-amount amount\" aria-hidden=\"true\"><bdi>150.00&nbsp;<span class=\"woocommerce-Price-currencySymbol\">&euro;<\/span><\/bdi><\/span><span class=\"screen-reader-text\">Price range: 5.00&nbsp;&euro; through 150.00&nbsp;&euro;<\/span><\/span>\n<\/a>\t<\/div>\n<\/div>\n<div class=\"col-lg-4 col-sm-6 product type-product post-24904 status-publish instock product_cat-maxi-elephant has-post-thumbnail taxable shipping-taxable purchasable product-type-simple\">\n\t<div class=\"product-thumbnail\">\n\t\t<a href=\"https:\/\/palaset.com\/en\/product\/maxi-elephant-lavender\/\" class=\"woocommerce-LoopProduct-link woocommerce-loop-product__link\">\t\t<img decoding=\"async\" width=\"400\" height=\"267\" src=\"https:\/\/palaset.com\/wp-content\/uploads\/2017\/09\/MAXI-ELEPHANT-LAVENDER-30317-400x267.jpg\" class=\"attachment-woocommerce_thumbnail size-woocommerce_thumbnail\" alt=\"Maxi Elephant lavender\" srcset=\"https:\/\/palaset.com\/wp-content\/uploads\/2017\/09\/MAXI-ELEPHANT-LAVENDER-30317-400x267.jpg 400w, https:\/\/palaset.com\/wp-content\/uploads\/2017\/09\/MAXI-ELEPHANT-LAVENDER-30317-600x400.jpg 600w, https:\/\/palaset.com\/wp-content\/uploads\/2017\/09\/MAXI-ELEPHANT-LAVENDER-30317-1024x682.jpg 1024w, https:\/\/palaset.com\/wp-content\/uploads\/2017\/09\/MAXI-ELEPHANT-LAVENDER-30317-768x512.jpg 768w, https:\/\/palaset.com\/wp-content\/uploads\/2017\/09\/MAXI-ELEPHANT-LAVENDER-30317-1536x1024.jpg 1536w, https:\/\/palaset.com\/wp-content\/uploads\/2017\/09\/MAXI-ELEPHANT-LAVENDER-30317.jpg 2000w\" sizes=\"(max-width: 400px) 100vw, 400px\" \/>\t\t<\/a>\t\t<div class=\"actions\">\n\t\t\t<div class=\"action action-view-detail\">\n\t\t\t\t<a href=\"https:\/\/palaset.com\/en\/product\/maxi-elephant-lavender\/\" class=\"woocommerce-LoopProduct-link woocommerce-loop-product__link\">\t\t\t\t<i class=\"icon-magnifier-1\"><\/i>\n\t\t\t\t<\/a>\t\t\t<\/div>\n\t\t\t<div class=\"action action-add-to-cart\">\n\t\t\t\t<a href=\"\/en\/wp-json\/wp\/v2\/pages\/36952?add-to-cart=24904\" aria-describedby=\"woocommerce_loop_add_to_cart_link_describedby_24904\" data-quantity=\"1\" class=\"button product_type_simple add_to_cart_button ajax_add_to_cart\" data-product_id=\"24904\" data-product_sku=\"170260\" aria-label=\"Add to cart: &ldquo;Maxi Elephant lavender&rdquo;\" rel=\"nofollow\" data-success_message=\"&ldquo;Maxi Elephant lavender&rdquo; has been added to your cart\" role=\"button\">Add to cart<\/a>\t<span id=\"woocommerce_loop_add_to_cart_link_describedby_24904\" class=\"screen-reader-text\">\n\t\t\t<\/span>\n\t\t\t<\/div>\n\t\t<\/div>\n\t<\/div>\n\t<div class=\"product-info\">\n\t\t<a href=\"https:\/\/palaset.com\/en\/product\/maxi-elephant-lavender\/\" class=\"woocommerce-LoopProduct-link woocommerce-loop-product__link\"><h2 class=\"woocommerce-loop-product__title\">Maxi Elephant lavender<\/h2>\n\t<span class=\"price\"><span class=\"woocommerce-Price-amount amount\"><bdi>37.44&nbsp;<span class=\"woocommerce-Price-currencySymbol\">&euro;<\/span><\/bdi><\/span> <small class=\"woocommerce-price-suffix\">includes VAT<\/small><\/span>\n<\/a>\t<\/div>\n<\/div>\n<div class=\"col-lg-4 col-sm-6 product type-product post-24925 status-publish instock product_cat-maxi-elephant has-post-thumbnail taxable shipping-taxable purchasable product-type-simple\">\n\t<div class=\"product-thumbnail\">\n\t\t<a href=\"https:\/\/palaset.com\/en\/product\/maxi-elephant-pastel-pink\/\" class=\"woocommerce-LoopProduct-link woocommerce-loop-product__link\">\t\t<img decoding=\"async\" width=\"400\" height=\"267\" src=\"https:\/\/palaset.com\/wp-content\/uploads\/2017\/09\/MAXI-ELEPHANT-PASTEL-PINK-30318-400x267.jpg\" class=\"attachment-woocommerce_thumbnail size-woocommerce_thumbnail\" alt=\"Maxi Elephant pastel pink\" srcset=\"https:\/\/palaset.com\/wp-content\/uploads\/2017\/09\/MAXI-ELEPHANT-PASTEL-PINK-30318-400x267.jpg 400w, https:\/\/palaset.com\/wp-content\/uploads\/2017\/09\/MAXI-ELEPHANT-PASTEL-PINK-30318-600x400.jpg 600w, https:\/\/palaset.com\/wp-content\/uploads\/2017\/09\/MAXI-ELEPHANT-PASTEL-PINK-30318-1024x682.jpg 1024w, https:\/\/palaset.com\/wp-content\/uploads\/2017\/09\/MAXI-ELEPHANT-PASTEL-PINK-30318-768x512.jpg 768w, https:\/\/palaset.com\/wp-content\/uploads\/2017\/09\/MAXI-ELEPHANT-PASTEL-PINK-30318-1536x1024.jpg 1536w, https:\/\/palaset.com\/wp-content\/uploads\/2017\/09\/MAXI-ELEPHANT-PASTEL-PINK-30318.jpg 2000w\" sizes=\"(max-width: 400px) 100vw, 400px\" \/>\t\t<\/a>\t\t<div class=\"actions\">\n\t\t\t<div class=\"action action-view-detail\">\n\t\t\t\t<a href=\"https:\/\/palaset.com\/en\/product\/maxi-elephant-pastel-pink\/\" class=\"woocommerce-LoopProduct-link woocommerce-loop-product__link\">\t\t\t\t<i class=\"icon-magnifier-1\"><\/i>\n\t\t\t\t<\/a>\t\t\t<\/div>\n\t\t\t<div class=\"action action-add-to-cart\">\n\t\t\t\t<a href=\"\/en\/wp-json\/wp\/v2\/pages\/36952?add-to-cart=24925\" aria-describedby=\"woocommerce_loop_add_to_cart_link_describedby_24925\" data-quantity=\"1\" class=\"button product_type_simple add_to_cart_button ajax_add_to_cart\" data-product_id=\"24925\" data-product_sku=\"170261\" aria-label=\"Add to cart: &ldquo;Maxi Elephant pastel pink&rdquo;\" rel=\"nofollow\" data-success_message=\"&ldquo;Maxi Elephant pastel pink&rdquo; has been added to your cart\" role=\"button\">Add to cart<\/a>\t<span id=\"woocommerce_loop_add_to_cart_link_describedby_24925\" class=\"screen-reader-text\">\n\t\t\t<\/span>\n\t\t\t<\/div>\n\t\t<\/div>\n\t<\/div>\n\t<div class=\"product-info\">\n\t\t<a href=\"https:\/\/palaset.com\/en\/product\/maxi-elephant-pastel-pink\/\" class=\"woocommerce-LoopProduct-link woocommerce-loop-product__link\"><h2 class=\"woocommerce-loop-product__title\">Maxi Elephant pastel pink<\/h2>\n\t<span class=\"price\"><span class=\"woocommerce-Price-amount amount\"><bdi>37.44&nbsp;<span class=\"woocommerce-Price-currencySymbol\">&euro;<\/span><\/bdi><\/span> <small class=\"woocommerce-price-suffix\">includes VAT<\/small><\/span>\n<\/a>\t<\/div>\n<\/div>\n<\/div>\n<\/div>[\/vc_column][\/vc_row][vc_row][vc_column][tm_button size=&#8221;lg&#8221; full_wide=&#8221;1&#8243; button=&#8221;url:https%3A%2F%2Fpalaset.com%2Fen%2Fcategory%2Fmoneyboxes%2F|title:To%20the%20store&#8221; align=&#8221;center&#8221; smooth_scroll=&#8221;true&#8221;][\/vc_column][\/vc_row]<\/p>\n<\/div>","protected":false},"excerpt":{"rendered":"[vc_row][vc_column][vc_single_image image=&#8221;36969&#8243; img_size=&#8221;full&#8221; alignment=&#8221;center&#8221; css=&#8221;&#8221; full_width=&#8221;true&#8221;][\/vc_column][\/vc_row][vc_row][vc_column][vc_custom_heading text=&#8221;Valentines day campaign:&#8221; font_container=&#8221;tag:h2|text_align:center|color:%23FF6C76&#8243; use_theme_fonts=&#8221;yes&#8221; css_animation=&#8221;fadeIn&#8221; css=&#8221;.vc_custom_1769534761499{margin-top: 35px !important;margin-bottom: 10px !important;}&#8221;][tm_countdown skin=&#8221;custom&#8221; number_color=&#8221;custom&#8221; custom_text_color=&#8221;#FF6C76&#8243; datetime=&#8221;2026\/02\/15 00:00&#8243; lg_spacing=&#8221;margin_bottom:35&#8243; md_spacing=&#8221;margin_bottom:25&#8243; sm_spacing=&#8221;margin_bottom:25&#8243; xs_spacing=&#8221;margin_bottom:20&#8243; custom_number_color=&#8221;#FF6C76&#8243;][\/vc_column][\/vc_row][vc_row][vc_column][vc_single_image image=&#8221;36955&#8243; img_size=&#8221;full&#8221; alignment=&#8221;center&#8221; css=&#8221;&#8221; full_width=&#8221;true&#8221;][\/vc_column][\/vc_row][vc_row][vc_column][\/vc_column][\/vc_row][vc_row][vc_column][tm_button size=&#8221;lg&#8221; full_wide=&#8221;1&#8243; button=&#8221;url:https%3A%2F%2Fpalaset.com%2Fen%2Fcategory%2Fmoneyboxes%2F|title:To%20the%20store&#8221; align=&#8221;center&#8221; smooth_scroll=&#8221;true&#8221;][\/vc_column][\/vc_row]","protected":false},"author":376,"featured_media":0,"parent":0,"menu_order":0,"comment_status":"closed","ping_status":"closed","template":"","meta":{"_acf_changed":false,"footnotes":""},"class_list":["post-36952","page","type-page","status-publish","hentry"],"acf":[],"yoast_head":"<!-- This site is optimized with the Yoast SEO plugin v27.3 - https:\/\/yoast.com\/product\/yoast-seo-wordpress\/ -->\n<title>Valentines day 2026 - Palaset<\/title>\n<meta name=\"description\" content=\"Palaset 2026 valentines day campaign. Come check out!\" \/>\n<meta name=\"robots\" content=\"index, follow, max-snippet:-1, max-image-preview:large, max-video-preview:-1\" \/>\n<link rel=\"canonical\" href=\"https:\/\/palaset.com\/en\/valentine26\/\" \/>\n<meta property=\"og:locale\" content=\"en_US\" \/>\n<meta property=\"og:type\" content=\"article\" \/>\n<meta property=\"og:title\" content=\"Valentines day 2026 - Palaset\" \/>\n<meta property=\"og:description\" content=\"Palaset 2026 valentines day campaign. Come check out!\" \/>\n<meta property=\"og:url\" content=\"https:\/\/palaset.com\/en\/valentine26\/\" \/>\n<meta property=\"og:site_name\" content=\"Palaset\" \/>\n<meta property=\"article:publisher\" content=\"https:\/\/www.facebook.com\/Palasetfinland\" \/>\n<meta property=\"article:modified_time\" content=\"2026-01-27T17:26:05+00:00\" \/>\n<meta name=\"twitter:card\" content=\"summary_large_image\" \/>\n<meta name=\"twitter:label1\" content=\"Est. reading time\" \/>\n\t<meta name=\"twitter:data1\" content=\"1 minute\" \/>\n<script type=\"application\/ld+json\" class=\"yoast-schema-graph\">{\"@context\":\"https:\\\/\\\/schema.org\",\"@graph\":[{\"@type\":\"WebPage\",\"@id\":\"https:\\\/\\\/palaset.com\\\/en\\\/valentine26\\\/\",\"url\":\"https:\\\/\\\/palaset.com\\\/en\\\/valentine26\\\/\",\"name\":\"Valentines day 2026 - Palaset\",\"isPartOf\":{\"@id\":\"https:\\\/\\\/palaset.com\\\/en\\\/#website\"},\"datePublished\":\"2026-01-06T15:36:38+00:00\",\"dateModified\":\"2026-01-27T17:26:05+00:00\",\"description\":\"Palaset 2026 valentines day campaign. Come check out!\",\"breadcrumb\":{\"@id\":\"https:\\\/\\\/palaset.com\\\/en\\\/valentine26\\\/#breadcrumb\"},\"inLanguage\":\"en-US\",\"potentialAction\":[{\"@type\":\"ReadAction\",\"target\":[\"https:\\\/\\\/palaset.com\\\/en\\\/valentine26\\\/\"]}]},{\"@type\":\"BreadcrumbList\",\"@id\":\"https:\\\/\\\/palaset.com\\\/en\\\/valentine26\\\/#breadcrumb\",\"itemListElement\":[{\"@type\":\"ListItem\",\"position\":1,\"name\":\"Etusivu\",\"item\":\"https:\\\/\\\/palaset.com\\\/en\\\/\"},{\"@type\":\"ListItem\",\"position\":2,\"name\":\"Valentines day 2026\"}]},{\"@type\":\"WebSite\",\"@id\":\"https:\\\/\\\/palaset.com\\\/en\\\/#website\",\"url\":\"https:\\\/\\\/palaset.com\\\/en\\\/\",\"name\":\"Palaset\",\"description\":\"S\u00e4\u00e4st\u00f6lippaat, toimistotarvikkeet, henkarit - Plastep Oy\",\"publisher\":{\"@id\":\"https:\\\/\\\/palaset.com\\\/en\\\/#organization\"},\"potentialAction\":[{\"@type\":\"SearchAction\",\"target\":{\"@type\":\"EntryPoint\",\"urlTemplate\":\"https:\\\/\\\/palaset.com\\\/en\\\/?s={search_term_string}\"},\"query-input\":{\"@type\":\"PropertyValueSpecification\",\"valueRequired\":true,\"valueName\":\"search_term_string\"}}],\"inLanguage\":\"en-US\"},{\"@type\":\"Organization\",\"@id\":\"https:\\\/\\\/palaset.com\\\/en\\\/#organization\",\"name\":\"Plastep Oy\",\"url\":\"https:\\\/\\\/palaset.com\\\/en\\\/\",\"logo\":{\"@type\":\"ImageObject\",\"inLanguage\":\"en-US\",\"@id\":\"https:\\\/\\\/palaset.com\\\/en\\\/#\\\/schema\\\/logo\\\/image\\\/\",\"url\":\"https:\\\/\\\/palaset.com\\\/wp-content\\\/uploads\\\/2020\\\/04\\\/Palaset_black_skaalautuva.png\",\"contentUrl\":\"https:\\\/\\\/palaset.com\\\/wp-content\\\/uploads\\\/2020\\\/04\\\/Palaset_black_skaalautuva.png\",\"width\":905,\"height\":290,\"caption\":\"Plastep Oy\"},\"image\":{\"@id\":\"https:\\\/\\\/palaset.com\\\/en\\\/#\\\/schema\\\/logo\\\/image\\\/\"},\"sameAs\":[\"https:\\\/\\\/www.facebook.com\\\/Palasetfinland\",\"https:\\\/\\\/www.instagram.com\\\/palasetfinland\\\/\",\"https:\\\/\\\/www.linkedin.com\\\/company\\\/5756814\",\"https:\\\/\\\/fi.pinterest.com\\\/sarihokkanen0121\\\/_created\\\/\"]}]}<\/script>\n<!-- \/ Yoast SEO plugin. -->","yoast_head_json":{"title":"Valentines day 2026 - Palaset","description":"Palaset 2026 valentines day campaign. Come check out!","robots":{"index":"index","follow":"follow","max-snippet":"max-snippet:-1","max-image-preview":"max-image-preview:large","max-video-preview":"max-video-preview:-1"},"canonical":"https:\/\/palaset.com\/en\/valentine26\/","og_locale":"en_US","og_type":"article","og_title":"Valentines day 2026 - Palaset","og_description":"Palaset 2026 valentines day campaign. Come check out!","og_url":"https:\/\/palaset.com\/en\/valentine26\/","og_site_name":"Palaset","article_publisher":"https:\/\/www.facebook.com\/Palasetfinland","article_modified_time":"2026-01-27T17:26:05+00:00","twitter_card":"summary_large_image","twitter_misc":{"Est. reading time":"1 minute"},"schema":{"@context":"https:\/\/schema.org","@graph":[{"@type":"WebPage","@id":"https:\/\/palaset.com\/en\/valentine26\/","url":"https:\/\/palaset.com\/en\/valentine26\/","name":"Valentines day 2026 - Palaset","isPartOf":{"@id":"https:\/\/palaset.com\/en\/#website"},"datePublished":"2026-01-06T15:36:38+00:00","dateModified":"2026-01-27T17:26:05+00:00","description":"Palaset 2026 valentines day campaign. Come check out!","breadcrumb":{"@id":"https:\/\/palaset.com\/en\/valentine26\/#breadcrumb"},"inLanguage":"en-US","potentialAction":[{"@type":"ReadAction","target":["https:\/\/palaset.com\/en\/valentine26\/"]}]},{"@type":"BreadcrumbList","@id":"https:\/\/palaset.com\/en\/valentine26\/#breadcrumb","itemListElement":[{"@type":"ListItem","position":1,"name":"Etusivu","item":"https:\/\/palaset.com\/en\/"},{"@type":"ListItem","position":2,"name":"Valentines day 2026"}]},{"@type":"WebSite","@id":"https:\/\/palaset.com\/en\/#website","url":"https:\/\/palaset.com\/en\/","name":"Palaset","description":"S\u00e4\u00e4st\u00f6lippaat, toimistotarvikkeet, henkarit - Plastep Oy","publisher":{"@id":"https:\/\/palaset.com\/en\/#organization"},"potentialAction":[{"@type":"SearchAction","target":{"@type":"EntryPoint","urlTemplate":"https:\/\/palaset.com\/en\/?s={search_term_string}"},"query-input":{"@type":"PropertyValueSpecification","valueRequired":true,"valueName":"search_term_string"}}],"inLanguage":"en-US"},{"@type":"Organization","@id":"https:\/\/palaset.com\/en\/#organization","name":"Plastep Oy","url":"https:\/\/palaset.com\/en\/","logo":{"@type":"ImageObject","inLanguage":"en-US","@id":"https:\/\/palaset.com\/en\/#\/schema\/logo\/image\/","url":"https:\/\/palaset.com\/wp-content\/uploads\/2020\/04\/Palaset_black_skaalautuva.png","contentUrl":"https:\/\/palaset.com\/wp-content\/uploads\/2020\/04\/Palaset_black_skaalautuva.png","width":905,"height":290,"caption":"Plastep Oy"},"image":{"@id":"https:\/\/palaset.com\/en\/#\/schema\/logo\/image\/"},"sameAs":["https:\/\/www.facebook.com\/Palasetfinland","https:\/\/www.instagram.com\/palasetfinland\/","https:\/\/www.linkedin.com\/company\/5756814","https:\/\/fi.pinterest.com\/sarihokkanen0121\/_created\/"]}]}},"_links":{"self":[{"href":"https:\/\/palaset.com\/en\/wp-json\/wp\/v2\/pages\/36952","targetHints":{"allow":["GET"]}}],"collection":[{"href":"https:\/\/palaset.com\/en\/wp-json\/wp\/v2\/pages"}],"about":[{"href":"https:\/\/palaset.com\/en\/wp-json\/wp\/v2\/types\/page"}],"author":[{"embeddable":true,"href":"https:\/\/palaset.com\/en\/wp-json\/wp\/v2\/users\/376"}],"replies":[{"embeddable":true,"href":"https:\/\/palaset.com\/en\/wp-json\/wp\/v2\/comments?post=36952"}],"version-history":[{"count":5,"href":"https:\/\/palaset.com\/en\/wp-json\/wp\/v2\/pages\/36952\/revisions"}],"predecessor-version":[{"id":36982,"href":"https:\/\/palaset.com\/en\/wp-json\/wp\/v2\/pages\/36952\/revisions\/36982"}],"wp:attachment":[{"href":"https:\/\/palaset.com\/en\/wp-json\/wp\/v2\/media?parent=36952"}],"curies":[{"name":"wp","href":"https:\/\/api.w.org\/{rel}","templated":true}]}}