{"id":7745,"date":"2018-03-08T16:07:47","date_gmt":"2018-03-08T14:07:47","guid":{"rendered":"http:\/\/c0185.paas1.ams.modxcloud.com?page_id=7745"},"modified":"2024-12-10T11:53:48","modified_gmt":"2024-12-10T09:53:48","slug":"contact","status":"publish","type":"page","link":"https:\/\/palaset.com\/en\/contact\/","title":{"rendered":"Contact"},"content":{"rendered":"<div class=\"wpb-content-wrapper\"><p>[vc_row][vc_column][vc_column_text]<\/p>\n<h1>Contact<\/h1>\n<p>[\/vc_column_text][tm_spacer size=&#8221;xs:30;sm:30;md:30;lg:30&#8243;][tm_spacer size=&#8221;xs:30;sm:30;md:30;lg:30&#8243;][\/vc_column][\/vc_row][vc_row][vc_column width=&#8221;1\/4&#8243;][vc_column_text]<b>Production<\/b><br \/>\nMatti Savolainen<br \/>\n<a href=\"callto: +358 29 000 9133\">+358 29 000 9133<\/a><br \/>\n<a href=\"callto: +358 50 384 8268\">+358 50 384 8268<\/a><br \/>\n<a href=\"mailto:matti.savolainen@plastep.fi\" target=\"_blank\" rel=\"noopener\">matti.savolainen@plastep.fi<\/a>[\/vc_column_text][tm_spacer size=&#8221;xs:10;sm:10;md:20;lg:20&#8243;][\/vc_column][vc_column width=&#8221;1\/4&#8243;][vc_column_text]<b>Finance\/Invoicing<\/b>, <b>Sales Assistant<br \/>\n<\/b>Sari Toivonen<br \/>\n<a href=\"callto: +358 50 384 8268\">+358 29 000 9137<\/a><br \/>\n<a href=\"mailto:sari.toivonen@plastep.fi\" target=\"_blank\" rel=\"noopener\">sari.toivonen@plastep.fi<\/a>[\/vc_column_text][tm_spacer size=&#8221;xs:30;sm:30;md:10;lg:10&#8243;][\/vc_column][vc_column width=&#8221;1\/4&#8243;][vc_column_text]<b>Sales &amp; Marketing<br \/>\n<\/b>Hannele Piispanen<br \/>\n<a href=\"callto: +358 50 321 4503\">+358 50 321 4503<\/a><br \/>\n<a href=\"mailto:hannele.piispanen@plastep.fi\" target=\"_blank\" rel=\"noopener\">hannele.piispanen@plastep.fi<\/a>[\/vc_column_text][tm_spacer size=&#8221;xs:10;sm:10;md:20;lg:20&#8243;][\/vc_column][vc_column width=&#8221;1\/4&#8243;][vc_column_text]<strong>E-commerce orders<\/strong><br \/>\n<strong>Social media marketing<\/strong><br \/>\nOskari Nieminen<br \/>\n<a href=\"tel: +358 40 221 4758\">+358 40 221 4758<\/a><br \/>\n<a href=\"mailto: oskari.nieminen@plastep.fi\">oskari.nieminen@plastep.fi<\/a>[\/vc_column_text][tm_spacer size=&#8221;xs:10;sm:10;md:20;lg:20&#8243;][\/vc_column][\/vc_row][vc_row][vc_column][tm_spacer size=&#8221;xs:30;sm:30;md:30;lg:30&#8243;][vc_column_text]<strong>Our customer service is available on weekdays from 9:00 a.m. to 3:00 p.m (GMT+2)<\/strong>[\/vc_column_text][tm_spacer size=&#8221;xs:30;sm:30;md:30;lg:30&#8243;][tm_spacer size=&#8221;xs:30;sm:30;md:30;lg:30&#8243;][\/vc_column][\/vc_row][vc_row][vc_column width=&#8221;2\/3&#8243;][tm_contact_form_7 id=&#8221;6260&#8243;][\/vc_column][vc_column width=&#8221;1\/3&#8243;][\/vc_column][\/vc_row]<\/p>\n<\/div>","protected":false},"excerpt":{"rendered":"[vc_row][vc_column][vc_column_text] Contact [\/vc_column_text][tm_spacer size=&#8221;xs:30;sm:30;md:30;lg:30&#8243;][tm_spacer size=&#8221;xs:30;sm:30;md:30;lg:30&#8243;][\/vc_column][\/vc_row][vc_row][vc_column width=&#8221;1\/4&#8243;][vc_column_text]Production Matti Savolainen +358 29 000 9133 +358 50 384 8268 matti.savolainen@plastep.fi[\/vc_column_text][tm_spacer size=&#8221;xs:10;sm:10;md:20;lg:20&#8243;][\/vc_column][vc_column width=&#8221;1\/4&#8243;][vc_column_text]Finance\/Invoicing, Sales Assistant Sari Toivonen +358 29 000 9137 sari.toivonen@plastep.fi[\/vc_column_text][tm_spacer size=&#8221;xs:30;sm:30;md:10;lg:10&#8243;][\/vc_column][vc_column width=&#8221;1\/4&#8243;][vc_column_text]Sales &amp; Marketing Hannele Piispanen +358 50 321 4503 hannele.piispanen@plastep.fi[\/vc_column_text][tm_spacer size=&#8221;xs:10;sm:10;md:20;lg:20&#8243;][\/vc_column][vc_column width=&#8221;1\/4&#8243;][vc_column_text]E-commerce orders Social media marketing Oskari Nieminen +358 40 221 4758 oskari.nieminen@plastep.fi[\/vc_column_text][tm_spacer size=&#8221;xs:10;sm:10;md:20;lg:20&#8243;][\/vc_column][\/vc_row][vc_row][vc_column][tm_spacer size=&#8221;xs:30;sm:30;md:30;lg:30&#8243;][vc_column_text]Our customer service is available on weekdays from 9:00 a.m. to 3:00 p.m (GMT+2)[\/vc_column_text][tm_spacer size=&#8221;xs:30;sm:30;md:30;lg:30&#8243;][tm_spacer size=&#8221;xs:30;sm:30;md:30;lg:30&#8243;][\/vc_column][\/vc_row][vc_row][vc_column width=&#8221;2\/3&#8243;][tm_contact_form_7 id=&#8221;6260&#8243;][\/vc_column][vc_column width=&#8221;1\/3&#8243;][\/vc_column][\/vc_row]","protected":false},"author":1,"featured_media":0,"parent":0,"menu_order":0,"comment_status":"closed","ping_status":"closed","template":"","meta":{"_acf_changed":false,"footnotes":""},"class_list":["post-7745","page","type-page","status-publish","hentry"],"acf":[],"yoast_head":"<!-- This site is optimized with the Yoast SEO plugin v27.5 - https:\/\/yoast.com\/product\/yoast-seo-wordpress\/ -->\n<title>Contact - Palaset<\/title>\n<meta name=\"description\" content=\"Contact information.\" \/>\n<meta name=\"robots\" content=\"index, follow, max-snippet:-1, max-image-preview:large, max-video-preview:-1\" \/>\n<link rel=\"canonical\" href=\"https:\/\/palaset.com\/en\/contact\/\" \/>\n<meta property=\"og:locale\" content=\"en_US\" \/>\n<meta property=\"og:type\" content=\"article\" \/>\n<meta property=\"og:title\" content=\"Contact - Palaset\" \/>\n<meta property=\"og:description\" content=\"Contact information.\" \/>\n<meta property=\"og:url\" content=\"https:\/\/palaset.com\/en\/contact\/\" \/>\n<meta property=\"og:site_name\" content=\"Palaset\" \/>\n<meta property=\"article:publisher\" content=\"https:\/\/www.facebook.com\/Palasetfinland\" \/>\n<meta property=\"article:modified_time\" content=\"2024-12-10T09:53:48+00:00\" \/>\n<meta name=\"twitter:card\" content=\"summary_large_image\" \/>\n<meta name=\"twitter:label1\" content=\"Est. reading time\" \/>\n\t<meta name=\"twitter:data1\" content=\"1 minute\" \/>\n<script type=\"application\/ld+json\" class=\"yoast-schema-graph\">{\"@context\":\"https:\\\/\\\/schema.org\",\"@graph\":[{\"@type\":\"WebPage\",\"@id\":\"https:\\\/\\\/palaset.com\\\/en\\\/contact\\\/\",\"url\":\"https:\\\/\\\/palaset.com\\\/en\\\/contact\\\/\",\"name\":\"Contact - Palaset\",\"isPartOf\":{\"@id\":\"https:\\\/\\\/palaset.com\\\/en\\\/#website\"},\"datePublished\":\"2018-03-08T14:07:47+00:00\",\"dateModified\":\"2024-12-10T09:53:48+00:00\",\"description\":\"Contact information.\",\"breadcrumb\":{\"@id\":\"https:\\\/\\\/palaset.com\\\/en\\\/contact\\\/#breadcrumb\"},\"inLanguage\":\"en-US\",\"potentialAction\":[{\"@type\":\"ReadAction\",\"target\":[\"https:\\\/\\\/palaset.com\\\/en\\\/contact\\\/\"]}]},{\"@type\":\"BreadcrumbList\",\"@id\":\"https:\\\/\\\/palaset.com\\\/en\\\/contact\\\/#breadcrumb\",\"itemListElement\":[{\"@type\":\"ListItem\",\"position\":1,\"name\":\"Etusivu\",\"item\":\"https:\\\/\\\/palaset.com\\\/en\\\/\"},{\"@type\":\"ListItem\",\"position\":2,\"name\":\"Contact\"}]},{\"@type\":\"WebSite\",\"@id\":\"https:\\\/\\\/palaset.com\\\/en\\\/#website\",\"url\":\"https:\\\/\\\/palaset.com\\\/en\\\/\",\"name\":\"Palaset\",\"description\":\"S\u00e4\u00e4st\u00f6lippaat, toimistotarvikkeet, henkarit - Plastep Oy\",\"publisher\":{\"@id\":\"https:\\\/\\\/palaset.com\\\/en\\\/#organization\"},\"potentialAction\":[{\"@type\":\"SearchAction\",\"target\":{\"@type\":\"EntryPoint\",\"urlTemplate\":\"https:\\\/\\\/palaset.com\\\/en\\\/?s={search_term_string}\"},\"query-input\":{\"@type\":\"PropertyValueSpecification\",\"valueRequired\":true,\"valueName\":\"search_term_string\"}}],\"inLanguage\":\"en-US\"},{\"@type\":\"Organization\",\"@id\":\"https:\\\/\\\/palaset.com\\\/en\\\/#organization\",\"name\":\"Plastep Oy\",\"url\":\"https:\\\/\\\/palaset.com\\\/en\\\/\",\"logo\":{\"@type\":\"ImageObject\",\"inLanguage\":\"en-US\",\"@id\":\"https:\\\/\\\/palaset.com\\\/en\\\/#\\\/schema\\\/logo\\\/image\\\/\",\"url\":\"https:\\\/\\\/palaset.com\\\/wp-content\\\/uploads\\\/2020\\\/04\\\/Palaset_black_skaalautuva.png\",\"contentUrl\":\"https:\\\/\\\/palaset.com\\\/wp-content\\\/uploads\\\/2020\\\/04\\\/Palaset_black_skaalautuva.png\",\"width\":905,\"height\":290,\"caption\":\"Plastep Oy\"},\"image\":{\"@id\":\"https:\\\/\\\/palaset.com\\\/en\\\/#\\\/schema\\\/logo\\\/image\\\/\"},\"sameAs\":[\"https:\\\/\\\/www.facebook.com\\\/Palasetfinland\",\"https:\\\/\\\/www.instagram.com\\\/palasetfinland\\\/\",\"https:\\\/\\\/www.linkedin.com\\\/company\\\/5756814\",\"https:\\\/\\\/fi.pinterest.com\\\/sarihokkanen0121\\\/_created\\\/\"]}]}<\/script>\n<!-- \/ Yoast SEO plugin. -->","yoast_head_json":{"title":"Contact - Palaset","description":"Contact information.","robots":{"index":"index","follow":"follow","max-snippet":"max-snippet:-1","max-image-preview":"max-image-preview:large","max-video-preview":"max-video-preview:-1"},"canonical":"https:\/\/palaset.com\/en\/contact\/","og_locale":"en_US","og_type":"article","og_title":"Contact - Palaset","og_description":"Contact information.","og_url":"https:\/\/palaset.com\/en\/contact\/","og_site_name":"Palaset","article_publisher":"https:\/\/www.facebook.com\/Palasetfinland","article_modified_time":"2024-12-10T09:53:48+00:00","twitter_card":"summary_large_image","twitter_misc":{"Est. reading time":"1 minute"},"schema":{"@context":"https:\/\/schema.org","@graph":[{"@type":"WebPage","@id":"https:\/\/palaset.com\/en\/contact\/","url":"https:\/\/palaset.com\/en\/contact\/","name":"Contact - Palaset","isPartOf":{"@id":"https:\/\/palaset.com\/en\/#website"},"datePublished":"2018-03-08T14:07:47+00:00","dateModified":"2024-12-10T09:53:48+00:00","description":"Contact information.","breadcrumb":{"@id":"https:\/\/palaset.com\/en\/contact\/#breadcrumb"},"inLanguage":"en-US","potentialAction":[{"@type":"ReadAction","target":["https:\/\/palaset.com\/en\/contact\/"]}]},{"@type":"BreadcrumbList","@id":"https:\/\/palaset.com\/en\/contact\/#breadcrumb","itemListElement":[{"@type":"ListItem","position":1,"name":"Etusivu","item":"https:\/\/palaset.com\/en\/"},{"@type":"ListItem","position":2,"name":"Contact"}]},{"@type":"WebSite","@id":"https:\/\/palaset.com\/en\/#website","url":"https:\/\/palaset.com\/en\/","name":"Palaset","description":"S\u00e4\u00e4st\u00f6lippaat, toimistotarvikkeet, henkarit - Plastep Oy","publisher":{"@id":"https:\/\/palaset.com\/en\/#organization"},"potentialAction":[{"@type":"SearchAction","target":{"@type":"EntryPoint","urlTemplate":"https:\/\/palaset.com\/en\/?s={search_term_string}"},"query-input":{"@type":"PropertyValueSpecification","valueRequired":true,"valueName":"search_term_string"}}],"inLanguage":"en-US"},{"@type":"Organization","@id":"https:\/\/palaset.com\/en\/#organization","name":"Plastep Oy","url":"https:\/\/palaset.com\/en\/","logo":{"@type":"ImageObject","inLanguage":"en-US","@id":"https:\/\/palaset.com\/en\/#\/schema\/logo\/image\/","url":"https:\/\/palaset.com\/wp-content\/uploads\/2020\/04\/Palaset_black_skaalautuva.png","contentUrl":"https:\/\/palaset.com\/wp-content\/uploads\/2020\/04\/Palaset_black_skaalautuva.png","width":905,"height":290,"caption":"Plastep Oy"},"image":{"@id":"https:\/\/palaset.com\/en\/#\/schema\/logo\/image\/"},"sameAs":["https:\/\/www.facebook.com\/Palasetfinland","https:\/\/www.instagram.com\/palasetfinland\/","https:\/\/www.linkedin.com\/company\/5756814","https:\/\/fi.pinterest.com\/sarihokkanen0121\/_created\/"]}]}},"_links":{"self":[{"href":"https:\/\/palaset.com\/en\/wp-json\/wp\/v2\/pages\/7745","targetHints":{"allow":["GET"]}}],"collection":[{"href":"https:\/\/palaset.com\/en\/wp-json\/wp\/v2\/pages"}],"about":[{"href":"https:\/\/palaset.com\/en\/wp-json\/wp\/v2\/types\/page"}],"author":[{"embeddable":true,"href":"https:\/\/palaset.com\/en\/wp-json\/wp\/v2\/users\/1"}],"replies":[{"embeddable":true,"href":"https:\/\/palaset.com\/en\/wp-json\/wp\/v2\/comments?post=7745"}],"version-history":[{"count":5,"href":"https:\/\/palaset.com\/en\/wp-json\/wp\/v2\/pages\/7745\/revisions"}],"predecessor-version":[{"id":31022,"href":"https:\/\/palaset.com\/en\/wp-json\/wp\/v2\/pages\/7745\/revisions\/31022"}],"wp:attachment":[{"href":"https:\/\/palaset.com\/en\/wp-json\/wp\/v2\/media?parent=7745"}],"curies":[{"name":"wp","href":"https:\/\/api.w.org\/{rel}","templated":true}]}}