{"id":19146,"date":"2018-10-01T00:00:00","date_gmt":"2018-09-30T21:00:00","guid":{"rendered":"https:\/\/c0185.paas1.ams.modxcloud.com\/tuote\/mini-vega-3-pcs-set\/"},"modified":"2025-04-16T14:03:49","modified_gmt":"2025-04-16T11:03:49","slug":"mini-vega-3-pcs-set","status":"publish","type":"product","link":"https:\/\/palaset.com\/en\/product\/mini-vega-3-pcs-set\/","title":{"rendered":"Mini Vega, transparent white 3 pcs set"},"content":{"rendered":"<p>The Palaset Mini-Vega children&#8217;s clothes hanger &#8211; the perfect choice for thick winter clothes! Mini-Vega combines practicality and stylish design, offering a durable solution for your child&#8217;s clothes.<\/p>\n<p>Get yours now as these stylish hangers are only available in limited quantities!<\/p>\n<p>Excellent e.g. for thick top clothes. Reversible matte-treated metal hook.<\/p>\n<p>The product is packed in sets of 14. When you order exactly 14, 28, 42 sets etc., you&#8217;ll get 10% off the unit price.<br \/>\nThe benefit applies only to full quantities.<\/p>\n","protected":false},"excerpt":{"rendered":"Versatile hanger for childrens clothes. Excellent also for heavy outdoor clothes. Swivelling matt-finished metal hook. 3 pcs set.","protected":false},"featured_media":28420,"comment_status":"open","ping_status":"closed","template":"","meta":{"_acf_changed":false},"product_brand":[],"product_cat":[948,477],"product_tag":[],"class_list":{"0":"post-19146","1":"product","2":"type-product","3":"status-publish","4":"has-post-thumbnail","6":"product_cat-classic-hangers","7":"product_cat-hangers","8":"pa_designer-pentagon-design-arni-aromaa-sauli-suomela-en","9":"pa_materiaali-polypropylene-en","10":"pa_muuta-manufactured-at-plastep-oys-factory-in-pertunmaa-kuortti-finland","11":"pa_varit-transparent-white","13":"first","14":"instock","15":"taxable","16":"shipping-taxable","17":"purchasable","18":"product-type-simple"},"acf":[],"yoast_head":"<!-- This site is optimized with the Yoast SEO plugin v27.4 - https:\/\/yoast.com\/product\/yoast-seo-wordpress\/ -->\n<title>Mini Vega, transparent white 3 pcs set - Palaset<\/title>\n<meta name=\"description\" content=\"Mini Vega is a multipurpose children&#039;s hanger. Excellent e.g. for thick top clothes. Reversible matte-treated metal hook.\" \/>\n<meta name=\"robots\" content=\"index, follow, max-snippet:-1, max-image-preview:large, max-video-preview:-1\" \/>\n<link rel=\"canonical\" href=\"https:\/\/palaset.com\/en\/product\/mini-vega-3-pcs-set\/\" \/>\n<meta property=\"og:locale\" content=\"en_US\" \/>\n<meta property=\"og:type\" content=\"article\" \/>\n<meta property=\"og:title\" content=\"Mini Vega, transparent white 3 pcs set - Palaset\" \/>\n<meta property=\"og:description\" content=\"Mini Vega is a multipurpose children&#039;s hanger. Excellent e.g. for thick top clothes. Reversible matte-treated metal hook.\" \/>\n<meta property=\"og:url\" content=\"https:\/\/palaset.com\/en\/product\/mini-vega-3-pcs-set\/\" \/>\n<meta property=\"og:site_name\" content=\"Palaset\" \/>\n<meta property=\"article:publisher\" content=\"https:\/\/www.facebook.com\/Palasetfinland\" \/>\n<meta property=\"article:modified_time\" content=\"2025-04-16T11:03:49+00:00\" \/>\n<meta property=\"og:image\" content=\"https:\/\/palaset.com\/wp-content\/uploads\/2018\/10\/Mini-Vega-tr-white-53401-png.png\" \/>\n\t<meta property=\"og:image:width\" content=\"4958\" \/>\n\t<meta property=\"og:image:height\" content=\"3543\" \/>\n\t<meta property=\"og:image:type\" content=\"image\/png\" \/>\n<meta name=\"twitter:card\" content=\"summary_large_image\" \/>\n<script type=\"application\/ld+json\" class=\"yoast-schema-graph\">{\"@context\":\"https:\\\/\\\/schema.org\",\"@graph\":[{\"@type\":\"WebPage\",\"@id\":\"https:\\\/\\\/palaset.com\\\/en\\\/product\\\/mini-vega-3-pcs-set\\\/\",\"url\":\"https:\\\/\\\/palaset.com\\\/en\\\/product\\\/mini-vega-3-pcs-set\\\/\",\"name\":\"Mini Vega, transparent white 3 pcs set - Palaset\",\"isPartOf\":{\"@id\":\"https:\\\/\\\/palaset.com\\\/en\\\/#website\"},\"primaryImageOfPage\":{\"@id\":\"https:\\\/\\\/palaset.com\\\/en\\\/product\\\/mini-vega-3-pcs-set\\\/#primaryimage\"},\"image\":{\"@id\":\"https:\\\/\\\/palaset.com\\\/en\\\/product\\\/mini-vega-3-pcs-set\\\/#primaryimage\"},\"thumbnailUrl\":\"https:\\\/\\\/palaset.com\\\/wp-content\\\/uploads\\\/2018\\\/10\\\/Mini-Vega-tr-white-53401-png.png\",\"datePublished\":\"2018-09-30T21:00:00+00:00\",\"dateModified\":\"2025-04-16T11:03:49+00:00\",\"description\":\"Mini Vega is a multipurpose children's hanger. Excellent e.g. for thick top clothes. Reversible matte-treated metal hook.\",\"breadcrumb\":{\"@id\":\"https:\\\/\\\/palaset.com\\\/en\\\/product\\\/mini-vega-3-pcs-set\\\/#breadcrumb\"},\"inLanguage\":\"en-US\",\"potentialAction\":[{\"@type\":\"ReadAction\",\"target\":[\"https:\\\/\\\/palaset.com\\\/en\\\/product\\\/mini-vega-3-pcs-set\\\/\"]}]},{\"@type\":\"ImageObject\",\"inLanguage\":\"en-US\",\"@id\":\"https:\\\/\\\/palaset.com\\\/en\\\/product\\\/mini-vega-3-pcs-set\\\/#primaryimage\",\"url\":\"https:\\\/\\\/palaset.com\\\/wp-content\\\/uploads\\\/2018\\\/10\\\/Mini-Vega-tr-white-53401-png.png\",\"contentUrl\":\"https:\\\/\\\/palaset.com\\\/wp-content\\\/uploads\\\/2018\\\/10\\\/Mini-Vega-tr-white-53401-png.png\",\"width\":4958,\"height\":3543},{\"@type\":\"BreadcrumbList\",\"@id\":\"https:\\\/\\\/palaset.com\\\/en\\\/product\\\/mini-vega-3-pcs-set\\\/#breadcrumb\",\"itemListElement\":[{\"@type\":\"ListItem\",\"position\":1,\"name\":\"Etusivu\",\"item\":\"https:\\\/\\\/palaset.com\\\/en\\\/\"},{\"@type\":\"ListItem\",\"position\":2,\"name\":\"Shop\",\"item\":\"https:\\\/\\\/palaset.com\\\/en\\\/shop\\\/\"},{\"@type\":\"ListItem\",\"position\":3,\"name\":\"Mini Vega, transparent white 3 pcs set\"}]},{\"@type\":\"WebSite\",\"@id\":\"https:\\\/\\\/palaset.com\\\/en\\\/#website\",\"url\":\"https:\\\/\\\/palaset.com\\\/en\\\/\",\"name\":\"Palaset\",\"description\":\"S\u00e4\u00e4st\u00f6lippaat, toimistotarvikkeet, henkarit - Plastep Oy\",\"publisher\":{\"@id\":\"https:\\\/\\\/palaset.com\\\/en\\\/#organization\"},\"potentialAction\":[{\"@type\":\"SearchAction\",\"target\":{\"@type\":\"EntryPoint\",\"urlTemplate\":\"https:\\\/\\\/palaset.com\\\/en\\\/?s={search_term_string}\"},\"query-input\":{\"@type\":\"PropertyValueSpecification\",\"valueRequired\":true,\"valueName\":\"search_term_string\"}}],\"inLanguage\":\"en-US\"},{\"@type\":\"Organization\",\"@id\":\"https:\\\/\\\/palaset.com\\\/en\\\/#organization\",\"name\":\"Plastep Oy\",\"url\":\"https:\\\/\\\/palaset.com\\\/en\\\/\",\"logo\":{\"@type\":\"ImageObject\",\"inLanguage\":\"en-US\",\"@id\":\"https:\\\/\\\/palaset.com\\\/en\\\/#\\\/schema\\\/logo\\\/image\\\/\",\"url\":\"https:\\\/\\\/palaset.com\\\/wp-content\\\/uploads\\\/2020\\\/04\\\/Palaset_black_skaalautuva.png\",\"contentUrl\":\"https:\\\/\\\/palaset.com\\\/wp-content\\\/uploads\\\/2020\\\/04\\\/Palaset_black_skaalautuva.png\",\"width\":905,\"height\":290,\"caption\":\"Plastep Oy\"},\"image\":{\"@id\":\"https:\\\/\\\/palaset.com\\\/en\\\/#\\\/schema\\\/logo\\\/image\\\/\"},\"sameAs\":[\"https:\\\/\\\/www.facebook.com\\\/Palasetfinland\",\"https:\\\/\\\/www.instagram.com\\\/palasetfinland\\\/\",\"https:\\\/\\\/www.linkedin.com\\\/company\\\/5756814\",\"https:\\\/\\\/fi.pinterest.com\\\/sarihokkanen0121\\\/_created\\\/\"]}]}<\/script>\n<!-- \/ Yoast SEO plugin. -->","yoast_head_json":{"title":"Mini Vega, transparent white 3 pcs set - Palaset","description":"Mini Vega is a multipurpose children's hanger. Excellent e.g. for thick top clothes. Reversible matte-treated metal hook.","robots":{"index":"index","follow":"follow","max-snippet":"max-snippet:-1","max-image-preview":"max-image-preview:large","max-video-preview":"max-video-preview:-1"},"canonical":"https:\/\/palaset.com\/en\/product\/mini-vega-3-pcs-set\/","og_locale":"en_US","og_type":"article","og_title":"Mini Vega, transparent white 3 pcs set - Palaset","og_description":"Mini Vega is a multipurpose children's hanger. Excellent e.g. for thick top clothes. Reversible matte-treated metal hook.","og_url":"https:\/\/palaset.com\/en\/product\/mini-vega-3-pcs-set\/","og_site_name":"Palaset","article_publisher":"https:\/\/www.facebook.com\/Palasetfinland","article_modified_time":"2025-04-16T11:03:49+00:00","og_image":[{"width":4958,"height":3543,"url":"https:\/\/palaset.com\/wp-content\/uploads\/2018\/10\/Mini-Vega-tr-white-53401-png.png","type":"image\/png"}],"twitter_card":"summary_large_image","schema":{"@context":"https:\/\/schema.org","@graph":[{"@type":"WebPage","@id":"https:\/\/palaset.com\/en\/product\/mini-vega-3-pcs-set\/","url":"https:\/\/palaset.com\/en\/product\/mini-vega-3-pcs-set\/","name":"Mini Vega, transparent white 3 pcs set - Palaset","isPartOf":{"@id":"https:\/\/palaset.com\/en\/#website"},"primaryImageOfPage":{"@id":"https:\/\/palaset.com\/en\/product\/mini-vega-3-pcs-set\/#primaryimage"},"image":{"@id":"https:\/\/palaset.com\/en\/product\/mini-vega-3-pcs-set\/#primaryimage"},"thumbnailUrl":"https:\/\/palaset.com\/wp-content\/uploads\/2018\/10\/Mini-Vega-tr-white-53401-png.png","datePublished":"2018-09-30T21:00:00+00:00","dateModified":"2025-04-16T11:03:49+00:00","description":"Mini Vega is a multipurpose children's hanger. Excellent e.g. for thick top clothes. Reversible matte-treated metal hook.","breadcrumb":{"@id":"https:\/\/palaset.com\/en\/product\/mini-vega-3-pcs-set\/#breadcrumb"},"inLanguage":"en-US","potentialAction":[{"@type":"ReadAction","target":["https:\/\/palaset.com\/en\/product\/mini-vega-3-pcs-set\/"]}]},{"@type":"ImageObject","inLanguage":"en-US","@id":"https:\/\/palaset.com\/en\/product\/mini-vega-3-pcs-set\/#primaryimage","url":"https:\/\/palaset.com\/wp-content\/uploads\/2018\/10\/Mini-Vega-tr-white-53401-png.png","contentUrl":"https:\/\/palaset.com\/wp-content\/uploads\/2018\/10\/Mini-Vega-tr-white-53401-png.png","width":4958,"height":3543},{"@type":"BreadcrumbList","@id":"https:\/\/palaset.com\/en\/product\/mini-vega-3-pcs-set\/#breadcrumb","itemListElement":[{"@type":"ListItem","position":1,"name":"Etusivu","item":"https:\/\/palaset.com\/en\/"},{"@type":"ListItem","position":2,"name":"Shop","item":"https:\/\/palaset.com\/en\/shop\/"},{"@type":"ListItem","position":3,"name":"Mini Vega, transparent white 3 pcs set"}]},{"@type":"WebSite","@id":"https:\/\/palaset.com\/en\/#website","url":"https:\/\/palaset.com\/en\/","name":"Palaset","description":"S\u00e4\u00e4st\u00f6lippaat, toimistotarvikkeet, henkarit - Plastep Oy","publisher":{"@id":"https:\/\/palaset.com\/en\/#organization"},"potentialAction":[{"@type":"SearchAction","target":{"@type":"EntryPoint","urlTemplate":"https:\/\/palaset.com\/en\/?s={search_term_string}"},"query-input":{"@type":"PropertyValueSpecification","valueRequired":true,"valueName":"search_term_string"}}],"inLanguage":"en-US"},{"@type":"Organization","@id":"https:\/\/palaset.com\/en\/#organization","name":"Plastep Oy","url":"https:\/\/palaset.com\/en\/","logo":{"@type":"ImageObject","inLanguage":"en-US","@id":"https:\/\/palaset.com\/en\/#\/schema\/logo\/image\/","url":"https:\/\/palaset.com\/wp-content\/uploads\/2020\/04\/Palaset_black_skaalautuva.png","contentUrl":"https:\/\/palaset.com\/wp-content\/uploads\/2020\/04\/Palaset_black_skaalautuva.png","width":905,"height":290,"caption":"Plastep Oy"},"image":{"@id":"https:\/\/palaset.com\/en\/#\/schema\/logo\/image\/"},"sameAs":["https:\/\/www.facebook.com\/Palasetfinland","https:\/\/www.instagram.com\/palasetfinland\/","https:\/\/www.linkedin.com\/company\/5756814","https:\/\/fi.pinterest.com\/sarihokkanen0121\/_created\/"]}]}},"_links":{"self":[{"href":"https:\/\/palaset.com\/en\/wp-json\/wp\/v2\/product\/19146","targetHints":{"allow":["GET"]}}],"collection":[{"href":"https:\/\/palaset.com\/en\/wp-json\/wp\/v2\/product"}],"about":[{"href":"https:\/\/palaset.com\/en\/wp-json\/wp\/v2\/types\/product"}],"replies":[{"embeddable":true,"href":"https:\/\/palaset.com\/en\/wp-json\/wp\/v2\/comments?post=19146"}],"wp:featuredmedia":[{"embeddable":true,"href":"https:\/\/palaset.com\/en\/wp-json\/wp\/v2\/media\/28420"}],"wp:attachment":[{"href":"https:\/\/palaset.com\/en\/wp-json\/wp\/v2\/media?parent=19146"}],"wp:term":[{"taxonomy":"product_brand","embeddable":true,"href":"https:\/\/palaset.com\/en\/wp-json\/wp\/v2\/product_brand?post=19146"},{"taxonomy":"product_cat","embeddable":true,"href":"https:\/\/palaset.com\/en\/wp-json\/wp\/v2\/product_cat?post=19146"},{"taxonomy":"product_tag","embeddable":true,"href":"https:\/\/palaset.com\/en\/wp-json\/wp\/v2\/product_tag?post=19146"}],"curies":[{"name":"wp","href":"https:\/\/api.w.org\/{rel}","templated":true}]}}