{"id":19310,"date":"2018-10-01T00:00:00","date_gmt":"2018-09-30T21:00:00","guid":{"rendered":"https:\/\/c0185.paas1.ams.modxcloud.com\/tuote\/collecting-box\/"},"modified":"2023-09-06T11:07:52","modified_gmt":"2023-09-06T08:07:52","slug":"donation-box","status":"publish","type":"product","link":"https:\/\/palaset.com\/en\/product\/donation-box\/","title":{"rendered":"Donation box"},"content":{"rendered":"<p>Palaset Collecting box is perfect for money collecthing campaigns. Own logo can be printed if desired. Made from food approved, BPA-free material. Color white.<\/p>\n","protected":false},"excerpt":{"rendered":"Palaset Collecting box is perfect for money collecthing campaigns. Own logo can be printed if desired. Made from food approved, BPA-free material. Color white.","protected":false},"featured_media":20575,"comment_status":"open","ping_status":"closed","template":"","meta":{"_acf_changed":false},"product_brand":[],"product_cat":[1099,531],"product_tag":[],"class_list":{"0":"post-19310","1":"product","2":"type-product","3":"status-publish","4":"has-post-thumbnail","6":"product_cat-donation-box","7":"product_cat-moneyboxes","8":"product_shipping_class-1-2","9":"pa_dimensions-height-190","10":"pa_mitat-height-190","11":"pa_muuta-manufactured-at-plastep-oys-factory-in-pertunmaa-kuortti-finland","12":"pa_other-manufactured-at-plastep-oys-factory-in-pertunmaa-kuortti-finland","13":"pa_painatuksen-koko-60x160-en","14":"pa_print-size-60x160","15":"pa_stock-colors-white","16":"pa_varit-white","18":"first","19":"instock","20":"taxable","21":"shipping-taxable","22":"purchasable","23":"product-type-simple"},"acf":[],"yoast_head":"<!-- This site is optimized with the Yoast SEO plugin v27.4 - https:\/\/yoast.com\/product\/yoast-seo-wordpress\/ -->\n<title>Donation box - Palaset<\/title>\n<meta name=\"description\" content=\"Palaset Collecting box is perfect for money collecthing campaigns. Own logo can be printed if desired.\" \/>\n<meta name=\"robots\" content=\"index, follow, max-snippet:-1, max-image-preview:large, max-video-preview:-1\" \/>\n<link rel=\"canonical\" href=\"https:\/\/palaset.com\/en\/product\/donation-box\/\" \/>\n<meta property=\"og:locale\" content=\"en_US\" \/>\n<meta property=\"og:type\" content=\"article\" \/>\n<meta property=\"og:title\" content=\"Donation box - Palaset\" \/>\n<meta property=\"og:description\" content=\"Palaset Collecting box is perfect for money collecthing campaigns. Own logo can be printed if desired.\" \/>\n<meta property=\"og:url\" content=\"https:\/\/palaset.com\/en\/product\/donation-box\/\" \/>\n<meta property=\"og:site_name\" content=\"Palaset\" \/>\n<meta property=\"article:publisher\" content=\"https:\/\/www.facebook.com\/Palasetfinland\" \/>\n<meta property=\"article:modified_time\" content=\"2023-09-06T08:07:52+00:00\" \/>\n<meta property=\"og:image\" content=\"https:\/\/palaset.com\/wp-content\/uploads\/2018\/10\/Ker\u00e4yslipas-2.png\" \/>\n\t<meta property=\"og:image:width\" content=\"640\" \/>\n\t<meta property=\"og:image:height\" content=\"578\" \/>\n\t<meta property=\"og:image:type\" content=\"image\/png\" \/>\n<meta name=\"twitter:card\" content=\"summary_large_image\" \/>\n<script type=\"application\/ld+json\" class=\"yoast-schema-graph\">{\"@context\":\"https:\\\/\\\/schema.org\",\"@graph\":[{\"@type\":\"WebPage\",\"@id\":\"https:\\\/\\\/palaset.com\\\/en\\\/product\\\/donation-box\\\/\",\"url\":\"https:\\\/\\\/palaset.com\\\/en\\\/product\\\/donation-box\\\/\",\"name\":\"Donation box - Palaset\",\"isPartOf\":{\"@id\":\"https:\\\/\\\/palaset.com\\\/en\\\/#website\"},\"primaryImageOfPage\":{\"@id\":\"https:\\\/\\\/palaset.com\\\/en\\\/product\\\/donation-box\\\/#primaryimage\"},\"image\":{\"@id\":\"https:\\\/\\\/palaset.com\\\/en\\\/product\\\/donation-box\\\/#primaryimage\"},\"thumbnailUrl\":\"https:\\\/\\\/palaset.com\\\/wp-content\\\/uploads\\\/2018\\\/10\\\/Ker\u00e4yslipas-2.png\",\"datePublished\":\"2018-09-30T21:00:00+00:00\",\"dateModified\":\"2023-09-06T08:07:52+00:00\",\"description\":\"Palaset Collecting box is perfect for money collecthing campaigns. Own logo can be printed if desired.\",\"breadcrumb\":{\"@id\":\"https:\\\/\\\/palaset.com\\\/en\\\/product\\\/donation-box\\\/#breadcrumb\"},\"inLanguage\":\"en-US\",\"potentialAction\":[{\"@type\":\"ReadAction\",\"target\":[\"https:\\\/\\\/palaset.com\\\/en\\\/product\\\/donation-box\\\/\"]}]},{\"@type\":\"ImageObject\",\"inLanguage\":\"en-US\",\"@id\":\"https:\\\/\\\/palaset.com\\\/en\\\/product\\\/donation-box\\\/#primaryimage\",\"url\":\"https:\\\/\\\/palaset.com\\\/wp-content\\\/uploads\\\/2018\\\/10\\\/Ker\u00e4yslipas-2.png\",\"contentUrl\":\"https:\\\/\\\/palaset.com\\\/wp-content\\\/uploads\\\/2018\\\/10\\\/Ker\u00e4yslipas-2.png\",\"width\":4109,\"height\":3709},{\"@type\":\"BreadcrumbList\",\"@id\":\"https:\\\/\\\/palaset.com\\\/en\\\/product\\\/donation-box\\\/#breadcrumb\",\"itemListElement\":[{\"@type\":\"ListItem\",\"position\":1,\"name\":\"Etusivu\",\"item\":\"https:\\\/\\\/palaset.com\\\/en\\\/\"},{\"@type\":\"ListItem\",\"position\":2,\"name\":\"Shop\",\"item\":\"https:\\\/\\\/palaset.com\\\/en\\\/shop\\\/\"},{\"@type\":\"ListItem\",\"position\":3,\"name\":\"Donation box\"}]},{\"@type\":\"WebSite\",\"@id\":\"https:\\\/\\\/palaset.com\\\/en\\\/#website\",\"url\":\"https:\\\/\\\/palaset.com\\\/en\\\/\",\"name\":\"Palaset\",\"description\":\"S\u00e4\u00e4st\u00f6lippaat, toimistotarvikkeet, henkarit - Plastep Oy\",\"publisher\":{\"@id\":\"https:\\\/\\\/palaset.com\\\/en\\\/#organization\"},\"potentialAction\":[{\"@type\":\"SearchAction\",\"target\":{\"@type\":\"EntryPoint\",\"urlTemplate\":\"https:\\\/\\\/palaset.com\\\/en\\\/?s={search_term_string}\"},\"query-input\":{\"@type\":\"PropertyValueSpecification\",\"valueRequired\":true,\"valueName\":\"search_term_string\"}}],\"inLanguage\":\"en-US\"},{\"@type\":\"Organization\",\"@id\":\"https:\\\/\\\/palaset.com\\\/en\\\/#organization\",\"name\":\"Plastep Oy\",\"url\":\"https:\\\/\\\/palaset.com\\\/en\\\/\",\"logo\":{\"@type\":\"ImageObject\",\"inLanguage\":\"en-US\",\"@id\":\"https:\\\/\\\/palaset.com\\\/en\\\/#\\\/schema\\\/logo\\\/image\\\/\",\"url\":\"https:\\\/\\\/palaset.com\\\/wp-content\\\/uploads\\\/2020\\\/04\\\/Palaset_black_skaalautuva.png\",\"contentUrl\":\"https:\\\/\\\/palaset.com\\\/wp-content\\\/uploads\\\/2020\\\/04\\\/Palaset_black_skaalautuva.png\",\"width\":905,\"height\":290,\"caption\":\"Plastep Oy\"},\"image\":{\"@id\":\"https:\\\/\\\/palaset.com\\\/en\\\/#\\\/schema\\\/logo\\\/image\\\/\"},\"sameAs\":[\"https:\\\/\\\/www.facebook.com\\\/Palasetfinland\",\"https:\\\/\\\/www.instagram.com\\\/palasetfinland\\\/\",\"https:\\\/\\\/www.linkedin.com\\\/company\\\/5756814\",\"https:\\\/\\\/fi.pinterest.com\\\/sarihokkanen0121\\\/_created\\\/\"]}]}<\/script>\n<!-- \/ Yoast SEO plugin. -->","yoast_head_json":{"title":"Donation box - Palaset","description":"Palaset Collecting box is perfect for money collecthing campaigns. Own logo can be printed if desired.","robots":{"index":"index","follow":"follow","max-snippet":"max-snippet:-1","max-image-preview":"max-image-preview:large","max-video-preview":"max-video-preview:-1"},"canonical":"https:\/\/palaset.com\/en\/product\/donation-box\/","og_locale":"en_US","og_type":"article","og_title":"Donation box - Palaset","og_description":"Palaset Collecting box is perfect for money collecthing campaigns. Own logo can be printed if desired.","og_url":"https:\/\/palaset.com\/en\/product\/donation-box\/","og_site_name":"Palaset","article_publisher":"https:\/\/www.facebook.com\/Palasetfinland","article_modified_time":"2023-09-06T08:07:52+00:00","og_image":[{"url":"https:\/\/palaset.com\/wp-content\/uploads\/2018\/10\/Ker\u00e4yslipas-2.png","width":640,"height":578,"type":"image\/png"}],"twitter_card":"summary_large_image","schema":{"@context":"https:\/\/schema.org","@graph":[{"@type":"WebPage","@id":"https:\/\/palaset.com\/en\/product\/donation-box\/","url":"https:\/\/palaset.com\/en\/product\/donation-box\/","name":"Donation box - Palaset","isPartOf":{"@id":"https:\/\/palaset.com\/en\/#website"},"primaryImageOfPage":{"@id":"https:\/\/palaset.com\/en\/product\/donation-box\/#primaryimage"},"image":{"@id":"https:\/\/palaset.com\/en\/product\/donation-box\/#primaryimage"},"thumbnailUrl":"https:\/\/palaset.com\/wp-content\/uploads\/2018\/10\/Ker\u00e4yslipas-2.png","datePublished":"2018-09-30T21:00:00+00:00","dateModified":"2023-09-06T08:07:52+00:00","description":"Palaset Collecting box is perfect for money collecthing campaigns. Own logo can be printed if desired.","breadcrumb":{"@id":"https:\/\/palaset.com\/en\/product\/donation-box\/#breadcrumb"},"inLanguage":"en-US","potentialAction":[{"@type":"ReadAction","target":["https:\/\/palaset.com\/en\/product\/donation-box\/"]}]},{"@type":"ImageObject","inLanguage":"en-US","@id":"https:\/\/palaset.com\/en\/product\/donation-box\/#primaryimage","url":"https:\/\/palaset.com\/wp-content\/uploads\/2018\/10\/Ker\u00e4yslipas-2.png","contentUrl":"https:\/\/palaset.com\/wp-content\/uploads\/2018\/10\/Ker\u00e4yslipas-2.png","width":4109,"height":3709},{"@type":"BreadcrumbList","@id":"https:\/\/palaset.com\/en\/product\/donation-box\/#breadcrumb","itemListElement":[{"@type":"ListItem","position":1,"name":"Etusivu","item":"https:\/\/palaset.com\/en\/"},{"@type":"ListItem","position":2,"name":"Shop","item":"https:\/\/palaset.com\/en\/shop\/"},{"@type":"ListItem","position":3,"name":"Donation box"}]},{"@type":"WebSite","@id":"https:\/\/palaset.com\/en\/#website","url":"https:\/\/palaset.com\/en\/","name":"Palaset","description":"S\u00e4\u00e4st\u00f6lippaat, toimistotarvikkeet, henkarit - Plastep Oy","publisher":{"@id":"https:\/\/palaset.com\/en\/#organization"},"potentialAction":[{"@type":"SearchAction","target":{"@type":"EntryPoint","urlTemplate":"https:\/\/palaset.com\/en\/?s={search_term_string}"},"query-input":{"@type":"PropertyValueSpecification","valueRequired":true,"valueName":"search_term_string"}}],"inLanguage":"en-US"},{"@type":"Organization","@id":"https:\/\/palaset.com\/en\/#organization","name":"Plastep Oy","url":"https:\/\/palaset.com\/en\/","logo":{"@type":"ImageObject","inLanguage":"en-US","@id":"https:\/\/palaset.com\/en\/#\/schema\/logo\/image\/","url":"https:\/\/palaset.com\/wp-content\/uploads\/2020\/04\/Palaset_black_skaalautuva.png","contentUrl":"https:\/\/palaset.com\/wp-content\/uploads\/2020\/04\/Palaset_black_skaalautuva.png","width":905,"height":290,"caption":"Plastep Oy"},"image":{"@id":"https:\/\/palaset.com\/en\/#\/schema\/logo\/image\/"},"sameAs":["https:\/\/www.facebook.com\/Palasetfinland","https:\/\/www.instagram.com\/palasetfinland\/","https:\/\/www.linkedin.com\/company\/5756814","https:\/\/fi.pinterest.com\/sarihokkanen0121\/_created\/"]}]}},"_links":{"self":[{"href":"https:\/\/palaset.com\/en\/wp-json\/wp\/v2\/product\/19310","targetHints":{"allow":["GET"]}}],"collection":[{"href":"https:\/\/palaset.com\/en\/wp-json\/wp\/v2\/product"}],"about":[{"href":"https:\/\/palaset.com\/en\/wp-json\/wp\/v2\/types\/product"}],"replies":[{"embeddable":true,"href":"https:\/\/palaset.com\/en\/wp-json\/wp\/v2\/comments?post=19310"}],"wp:featuredmedia":[{"embeddable":true,"href":"https:\/\/palaset.com\/en\/wp-json\/wp\/v2\/media\/20575"}],"wp:attachment":[{"href":"https:\/\/palaset.com\/en\/wp-json\/wp\/v2\/media?parent=19310"}],"wp:term":[{"taxonomy":"product_brand","embeddable":true,"href":"https:\/\/palaset.com\/en\/wp-json\/wp\/v2\/product_brand?post=19310"},{"taxonomy":"product_cat","embeddable":true,"href":"https:\/\/palaset.com\/en\/wp-json\/wp\/v2\/product_cat?post=19310"},{"taxonomy":"product_tag","embeddable":true,"href":"https:\/\/palaset.com\/en\/wp-json\/wp\/v2\/product_tag?post=19310"}],"curies":[{"name":"wp","href":"https:\/\/api.w.org\/{rel}","templated":true}]}}