{"id":20922,"date":"2019-03-26T16:43:03","date_gmt":"2019-03-26T14:43:03","guid":{"rendered":"https:\/\/palaset.com\/?post_type=product&#038;p=20922"},"modified":"2023-02-23T02:08:40","modified_gmt":"2023-02-23T00:08:40","slug":"tray-lid-for-box-m","status":"publish","type":"product","link":"https:\/\/palaset.com\/en\/product\/tray-lid-for-box-m\/","title":{"rendered":"Tray\/lid for Box M"},"content":{"rendered":"<p>Palaset M size lid\/tray is a stylish, high quality and timeless. It is suitable for M size box or eg. tray to led-candles or small serving tray at home and in the office.The tray is stackable. Made from food approved, BPA-free material. Can be disposed of in energy waste.<\/p>\n","protected":false},"excerpt":{"rendered":"Palaset M size lid\/tray is a stylish, high quality and timeless. It is suitable for M size box or eg. tray to led-candles or small serving tray at home and in the office.The tray is stackable.\r\n\r\n<img decoding=\"async\" class=\"alignnone wp-image-23570\" src=\"https:\/\/palaset.com\/wp-content\/uploads\/2018\/10\/1.jpg\" alt=\"\" width=\"70\" height=\"70\" srcset=\"https:\/\/palaset.com\/wp-content\/uploads\/2018\/10\/1.jpg 130w, https:\/\/palaset.com\/wp-content\/uploads\/2018\/10\/1-100x100.jpg 100w, https:\/\/palaset.com\/wp-content\/uploads\/2018\/10\/1-32x32.jpg 32w\" sizes=\"(max-width: 70px) 100vw, 70px\" \/> <img decoding=\"async\" class=\"alignnone wp-image-23576\" src=\"https:\/\/palaset.com\/wp-content\/uploads\/2018\/10\/3.jpg\" alt=\"\" width=\"70\" height=\"70\" srcset=\"https:\/\/palaset.com\/wp-content\/uploads\/2018\/10\/3.jpg 130w, https:\/\/palaset.com\/wp-content\/uploads\/2018\/10\/3-100x100.jpg 100w, https:\/\/palaset.com\/wp-content\/uploads\/2018\/10\/3-32x32.jpg 32w\" sizes=\"(max-width: 70px) 100vw, 70px\" \/> <img decoding=\"async\" class=\"alignnone wp-image-23572\" src=\"https:\/\/palaset.com\/wp-content\/uploads\/2018\/10\/2.jpg\" alt=\"\" width=\"70\" height=\"70\" srcset=\"https:\/\/palaset.com\/wp-content\/uploads\/2018\/10\/2.jpg 130w, https:\/\/palaset.com\/wp-content\/uploads\/2018\/10\/2-100x100.jpg 100w, https:\/\/palaset.com\/wp-content\/uploads\/2018\/10\/2-32x32.jpg 32w\" sizes=\"(max-width: 70px) 100vw, 70px\" \/> <img decoding=\"async\" class=\"alignnone wp-image-23574\" src=\"https:\/\/palaset.com\/wp-content\/uploads\/2018\/10\/4.jpg\" alt=\"\" width=\"70\" height=\"70\" srcset=\"https:\/\/palaset.com\/wp-content\/uploads\/2018\/10\/4.jpg 130w, https:\/\/palaset.com\/wp-content\/uploads\/2018\/10\/4-100x100.jpg 100w, https:\/\/palaset.com\/wp-content\/uploads\/2018\/10\/4-32x32.jpg 32w\" sizes=\"(max-width: 70px) 100vw, 70px\" \/>","protected":false},"featured_media":24523,"comment_status":"open","ping_status":"closed","template":"","meta":{"_acf_changed":false},"product_brand":[],"product_cat":[1326,1285,1152,1292,1139],"product_tag":[1192],"class_list":{"0":"post-20922","1":"product","2":"type-product","3":"status-publish","4":"has-post-thumbnail","6":"product_cat-lid-m","7":"product_cat-box-m","8":"product_cat-lids","9":"product_cat-tray-lid","10":"product_cat-trays","11":"product_tag-lid-for-box-m","12":"pa_mitat-126x126x23-mm-en","13":"pa_varit-clear","15":"first","16":"instock","17":"taxable","18":"shipping-taxable","19":"purchasable","20":"product-type-simple"},"acf":[],"yoast_head":"<!-- This site is optimized with the Yoast SEO plugin v27.4 - https:\/\/yoast.com\/product\/yoast-seo-wordpress\/ -->\n<title>Tray\/lid for Box M - Palaset<\/title>\n<meta name=\"description\" content=\"Palaset M size lid\/tray is a stylish, high quality and timeless. It is suitable for M size box or eg. tray to led-candles or small serving tray at home and in the office.\" \/>\n<meta name=\"robots\" content=\"index, follow, max-snippet:-1, max-image-preview:large, max-video-preview:-1\" \/>\n<link rel=\"canonical\" href=\"https:\/\/palaset.com\/en\/product\/tray-lid-for-box-m\/\" \/>\n<meta property=\"og:locale\" content=\"en_US\" \/>\n<meta property=\"og:type\" content=\"article\" \/>\n<meta property=\"og:title\" content=\"Tray\/lid for Box M - Palaset\" \/>\n<meta property=\"og:description\" content=\"Palaset M size lid\/tray is a stylish, high quality and timeless. It is suitable for M size box or eg. tray to led-candles or small serving tray at home and in the office.\" \/>\n<meta property=\"og:url\" content=\"https:\/\/palaset.com\/en\/product\/tray-lid-for-box-m\/\" \/>\n<meta property=\"og:site_name\" content=\"Palaset\" \/>\n<meta property=\"article:publisher\" content=\"https:\/\/www.facebook.com\/Palasetfinland\" \/>\n<meta property=\"article:modified_time\" content=\"2023-02-23T00:08:40+00:00\" \/>\n<meta property=\"og:image\" content=\"https:\/\/palaset.com\/wp-content\/uploads\/2019\/03\/traylid-for-box-m.png\" \/>\n\t<meta property=\"og:image:width\" content=\"2000\" \/>\n\t<meta property=\"og:image:height\" content=\"1333\" \/>\n\t<meta property=\"og:image:type\" content=\"image\/png\" \/>\n<meta name=\"twitter:card\" content=\"summary_large_image\" \/>\n<script type=\"application\/ld+json\" class=\"yoast-schema-graph\">{\"@context\":\"https:\\\/\\\/schema.org\",\"@graph\":[{\"@type\":\"WebPage\",\"@id\":\"https:\\\/\\\/palaset.com\\\/en\\\/product\\\/tray-lid-for-box-m\\\/\",\"url\":\"https:\\\/\\\/palaset.com\\\/en\\\/product\\\/tray-lid-for-box-m\\\/\",\"name\":\"Tray\\\/lid for Box M - Palaset\",\"isPartOf\":{\"@id\":\"https:\\\/\\\/palaset.com\\\/en\\\/#website\"},\"primaryImageOfPage\":{\"@id\":\"https:\\\/\\\/palaset.com\\\/en\\\/product\\\/tray-lid-for-box-m\\\/#primaryimage\"},\"image\":{\"@id\":\"https:\\\/\\\/palaset.com\\\/en\\\/product\\\/tray-lid-for-box-m\\\/#primaryimage\"},\"thumbnailUrl\":\"https:\\\/\\\/palaset.com\\\/wp-content\\\/uploads\\\/2019\\\/03\\\/traylid-for-box-m.png\",\"datePublished\":\"2019-03-26T14:43:03+00:00\",\"dateModified\":\"2023-02-23T00:08:40+00:00\",\"description\":\"Palaset M size lid\\\/tray is a stylish, high quality and timeless. It is suitable for M size box or eg. tray to led-candles or small serving tray at home and in the office.\",\"breadcrumb\":{\"@id\":\"https:\\\/\\\/palaset.com\\\/en\\\/product\\\/tray-lid-for-box-m\\\/#breadcrumb\"},\"inLanguage\":\"en-US\",\"potentialAction\":[{\"@type\":\"ReadAction\",\"target\":[\"https:\\\/\\\/palaset.com\\\/en\\\/product\\\/tray-lid-for-box-m\\\/\"]}]},{\"@type\":\"ImageObject\",\"inLanguage\":\"en-US\",\"@id\":\"https:\\\/\\\/palaset.com\\\/en\\\/product\\\/tray-lid-for-box-m\\\/#primaryimage\",\"url\":\"https:\\\/\\\/palaset.com\\\/wp-content\\\/uploads\\\/2019\\\/03\\\/traylid-for-box-m.png\",\"contentUrl\":\"https:\\\/\\\/palaset.com\\\/wp-content\\\/uploads\\\/2019\\\/03\\\/traylid-for-box-m.png\",\"width\":2000,\"height\":1333},{\"@type\":\"BreadcrumbList\",\"@id\":\"https:\\\/\\\/palaset.com\\\/en\\\/product\\\/tray-lid-for-box-m\\\/#breadcrumb\",\"itemListElement\":[{\"@type\":\"ListItem\",\"position\":1,\"name\":\"Etusivu\",\"item\":\"https:\\\/\\\/palaset.com\\\/en\\\/\"},{\"@type\":\"ListItem\",\"position\":2,\"name\":\"Shop\",\"item\":\"https:\\\/\\\/palaset.com\\\/en\\\/shop\\\/\"},{\"@type\":\"ListItem\",\"position\":3,\"name\":\"Tray\\\/lid for Box M\"}]},{\"@type\":\"WebSite\",\"@id\":\"https:\\\/\\\/palaset.com\\\/en\\\/#website\",\"url\":\"https:\\\/\\\/palaset.com\\\/en\\\/\",\"name\":\"Palaset\",\"description\":\"S\u00e4\u00e4st\u00f6lippaat, toimistotarvikkeet, henkarit - Plastep Oy\",\"publisher\":{\"@id\":\"https:\\\/\\\/palaset.com\\\/en\\\/#organization\"},\"potentialAction\":[{\"@type\":\"SearchAction\",\"target\":{\"@type\":\"EntryPoint\",\"urlTemplate\":\"https:\\\/\\\/palaset.com\\\/en\\\/?s={search_term_string}\"},\"query-input\":{\"@type\":\"PropertyValueSpecification\",\"valueRequired\":true,\"valueName\":\"search_term_string\"}}],\"inLanguage\":\"en-US\"},{\"@type\":\"Organization\",\"@id\":\"https:\\\/\\\/palaset.com\\\/en\\\/#organization\",\"name\":\"Plastep Oy\",\"url\":\"https:\\\/\\\/palaset.com\\\/en\\\/\",\"logo\":{\"@type\":\"ImageObject\",\"inLanguage\":\"en-US\",\"@id\":\"https:\\\/\\\/palaset.com\\\/en\\\/#\\\/schema\\\/logo\\\/image\\\/\",\"url\":\"https:\\\/\\\/palaset.com\\\/wp-content\\\/uploads\\\/2020\\\/04\\\/Palaset_black_skaalautuva.png\",\"contentUrl\":\"https:\\\/\\\/palaset.com\\\/wp-content\\\/uploads\\\/2020\\\/04\\\/Palaset_black_skaalautuva.png\",\"width\":905,\"height\":290,\"caption\":\"Plastep Oy\"},\"image\":{\"@id\":\"https:\\\/\\\/palaset.com\\\/en\\\/#\\\/schema\\\/logo\\\/image\\\/\"},\"sameAs\":[\"https:\\\/\\\/www.facebook.com\\\/Palasetfinland\",\"https:\\\/\\\/www.instagram.com\\\/palasetfinland\\\/\",\"https:\\\/\\\/www.linkedin.com\\\/company\\\/5756814\",\"https:\\\/\\\/fi.pinterest.com\\\/sarihokkanen0121\\\/_created\\\/\"]}]}<\/script>\n<!-- \/ Yoast SEO plugin. -->","yoast_head_json":{"title":"Tray\/lid for Box M - Palaset","description":"Palaset M size lid\/tray is a stylish, high quality and timeless. It is suitable for M size box or eg. tray to led-candles or small serving tray at home and in the office.","robots":{"index":"index","follow":"follow","max-snippet":"max-snippet:-1","max-image-preview":"max-image-preview:large","max-video-preview":"max-video-preview:-1"},"canonical":"https:\/\/palaset.com\/en\/product\/tray-lid-for-box-m\/","og_locale":"en_US","og_type":"article","og_title":"Tray\/lid for Box M - Palaset","og_description":"Palaset M size lid\/tray is a stylish, high quality and timeless. It is suitable for M size box or eg. tray to led-candles or small serving tray at home and in the office.","og_url":"https:\/\/palaset.com\/en\/product\/tray-lid-for-box-m\/","og_site_name":"Palaset","article_publisher":"https:\/\/www.facebook.com\/Palasetfinland","article_modified_time":"2023-02-23T00:08:40+00:00","og_image":[{"width":2000,"height":1333,"url":"https:\/\/palaset.com\/wp-content\/uploads\/2019\/03\/traylid-for-box-m.png","type":"image\/png"}],"twitter_card":"summary_large_image","schema":{"@context":"https:\/\/schema.org","@graph":[{"@type":"WebPage","@id":"https:\/\/palaset.com\/en\/product\/tray-lid-for-box-m\/","url":"https:\/\/palaset.com\/en\/product\/tray-lid-for-box-m\/","name":"Tray\/lid for Box M - Palaset","isPartOf":{"@id":"https:\/\/palaset.com\/en\/#website"},"primaryImageOfPage":{"@id":"https:\/\/palaset.com\/en\/product\/tray-lid-for-box-m\/#primaryimage"},"image":{"@id":"https:\/\/palaset.com\/en\/product\/tray-lid-for-box-m\/#primaryimage"},"thumbnailUrl":"https:\/\/palaset.com\/wp-content\/uploads\/2019\/03\/traylid-for-box-m.png","datePublished":"2019-03-26T14:43:03+00:00","dateModified":"2023-02-23T00:08:40+00:00","description":"Palaset M size lid\/tray is a stylish, high quality and timeless. It is suitable for M size box or eg. tray to led-candles or small serving tray at home and in the office.","breadcrumb":{"@id":"https:\/\/palaset.com\/en\/product\/tray-lid-for-box-m\/#breadcrumb"},"inLanguage":"en-US","potentialAction":[{"@type":"ReadAction","target":["https:\/\/palaset.com\/en\/product\/tray-lid-for-box-m\/"]}]},{"@type":"ImageObject","inLanguage":"en-US","@id":"https:\/\/palaset.com\/en\/product\/tray-lid-for-box-m\/#primaryimage","url":"https:\/\/palaset.com\/wp-content\/uploads\/2019\/03\/traylid-for-box-m.png","contentUrl":"https:\/\/palaset.com\/wp-content\/uploads\/2019\/03\/traylid-for-box-m.png","width":2000,"height":1333},{"@type":"BreadcrumbList","@id":"https:\/\/palaset.com\/en\/product\/tray-lid-for-box-m\/#breadcrumb","itemListElement":[{"@type":"ListItem","position":1,"name":"Etusivu","item":"https:\/\/palaset.com\/en\/"},{"@type":"ListItem","position":2,"name":"Shop","item":"https:\/\/palaset.com\/en\/shop\/"},{"@type":"ListItem","position":3,"name":"Tray\/lid for Box M"}]},{"@type":"WebSite","@id":"https:\/\/palaset.com\/en\/#website","url":"https:\/\/palaset.com\/en\/","name":"Palaset","description":"S\u00e4\u00e4st\u00f6lippaat, toimistotarvikkeet, henkarit - Plastep Oy","publisher":{"@id":"https:\/\/palaset.com\/en\/#organization"},"potentialAction":[{"@type":"SearchAction","target":{"@type":"EntryPoint","urlTemplate":"https:\/\/palaset.com\/en\/?s={search_term_string}"},"query-input":{"@type":"PropertyValueSpecification","valueRequired":true,"valueName":"search_term_string"}}],"inLanguage":"en-US"},{"@type":"Organization","@id":"https:\/\/palaset.com\/en\/#organization","name":"Plastep Oy","url":"https:\/\/palaset.com\/en\/","logo":{"@type":"ImageObject","inLanguage":"en-US","@id":"https:\/\/palaset.com\/en\/#\/schema\/logo\/image\/","url":"https:\/\/palaset.com\/wp-content\/uploads\/2020\/04\/Palaset_black_skaalautuva.png","contentUrl":"https:\/\/palaset.com\/wp-content\/uploads\/2020\/04\/Palaset_black_skaalautuva.png","width":905,"height":290,"caption":"Plastep Oy"},"image":{"@id":"https:\/\/palaset.com\/en\/#\/schema\/logo\/image\/"},"sameAs":["https:\/\/www.facebook.com\/Palasetfinland","https:\/\/www.instagram.com\/palasetfinland\/","https:\/\/www.linkedin.com\/company\/5756814","https:\/\/fi.pinterest.com\/sarihokkanen0121\/_created\/"]}]}},"_links":{"self":[{"href":"https:\/\/palaset.com\/en\/wp-json\/wp\/v2\/product\/20922","targetHints":{"allow":["GET"]}}],"collection":[{"href":"https:\/\/palaset.com\/en\/wp-json\/wp\/v2\/product"}],"about":[{"href":"https:\/\/palaset.com\/en\/wp-json\/wp\/v2\/types\/product"}],"replies":[{"embeddable":true,"href":"https:\/\/palaset.com\/en\/wp-json\/wp\/v2\/comments?post=20922"}],"wp:featuredmedia":[{"embeddable":true,"href":"https:\/\/palaset.com\/en\/wp-json\/wp\/v2\/media\/24523"}],"wp:attachment":[{"href":"https:\/\/palaset.com\/en\/wp-json\/wp\/v2\/media?parent=20922"}],"wp:term":[{"taxonomy":"product_brand","embeddable":true,"href":"https:\/\/palaset.com\/en\/wp-json\/wp\/v2\/product_brand?post=20922"},{"taxonomy":"product_cat","embeddable":true,"href":"https:\/\/palaset.com\/en\/wp-json\/wp\/v2\/product_cat?post=20922"},{"taxonomy":"product_tag","embeddable":true,"href":"https:\/\/palaset.com\/en\/wp-json\/wp\/v2\/product_tag?post=20922"}],"curies":[{"name":"wp","href":"https:\/\/api.w.org\/{rel}","templated":true}]}}