{"id":25006,"date":"2022-07-04T12:44:24","date_gmt":"2022-07-04T09:44:24","guid":{"rendered":"https:\/\/palaset.com\/?post_type=product&#038;p=25006"},"modified":"2022-07-12T12:37:58","modified_gmt":"2022-07-12T09:37:58","slug":"medi-elephant-rosa","status":"publish","type":"product","link":"https:\/\/palaset.com\/en\/product\/medi-elephant-rosa\/","title":{"rendered":"Medi Elephant rosa"},"content":{"rendered":"<p>Palaset Medi Elephant moneybox is our classic which has been manufactured since 1973. This moneybox is not only a moneybox but also a cute decoration. Elephant has a slot in the top for coins and it can be emptied through the bottom covered opening. Made from food approved, BPA-free material. 15 different color options.<br \/>\nWe produce moneyboxes in several attractive colors with your own logo, if order quantity is minimum 500 pcs. Ask for quotation.<\/p>\n<p>Not for resellers.<br \/>\nIf you\u2019re interested in becoming a reseller for Palaset products, please contact\u00a0<a href=\"mailto:palaset@plastep.fi\">palaset@plastep.fi<\/a><\/p>\n","protected":false},"excerpt":{"rendered":"Palaset Medi Elephant moneybox is our classic which has been manufactured since 1973. This moneybox is not only a moneybox but also a cute decoration. Elephant has a slot in the top for coins and it can be emptied through the bottom covered opening. Made from food approved, BPA-free material. 15 different color options.\r\n\r\nSize: lenght 96 mm, depth 115 mm, height 77 mm.\r\n\r\n&nbsp;","protected":false},"featured_media":36756,"comment_status":"open","ping_status":"closed","template":"","meta":{"_acf_changed":false},"product_brand":[],"product_cat":[1054,531],"product_tag":[],"class_list":{"0":"post-25006","1":"product","2":"type-product","3":"status-publish","4":"has-post-thumbnail","6":"product_cat-medi-elephant","7":"product_cat-moneyboxes","8":"pa_lukkovaihtoehdot-key-lock","9":"pa_mitat-l-96-mm-x-s-115-mm-x-h-77-mm","10":"pa_muuta-manufactured-at-plastep-oys-factory-in-pertunmaa-kuortti-finland","11":"pa_painatuksen-koko-30x25-frontside","12":"pa_varit-rosa","14":"first","15":"instock","16":"taxable","17":"shipping-taxable","18":"purchasable","19":"product-type-simple"},"acf":[],"yoast_head":"<!-- This site is optimized with the Yoast SEO plugin v27.3 - https:\/\/yoast.com\/product\/yoast-seo-wordpress\/ -->\n<title>Medi Elephant rosa - Palaset<\/title>\n<meta name=\"description\" content=\"Palaset Medi Elephant moneybox is our classic which has been manufactured since 1973. Made from BPA-free material. 15 different color options.\" \/>\n<meta name=\"robots\" content=\"index, follow, max-snippet:-1, max-image-preview:large, max-video-preview:-1\" \/>\n<link rel=\"canonical\" href=\"https:\/\/palaset.com\/en\/product\/medi-elephant-rosa\/\" \/>\n<meta property=\"og:locale\" content=\"en_US\" \/>\n<meta property=\"og:type\" content=\"article\" \/>\n<meta property=\"og:title\" content=\"Medi Elephant rosa - Palaset\" \/>\n<meta property=\"og:description\" content=\"Palaset Medi Elephant moneybox is our classic which has been manufactured since 1973. Made from BPA-free material. 15 different color options.\" \/>\n<meta property=\"og:url\" content=\"https:\/\/palaset.com\/en\/product\/medi-elephant-rosa\/\" \/>\n<meta property=\"og:site_name\" content=\"Palaset\" \/>\n<meta property=\"article:publisher\" content=\"https:\/\/www.facebook.com\/Palasetfinland\" \/>\n<meta property=\"article:modified_time\" content=\"2022-07-12T09:37:58+00:00\" \/>\n<meta property=\"og:image\" content=\"https:\/\/palaset.com\/wp-content\/uploads\/2020\/09\/Medi-Fantit-hyllylla.jpg\" \/>\n<meta name=\"twitter:card\" content=\"summary_large_image\" \/>\n<meta name=\"twitter:label1\" content=\"Est. reading time\" \/>\n\t<meta name=\"twitter:data1\" content=\"1 minute\" \/>\n<script type=\"application\/ld+json\" class=\"yoast-schema-graph\">{\"@context\":\"https:\\\/\\\/schema.org\",\"@graph\":[{\"@type\":\"WebPage\",\"@id\":\"https:\\\/\\\/palaset.com\\\/en\\\/product\\\/medi-elephant-rosa\\\/\",\"url\":\"https:\\\/\\\/palaset.com\\\/en\\\/product\\\/medi-elephant-rosa\\\/\",\"name\":\"Medi Elephant rosa - Palaset\",\"isPartOf\":{\"@id\":\"https:\\\/\\\/palaset.com\\\/en\\\/#website\"},\"primaryImageOfPage\":{\"@id\":\"https:\\\/\\\/palaset.com\\\/en\\\/product\\\/medi-elephant-rosa\\\/#primaryimage\"},\"image\":{\"@id\":\"https:\\\/\\\/palaset.com\\\/en\\\/product\\\/medi-elephant-rosa\\\/#primaryimage\"},\"thumbnailUrl\":\"https:\\\/\\\/palaset.com\\\/wp-content\\\/uploads\\\/2017\\\/09\\\/24_MEDI-ELEPHANT-ROSA-20314.jpg\",\"datePublished\":\"2022-07-04T09:44:24+00:00\",\"dateModified\":\"2022-07-12T09:37:58+00:00\",\"description\":\"Palaset Medi Elephant moneybox is our classic which has been manufactured since 1973. Made from BPA-free material. 15 different color options.\",\"breadcrumb\":{\"@id\":\"https:\\\/\\\/palaset.com\\\/en\\\/product\\\/medi-elephant-rosa\\\/#breadcrumb\"},\"inLanguage\":\"en-US\",\"potentialAction\":[{\"@type\":\"ReadAction\",\"target\":[\"https:\\\/\\\/palaset.com\\\/en\\\/product\\\/medi-elephant-rosa\\\/\"]}]},{\"@type\":\"ImageObject\",\"inLanguage\":\"en-US\",\"@id\":\"https:\\\/\\\/palaset.com\\\/en\\\/product\\\/medi-elephant-rosa\\\/#primaryimage\",\"url\":\"https:\\\/\\\/palaset.com\\\/wp-content\\\/uploads\\\/2017\\\/09\\\/24_MEDI-ELEPHANT-ROSA-20314.jpg\",\"contentUrl\":\"https:\\\/\\\/palaset.com\\\/wp-content\\\/uploads\\\/2017\\\/09\\\/24_MEDI-ELEPHANT-ROSA-20314.jpg\",\"width\":2000,\"height\":1333,\"caption\":\"Medi Elephant rosa\"},{\"@type\":\"BreadcrumbList\",\"@id\":\"https:\\\/\\\/palaset.com\\\/en\\\/product\\\/medi-elephant-rosa\\\/#breadcrumb\",\"itemListElement\":[{\"@type\":\"ListItem\",\"position\":1,\"name\":\"Etusivu\",\"item\":\"https:\\\/\\\/palaset.com\\\/en\\\/\"},{\"@type\":\"ListItem\",\"position\":2,\"name\":\"Shop\",\"item\":\"https:\\\/\\\/palaset.com\\\/en\\\/shop\\\/\"},{\"@type\":\"ListItem\",\"position\":3,\"name\":\"Medi Elephant rosa\"}]},{\"@type\":\"WebSite\",\"@id\":\"https:\\\/\\\/palaset.com\\\/en\\\/#website\",\"url\":\"https:\\\/\\\/palaset.com\\\/en\\\/\",\"name\":\"Palaset\",\"description\":\"S\u00e4\u00e4st\u00f6lippaat, toimistotarvikkeet, henkarit - Plastep Oy\",\"publisher\":{\"@id\":\"https:\\\/\\\/palaset.com\\\/en\\\/#organization\"},\"potentialAction\":[{\"@type\":\"SearchAction\",\"target\":{\"@type\":\"EntryPoint\",\"urlTemplate\":\"https:\\\/\\\/palaset.com\\\/en\\\/?s={search_term_string}\"},\"query-input\":{\"@type\":\"PropertyValueSpecification\",\"valueRequired\":true,\"valueName\":\"search_term_string\"}}],\"inLanguage\":\"en-US\"},{\"@type\":\"Organization\",\"@id\":\"https:\\\/\\\/palaset.com\\\/en\\\/#organization\",\"name\":\"Plastep Oy\",\"url\":\"https:\\\/\\\/palaset.com\\\/en\\\/\",\"logo\":{\"@type\":\"ImageObject\",\"inLanguage\":\"en-US\",\"@id\":\"https:\\\/\\\/palaset.com\\\/en\\\/#\\\/schema\\\/logo\\\/image\\\/\",\"url\":\"https:\\\/\\\/palaset.com\\\/wp-content\\\/uploads\\\/2020\\\/04\\\/Palaset_black_skaalautuva.png\",\"contentUrl\":\"https:\\\/\\\/palaset.com\\\/wp-content\\\/uploads\\\/2020\\\/04\\\/Palaset_black_skaalautuva.png\",\"width\":905,\"height\":290,\"caption\":\"Plastep Oy\"},\"image\":{\"@id\":\"https:\\\/\\\/palaset.com\\\/en\\\/#\\\/schema\\\/logo\\\/image\\\/\"},\"sameAs\":[\"https:\\\/\\\/www.facebook.com\\\/Palasetfinland\",\"https:\\\/\\\/www.instagram.com\\\/palasetfinland\\\/\",\"https:\\\/\\\/www.linkedin.com\\\/company\\\/5756814\",\"https:\\\/\\\/fi.pinterest.com\\\/sarihokkanen0121\\\/_created\\\/\"]}]}<\/script>\n<!-- \/ Yoast SEO plugin. -->","yoast_head_json":{"title":"Medi Elephant rosa - Palaset","description":"Palaset Medi Elephant moneybox is our classic which has been manufactured since 1973. Made from BPA-free material. 15 different color options.","robots":{"index":"index","follow":"follow","max-snippet":"max-snippet:-1","max-image-preview":"max-image-preview:large","max-video-preview":"max-video-preview:-1"},"canonical":"https:\/\/palaset.com\/en\/product\/medi-elephant-rosa\/","og_locale":"en_US","og_type":"article","og_title":"Medi Elephant rosa - Palaset","og_description":"Palaset Medi Elephant moneybox is our classic which has been manufactured since 1973. Made from BPA-free material. 15 different color options.","og_url":"https:\/\/palaset.com\/en\/product\/medi-elephant-rosa\/","og_site_name":"Palaset","article_publisher":"https:\/\/www.facebook.com\/Palasetfinland","article_modified_time":"2022-07-12T09:37:58+00:00","og_image":[{"url":"https:\/\/palaset.com\/wp-content\/uploads\/2020\/09\/Medi-Fantit-hyllylla.jpg","type":"","width":"","height":""}],"twitter_card":"summary_large_image","twitter_misc":{"Est. reading time":"1 minute"},"schema":{"@context":"https:\/\/schema.org","@graph":[{"@type":"WebPage","@id":"https:\/\/palaset.com\/en\/product\/medi-elephant-rosa\/","url":"https:\/\/palaset.com\/en\/product\/medi-elephant-rosa\/","name":"Medi Elephant rosa - Palaset","isPartOf":{"@id":"https:\/\/palaset.com\/en\/#website"},"primaryImageOfPage":{"@id":"https:\/\/palaset.com\/en\/product\/medi-elephant-rosa\/#primaryimage"},"image":{"@id":"https:\/\/palaset.com\/en\/product\/medi-elephant-rosa\/#primaryimage"},"thumbnailUrl":"https:\/\/palaset.com\/wp-content\/uploads\/2017\/09\/24_MEDI-ELEPHANT-ROSA-20314.jpg","datePublished":"2022-07-04T09:44:24+00:00","dateModified":"2022-07-12T09:37:58+00:00","description":"Palaset Medi Elephant moneybox is our classic which has been manufactured since 1973. Made from BPA-free material. 15 different color options.","breadcrumb":{"@id":"https:\/\/palaset.com\/en\/product\/medi-elephant-rosa\/#breadcrumb"},"inLanguage":"en-US","potentialAction":[{"@type":"ReadAction","target":["https:\/\/palaset.com\/en\/product\/medi-elephant-rosa\/"]}]},{"@type":"ImageObject","inLanguage":"en-US","@id":"https:\/\/palaset.com\/en\/product\/medi-elephant-rosa\/#primaryimage","url":"https:\/\/palaset.com\/wp-content\/uploads\/2017\/09\/24_MEDI-ELEPHANT-ROSA-20314.jpg","contentUrl":"https:\/\/palaset.com\/wp-content\/uploads\/2017\/09\/24_MEDI-ELEPHANT-ROSA-20314.jpg","width":2000,"height":1333,"caption":"Medi Elephant rosa"},{"@type":"BreadcrumbList","@id":"https:\/\/palaset.com\/en\/product\/medi-elephant-rosa\/#breadcrumb","itemListElement":[{"@type":"ListItem","position":1,"name":"Etusivu","item":"https:\/\/palaset.com\/en\/"},{"@type":"ListItem","position":2,"name":"Shop","item":"https:\/\/palaset.com\/en\/shop\/"},{"@type":"ListItem","position":3,"name":"Medi Elephant rosa"}]},{"@type":"WebSite","@id":"https:\/\/palaset.com\/en\/#website","url":"https:\/\/palaset.com\/en\/","name":"Palaset","description":"S\u00e4\u00e4st\u00f6lippaat, toimistotarvikkeet, henkarit - Plastep Oy","publisher":{"@id":"https:\/\/palaset.com\/en\/#organization"},"potentialAction":[{"@type":"SearchAction","target":{"@type":"EntryPoint","urlTemplate":"https:\/\/palaset.com\/en\/?s={search_term_string}"},"query-input":{"@type":"PropertyValueSpecification","valueRequired":true,"valueName":"search_term_string"}}],"inLanguage":"en-US"},{"@type":"Organization","@id":"https:\/\/palaset.com\/en\/#organization","name":"Plastep Oy","url":"https:\/\/palaset.com\/en\/","logo":{"@type":"ImageObject","inLanguage":"en-US","@id":"https:\/\/palaset.com\/en\/#\/schema\/logo\/image\/","url":"https:\/\/palaset.com\/wp-content\/uploads\/2020\/04\/Palaset_black_skaalautuva.png","contentUrl":"https:\/\/palaset.com\/wp-content\/uploads\/2020\/04\/Palaset_black_skaalautuva.png","width":905,"height":290,"caption":"Plastep Oy"},"image":{"@id":"https:\/\/palaset.com\/en\/#\/schema\/logo\/image\/"},"sameAs":["https:\/\/www.facebook.com\/Palasetfinland","https:\/\/www.instagram.com\/palasetfinland\/","https:\/\/www.linkedin.com\/company\/5756814","https:\/\/fi.pinterest.com\/sarihokkanen0121\/_created\/"]}]}},"_links":{"self":[{"href":"https:\/\/palaset.com\/en\/wp-json\/wp\/v2\/product\/25006","targetHints":{"allow":["GET"]}}],"collection":[{"href":"https:\/\/palaset.com\/en\/wp-json\/wp\/v2\/product"}],"about":[{"href":"https:\/\/palaset.com\/en\/wp-json\/wp\/v2\/types\/product"}],"replies":[{"embeddable":true,"href":"https:\/\/palaset.com\/en\/wp-json\/wp\/v2\/comments?post=25006"}],"wp:featuredmedia":[{"embeddable":true,"href":"https:\/\/palaset.com\/en\/wp-json\/wp\/v2\/media\/36756"}],"wp:attachment":[{"href":"https:\/\/palaset.com\/en\/wp-json\/wp\/v2\/media?parent=25006"}],"wp:term":[{"taxonomy":"product_brand","embeddable":true,"href":"https:\/\/palaset.com\/en\/wp-json\/wp\/v2\/product_brand?post=25006"},{"taxonomy":"product_cat","embeddable":true,"href":"https:\/\/palaset.com\/en\/wp-json\/wp\/v2\/product_cat?post=25006"},{"taxonomy":"product_tag","embeddable":true,"href":"https:\/\/palaset.com\/en\/wp-json\/wp\/v2\/product_tag?post=25006"}],"curies":[{"name":"wp","href":"https:\/\/api.w.org\/{rel}","templated":true}]}}