{"id":25261,"date":"2022-07-14T12:59:12","date_gmt":"2022-07-14T09:59:12","guid":{"rendered":"https:\/\/palaset.com\/?post_type=product&#038;p=25261"},"modified":"2022-11-17T13:56:43","modified_gmt":"2022-11-17T11:56:43","slug":"3-drawer-box-white","status":"publish","type":"product","link":"https:\/\/palaset.com\/en\/product\/3-drawer-box-white\/","title":{"rendered":"3-drawer box white"},"content":{"rendered":"<p>Palaset Palabox is a stylish, high quality and timeless box designed by finnish designer Ristomatti Ratia. Use it to hold variety of small items like makeup, jewelry, pens, pins, paper clips, screws etc.Stackable for more storage space. Made from food approved, BPA-free material. Can be disposed of in energy waste.<\/p>\n","protected":false},"excerpt":{"rendered":"Palaset Palabox is a stylish, high quality and timeless box designed by finnish designer Ristomatti Ratia. Use it to hold variety of small items like makeup, jewelry, pens, pins, paper clips, screws etc.Stackable for more storage space.\r\n\r\n<img decoding=\"async\" class=\"alignnone wp-image-23570\" src=\"https:\/\/palaset.com\/wp-content\/uploads\/2018\/10\/1.jpg\" alt=\"\" width=\"70\" height=\"70\" srcset=\"https:\/\/palaset.com\/wp-content\/uploads\/2018\/10\/1.jpg 130w, https:\/\/palaset.com\/wp-content\/uploads\/2018\/10\/1-100x100.jpg 100w, https:\/\/palaset.com\/wp-content\/uploads\/2018\/10\/1-32x32.jpg 32w\" sizes=\"(max-width: 70px) 100vw, 70px\" \/> <img decoding=\"async\" class=\"alignnone wp-image-23576\" src=\"https:\/\/palaset.com\/wp-content\/uploads\/2018\/10\/3.jpg\" alt=\"\" width=\"70\" height=\"70\" srcset=\"https:\/\/palaset.com\/wp-content\/uploads\/2018\/10\/3.jpg 130w, https:\/\/palaset.com\/wp-content\/uploads\/2018\/10\/3-100x100.jpg 100w, https:\/\/palaset.com\/wp-content\/uploads\/2018\/10\/3-32x32.jpg 32w\" sizes=\"(max-width: 70px) 100vw, 70px\" \/> <img decoding=\"async\" class=\"alignnone wp-image-23572\" src=\"https:\/\/palaset.com\/wp-content\/uploads\/2018\/10\/2.jpg\" alt=\"\" width=\"70\" height=\"70\" srcset=\"https:\/\/palaset.com\/wp-content\/uploads\/2018\/10\/2.jpg 130w, https:\/\/palaset.com\/wp-content\/uploads\/2018\/10\/2-100x100.jpg 100w, https:\/\/palaset.com\/wp-content\/uploads\/2018\/10\/2-32x32.jpg 32w\" sizes=\"(max-width: 70px) 100vw, 70px\" \/> <img decoding=\"async\" class=\"alignnone wp-image-23574\" src=\"https:\/\/palaset.com\/wp-content\/uploads\/2018\/10\/4.jpg\" alt=\"\" width=\"70\" height=\"70\" srcset=\"https:\/\/palaset.com\/wp-content\/uploads\/2018\/10\/4.jpg 130w, https:\/\/palaset.com\/wp-content\/uploads\/2018\/10\/4-100x100.jpg 100w, https:\/\/palaset.com\/wp-content\/uploads\/2018\/10\/4-32x32.jpg 32w\" sizes=\"(max-width: 70px) 100vw, 70px\" \/>","protected":false},"featured_media":24466,"comment_status":"open","ping_status":"closed","template":"","meta":{"_acf_changed":false},"product_brand":[],"product_cat":[1083,502],"product_tag":[],"class_list":{"0":"post-25261","1":"product","2":"type-product","3":"status-publish","4":"has-post-thumbnail","6":"product_cat-3-drawer-box","7":"product_cat-storage","8":"pa_designer-ristomatti-ratia-en","9":"pa_materiaali-100-polystyrene","10":"pa_mitat-165x165x165-mm-en","11":"pa_muuta-orders-of-over-500-pcs-are-also-available-in-multiple-colors-the-storage-pots-are-made-from-food-graded-plastic","12":"pa_varit-white","14":"first","15":"instock","16":"taxable","17":"shipping-taxable","18":"purchasable","19":"product-type-simple"},"acf":[],"yoast_head":"<!-- This site is optimized with the Yoast SEO plugin v27.5 - https:\/\/yoast.com\/product\/yoast-seo-wordpress\/ -->\n<title>3-drawer box white - Palaset<\/title>\n<meta name=\"description\" content=\"Palaset Palabox is a stylish, high quality and timeless box designed by finnish designer Ristomatti Ratia. Use it to hold variety of small items like makeup, jewelry, pens, pins, paper clips, screws etc.\" \/>\n<meta name=\"robots\" content=\"index, follow, max-snippet:-1, max-image-preview:large, max-video-preview:-1\" \/>\n<link rel=\"canonical\" href=\"https:\/\/palaset.com\/en\/product\/3-drawer-box-white\/\" \/>\n<meta property=\"og:locale\" content=\"en_US\" \/>\n<meta property=\"og:type\" content=\"article\" \/>\n<meta property=\"og:title\" content=\"3-drawer box white - Palaset\" \/>\n<meta property=\"og:description\" content=\"Palaset Palabox is a stylish, high quality and timeless box designed by finnish designer Ristomatti Ratia. Use it to hold variety of small items like makeup, jewelry, pens, pins, paper clips, screws etc.\" \/>\n<meta property=\"og:url\" content=\"https:\/\/palaset.com\/en\/product\/3-drawer-box-white\/\" \/>\n<meta property=\"og:site_name\" content=\"Palaset\" \/>\n<meta property=\"article:publisher\" content=\"https:\/\/www.facebook.com\/Palasetfinland\" \/>\n<meta property=\"article:modified_time\" content=\"2022-11-17T11:56:43+00:00\" \/>\n<meta property=\"og:image\" content=\"https:\/\/palaset.com\/wp-content\/uploads\/2018\/10\/3-drawer-box_Palalipas-P-0302.png\" \/>\n\t<meta property=\"og:image:width\" content=\"2000\" \/>\n\t<meta property=\"og:image:height\" content=\"1333\" \/>\n\t<meta property=\"og:image:type\" content=\"image\/png\" \/>\n<meta name=\"twitter:card\" content=\"summary_large_image\" \/>\n<script type=\"application\/ld+json\" class=\"yoast-schema-graph\">{\"@context\":\"https:\\\/\\\/schema.org\",\"@graph\":[{\"@type\":\"WebPage\",\"@id\":\"https:\\\/\\\/palaset.com\\\/en\\\/product\\\/3-drawer-box-white\\\/\",\"url\":\"https:\\\/\\\/palaset.com\\\/en\\\/product\\\/3-drawer-box-white\\\/\",\"name\":\"3-drawer box white - Palaset\",\"isPartOf\":{\"@id\":\"https:\\\/\\\/palaset.com\\\/en\\\/#website\"},\"primaryImageOfPage\":{\"@id\":\"https:\\\/\\\/palaset.com\\\/en\\\/product\\\/3-drawer-box-white\\\/#primaryimage\"},\"image\":{\"@id\":\"https:\\\/\\\/palaset.com\\\/en\\\/product\\\/3-drawer-box-white\\\/#primaryimage\"},\"thumbnailUrl\":\"https:\\\/\\\/palaset.com\\\/wp-content\\\/uploads\\\/2018\\\/10\\\/3-drawer-box_Palalipas-P-0302.png\",\"datePublished\":\"2022-07-14T09:59:12+00:00\",\"dateModified\":\"2022-11-17T11:56:43+00:00\",\"description\":\"Palaset Palabox is a stylish, high quality and timeless box designed by finnish designer Ristomatti Ratia. Use it to hold variety of small items like makeup, jewelry, pens, pins, paper clips, screws etc.\",\"breadcrumb\":{\"@id\":\"https:\\\/\\\/palaset.com\\\/en\\\/product\\\/3-drawer-box-white\\\/#breadcrumb\"},\"inLanguage\":\"en-US\",\"potentialAction\":[{\"@type\":\"ReadAction\",\"target\":[\"https:\\\/\\\/palaset.com\\\/en\\\/product\\\/3-drawer-box-white\\\/\"]}]},{\"@type\":\"ImageObject\",\"inLanguage\":\"en-US\",\"@id\":\"https:\\\/\\\/palaset.com\\\/en\\\/product\\\/3-drawer-box-white\\\/#primaryimage\",\"url\":\"https:\\\/\\\/palaset.com\\\/wp-content\\\/uploads\\\/2018\\\/10\\\/3-drawer-box_Palalipas-P-0302.png\",\"contentUrl\":\"https:\\\/\\\/palaset.com\\\/wp-content\\\/uploads\\\/2018\\\/10\\\/3-drawer-box_Palalipas-P-0302.png\",\"width\":2000,\"height\":1333},{\"@type\":\"BreadcrumbList\",\"@id\":\"https:\\\/\\\/palaset.com\\\/en\\\/product\\\/3-drawer-box-white\\\/#breadcrumb\",\"itemListElement\":[{\"@type\":\"ListItem\",\"position\":1,\"name\":\"Etusivu\",\"item\":\"https:\\\/\\\/palaset.com\\\/en\\\/\"},{\"@type\":\"ListItem\",\"position\":2,\"name\":\"Shop\",\"item\":\"https:\\\/\\\/palaset.com\\\/en\\\/shop\\\/\"},{\"@type\":\"ListItem\",\"position\":3,\"name\":\"3-drawer box white\"}]},{\"@type\":\"WebSite\",\"@id\":\"https:\\\/\\\/palaset.com\\\/en\\\/#website\",\"url\":\"https:\\\/\\\/palaset.com\\\/en\\\/\",\"name\":\"Palaset\",\"description\":\"S\u00e4\u00e4st\u00f6lippaat, toimistotarvikkeet, henkarit - Plastep Oy\",\"publisher\":{\"@id\":\"https:\\\/\\\/palaset.com\\\/en\\\/#organization\"},\"potentialAction\":[{\"@type\":\"SearchAction\",\"target\":{\"@type\":\"EntryPoint\",\"urlTemplate\":\"https:\\\/\\\/palaset.com\\\/en\\\/?s={search_term_string}\"},\"query-input\":{\"@type\":\"PropertyValueSpecification\",\"valueRequired\":true,\"valueName\":\"search_term_string\"}}],\"inLanguage\":\"en-US\"},{\"@type\":\"Organization\",\"@id\":\"https:\\\/\\\/palaset.com\\\/en\\\/#organization\",\"name\":\"Plastep Oy\",\"url\":\"https:\\\/\\\/palaset.com\\\/en\\\/\",\"logo\":{\"@type\":\"ImageObject\",\"inLanguage\":\"en-US\",\"@id\":\"https:\\\/\\\/palaset.com\\\/en\\\/#\\\/schema\\\/logo\\\/image\\\/\",\"url\":\"https:\\\/\\\/palaset.com\\\/wp-content\\\/uploads\\\/2020\\\/04\\\/Palaset_black_skaalautuva.png\",\"contentUrl\":\"https:\\\/\\\/palaset.com\\\/wp-content\\\/uploads\\\/2020\\\/04\\\/Palaset_black_skaalautuva.png\",\"width\":905,\"height\":290,\"caption\":\"Plastep Oy\"},\"image\":{\"@id\":\"https:\\\/\\\/palaset.com\\\/en\\\/#\\\/schema\\\/logo\\\/image\\\/\"},\"sameAs\":[\"https:\\\/\\\/www.facebook.com\\\/Palasetfinland\",\"https:\\\/\\\/www.instagram.com\\\/palasetfinland\\\/\",\"https:\\\/\\\/www.linkedin.com\\\/company\\\/5756814\",\"https:\\\/\\\/fi.pinterest.com\\\/sarihokkanen0121\\\/_created\\\/\"]}]}<\/script>\n<!-- \/ Yoast SEO plugin. -->","yoast_head_json":{"title":"3-drawer box white - Palaset","description":"Palaset Palabox is a stylish, high quality and timeless box designed by finnish designer Ristomatti Ratia. Use it to hold variety of small items like makeup, jewelry, pens, pins, paper clips, screws etc.","robots":{"index":"index","follow":"follow","max-snippet":"max-snippet:-1","max-image-preview":"max-image-preview:large","max-video-preview":"max-video-preview:-1"},"canonical":"https:\/\/palaset.com\/en\/product\/3-drawer-box-white\/","og_locale":"en_US","og_type":"article","og_title":"3-drawer box white - Palaset","og_description":"Palaset Palabox is a stylish, high quality and timeless box designed by finnish designer Ristomatti Ratia. Use it to hold variety of small items like makeup, jewelry, pens, pins, paper clips, screws etc.","og_url":"https:\/\/palaset.com\/en\/product\/3-drawer-box-white\/","og_site_name":"Palaset","article_publisher":"https:\/\/www.facebook.com\/Palasetfinland","article_modified_time":"2022-11-17T11:56:43+00:00","og_image":[{"width":2000,"height":1333,"url":"https:\/\/palaset.com\/wp-content\/uploads\/2018\/10\/3-drawer-box_Palalipas-P-0302.png","type":"image\/png"}],"twitter_card":"summary_large_image","schema":{"@context":"https:\/\/schema.org","@graph":[{"@type":"WebPage","@id":"https:\/\/palaset.com\/en\/product\/3-drawer-box-white\/","url":"https:\/\/palaset.com\/en\/product\/3-drawer-box-white\/","name":"3-drawer box white - Palaset","isPartOf":{"@id":"https:\/\/palaset.com\/en\/#website"},"primaryImageOfPage":{"@id":"https:\/\/palaset.com\/en\/product\/3-drawer-box-white\/#primaryimage"},"image":{"@id":"https:\/\/palaset.com\/en\/product\/3-drawer-box-white\/#primaryimage"},"thumbnailUrl":"https:\/\/palaset.com\/wp-content\/uploads\/2018\/10\/3-drawer-box_Palalipas-P-0302.png","datePublished":"2022-07-14T09:59:12+00:00","dateModified":"2022-11-17T11:56:43+00:00","description":"Palaset Palabox is a stylish, high quality and timeless box designed by finnish designer Ristomatti Ratia. Use it to hold variety of small items like makeup, jewelry, pens, pins, paper clips, screws etc.","breadcrumb":{"@id":"https:\/\/palaset.com\/en\/product\/3-drawer-box-white\/#breadcrumb"},"inLanguage":"en-US","potentialAction":[{"@type":"ReadAction","target":["https:\/\/palaset.com\/en\/product\/3-drawer-box-white\/"]}]},{"@type":"ImageObject","inLanguage":"en-US","@id":"https:\/\/palaset.com\/en\/product\/3-drawer-box-white\/#primaryimage","url":"https:\/\/palaset.com\/wp-content\/uploads\/2018\/10\/3-drawer-box_Palalipas-P-0302.png","contentUrl":"https:\/\/palaset.com\/wp-content\/uploads\/2018\/10\/3-drawer-box_Palalipas-P-0302.png","width":2000,"height":1333},{"@type":"BreadcrumbList","@id":"https:\/\/palaset.com\/en\/product\/3-drawer-box-white\/#breadcrumb","itemListElement":[{"@type":"ListItem","position":1,"name":"Etusivu","item":"https:\/\/palaset.com\/en\/"},{"@type":"ListItem","position":2,"name":"Shop","item":"https:\/\/palaset.com\/en\/shop\/"},{"@type":"ListItem","position":3,"name":"3-drawer box white"}]},{"@type":"WebSite","@id":"https:\/\/palaset.com\/en\/#website","url":"https:\/\/palaset.com\/en\/","name":"Palaset","description":"S\u00e4\u00e4st\u00f6lippaat, toimistotarvikkeet, henkarit - Plastep Oy","publisher":{"@id":"https:\/\/palaset.com\/en\/#organization"},"potentialAction":[{"@type":"SearchAction","target":{"@type":"EntryPoint","urlTemplate":"https:\/\/palaset.com\/en\/?s={search_term_string}"},"query-input":{"@type":"PropertyValueSpecification","valueRequired":true,"valueName":"search_term_string"}}],"inLanguage":"en-US"},{"@type":"Organization","@id":"https:\/\/palaset.com\/en\/#organization","name":"Plastep Oy","url":"https:\/\/palaset.com\/en\/","logo":{"@type":"ImageObject","inLanguage":"en-US","@id":"https:\/\/palaset.com\/en\/#\/schema\/logo\/image\/","url":"https:\/\/palaset.com\/wp-content\/uploads\/2020\/04\/Palaset_black_skaalautuva.png","contentUrl":"https:\/\/palaset.com\/wp-content\/uploads\/2020\/04\/Palaset_black_skaalautuva.png","width":905,"height":290,"caption":"Plastep Oy"},"image":{"@id":"https:\/\/palaset.com\/en\/#\/schema\/logo\/image\/"},"sameAs":["https:\/\/www.facebook.com\/Palasetfinland","https:\/\/www.instagram.com\/palasetfinland\/","https:\/\/www.linkedin.com\/company\/5756814","https:\/\/fi.pinterest.com\/sarihokkanen0121\/_created\/"]}]}},"_links":{"self":[{"href":"https:\/\/palaset.com\/en\/wp-json\/wp\/v2\/product\/25261","targetHints":{"allow":["GET"]}}],"collection":[{"href":"https:\/\/palaset.com\/en\/wp-json\/wp\/v2\/product"}],"about":[{"href":"https:\/\/palaset.com\/en\/wp-json\/wp\/v2\/types\/product"}],"replies":[{"embeddable":true,"href":"https:\/\/palaset.com\/en\/wp-json\/wp\/v2\/comments?post=25261"}],"wp:featuredmedia":[{"embeddable":true,"href":"https:\/\/palaset.com\/en\/wp-json\/wp\/v2\/media\/24466"}],"wp:attachment":[{"href":"https:\/\/palaset.com\/en\/wp-json\/wp\/v2\/media?parent=25261"}],"wp:term":[{"taxonomy":"product_brand","embeddable":true,"href":"https:\/\/palaset.com\/en\/wp-json\/wp\/v2\/product_brand?post=25261"},{"taxonomy":"product_cat","embeddable":true,"href":"https:\/\/palaset.com\/en\/wp-json\/wp\/v2\/product_cat?post=25261"},{"taxonomy":"product_tag","embeddable":true,"href":"https:\/\/palaset.com\/en\/wp-json\/wp\/v2\/product_tag?post=25261"}],"curies":[{"name":"wp","href":"https:\/\/api.w.org\/{rel}","templated":true}]}}