{"id":25294,"date":"2022-07-14T14:10:23","date_gmt":"2022-07-14T11:10:23","guid":{"rendered":"https:\/\/palaset.com\/?post_type=product&#038;p=25294"},"modified":"2023-01-11T18:33:46","modified_gmt":"2023-01-11T16:33:46","slug":"magazine-holder-black","status":"publish","type":"product","link":"https:\/\/palaset.com\/en\/product\/magazine-holder-black\/","title":{"rendered":"Magazine holder black"},"content":{"rendered":"<p>Palaset magazine holder is a stylish, high quality and timeless holder designed by Ristomatti Ratia. It is suitable for eg. storing magazines, newspapers and brochures. Perfect for home or office. Made from food approved, BPA-free material. Can be disposed of in energy waste.<\/p>\n","protected":false},"excerpt":{"rendered":"Palaset magazine holder is a stylish, high quality and timeless holder designed by Ristomatti Ratia. It is suitable for eg. storing magazines, newspapers and brochures. Perfect for home or office.\r\n\r\n<strong>Dimensions: W 100 x D 253 x H 230 mm<\/strong>\r\n\r\n<img decoding=\"async\" class=\"alignnone wp-image-23570\" src=\"https:\/\/palaset.com\/wp-content\/uploads\/2018\/10\/1.jpg\" alt=\"\" width=\"70\" height=\"70\" srcset=\"https:\/\/palaset.com\/wp-content\/uploads\/2018\/10\/1.jpg 130w, https:\/\/palaset.com\/wp-content\/uploads\/2018\/10\/1-100x100.jpg 100w, https:\/\/palaset.com\/wp-content\/uploads\/2018\/10\/1-32x32.jpg 32w\" sizes=\"(max-width: 70px) 100vw, 70px\" \/><img decoding=\"async\" class=\"alignnone wp-image-23576\" style=\"color: #333333; font-style: normal; font-weight: 300;\" src=\"https:\/\/palaset.com\/wp-content\/uploads\/2018\/10\/3.jpg\" alt=\"\" width=\"70\" height=\"70\" srcset=\"https:\/\/palaset.com\/wp-content\/uploads\/2018\/10\/3.jpg 130w, https:\/\/palaset.com\/wp-content\/uploads\/2018\/10\/3-100x100.jpg 100w, https:\/\/palaset.com\/wp-content\/uploads\/2018\/10\/3-32x32.jpg 32w\" sizes=\"(max-width: 70px) 100vw, 70px\" \/><img decoding=\"async\" class=\"alignnone wp-image-23572\" style=\"font-weight: 300;\" src=\"https:\/\/palaset.com\/wp-content\/uploads\/2018\/10\/2.jpg\" alt=\"\" width=\"70\" height=\"70\" srcset=\"https:\/\/palaset.com\/wp-content\/uploads\/2018\/10\/2.jpg 130w, https:\/\/palaset.com\/wp-content\/uploads\/2018\/10\/2-100x100.jpg 100w, https:\/\/palaset.com\/wp-content\/uploads\/2018\/10\/2-32x32.jpg 32w\" sizes=\"(max-width: 70px) 100vw, 70px\" \/> <span style=\"font-weight: 300;\">\u00a0<\/span><img decoding=\"async\" class=\"alignnone wp-image-23574\" style=\"color: #333333; font-style: normal; font-weight: 300;\" src=\"https:\/\/palaset.com\/wp-content\/uploads\/2018\/10\/4.jpg\" alt=\"\" width=\"70\" height=\"70\" srcset=\"https:\/\/palaset.com\/wp-content\/uploads\/2018\/10\/4.jpg 130w, https:\/\/palaset.com\/wp-content\/uploads\/2018\/10\/4-100x100.jpg 100w, https:\/\/palaset.com\/wp-content\/uploads\/2018\/10\/4-32x32.jpg 32w\" sizes=\"(max-width: 70px) 100vw, 70px\" \/>","protected":false},"featured_media":24503,"comment_status":"open","ping_status":"closed","template":"","meta":{"_acf_changed":false},"product_brand":[],"product_cat":[502,1135,1288],"product_tag":[1166],"class_list":{"0":"post-25294","1":"product","2":"type-product","3":"status-publish","4":"has-post-thumbnail","6":"product_cat-storage","7":"product_cat-magazine-holder","8":"product_cat-magazine-holder-en","9":"product_tag-magazine-holder","10":"pa_designer-ristomatti-ratia-en","11":"pa_kayttotarkoitus-albums-books-brochures-cataloques-copying-papers-folders-forms-invoices-letters-magazines-mail-publications","12":"pa_materiaali-100-polystyrene","13":"pa_mitat-100x253x230-mm-en","14":"pa_muuta-orders-of-over-500-pcs-are-also-available-in-multiple-colors-the-storage-pots-are-made-from-food-graded-plastic","15":"pa_varit-black","17":"first","18":"instock","19":"taxable","20":"shipping-taxable","21":"purchasable","22":"product-type-simple"},"acf":[],"yoast_head":"<!-- This site is optimized with the Yoast SEO plugin v27.4 - https:\/\/yoast.com\/product\/yoast-seo-wordpress\/ -->\n<title>Magazine holder black - Palaset<\/title>\n<meta name=\"description\" content=\"Palaset magazine holder is a stylish, high quality and timeless holder designed by Ristomatti Ratia. It is suitable for eg. storing magazines, newspapers and brochures. Perfect for home or office.\" \/>\n<meta name=\"robots\" content=\"index, follow, max-snippet:-1, max-image-preview:large, max-video-preview:-1\" \/>\n<link rel=\"canonical\" href=\"https:\/\/palaset.com\/en\/product\/magazine-holder-black\/\" \/>\n<meta property=\"og:locale\" content=\"en_US\" \/>\n<meta property=\"og:type\" content=\"article\" \/>\n<meta property=\"og:title\" content=\"Magazine holder black - Palaset\" \/>\n<meta property=\"og:description\" content=\"Palaset magazine holder is a stylish, high quality and timeless holder designed by Ristomatti Ratia. It is suitable for eg. storing magazines, newspapers and brochures. Perfect for home or office.\" \/>\n<meta property=\"og:url\" content=\"https:\/\/palaset.com\/en\/product\/magazine-holder-black\/\" \/>\n<meta property=\"og:site_name\" content=\"Palaset\" \/>\n<meta property=\"article:publisher\" content=\"https:\/\/www.facebook.com\/Palasetfinland\" \/>\n<meta property=\"article:modified_time\" content=\"2023-01-11T16:33:46+00:00\" \/>\n<meta property=\"og:image\" content=\"https:\/\/palaset.com\/wp-content\/uploads\/2018\/10\/Magazine-holder_Lehtikotelo-P-0804.png\" \/>\n\t<meta property=\"og:image:width\" content=\"2000\" \/>\n\t<meta property=\"og:image:height\" content=\"1333\" \/>\n\t<meta property=\"og:image:type\" content=\"image\/png\" \/>\n<meta name=\"twitter:card\" content=\"summary_large_image\" \/>\n<script type=\"application\/ld+json\" class=\"yoast-schema-graph\">{\"@context\":\"https:\\\/\\\/schema.org\",\"@graph\":[{\"@type\":\"WebPage\",\"@id\":\"https:\\\/\\\/palaset.com\\\/en\\\/product\\\/magazine-holder-black\\\/\",\"url\":\"https:\\\/\\\/palaset.com\\\/en\\\/product\\\/magazine-holder-black\\\/\",\"name\":\"Magazine holder black - Palaset\",\"isPartOf\":{\"@id\":\"https:\\\/\\\/palaset.com\\\/en\\\/#website\"},\"primaryImageOfPage\":{\"@id\":\"https:\\\/\\\/palaset.com\\\/en\\\/product\\\/magazine-holder-black\\\/#primaryimage\"},\"image\":{\"@id\":\"https:\\\/\\\/palaset.com\\\/en\\\/product\\\/magazine-holder-black\\\/#primaryimage\"},\"thumbnailUrl\":\"https:\\\/\\\/palaset.com\\\/wp-content\\\/uploads\\\/2018\\\/10\\\/Magazine-holder_Lehtikotelo-P-0804.png\",\"datePublished\":\"2022-07-14T11:10:23+00:00\",\"dateModified\":\"2023-01-11T16:33:46+00:00\",\"description\":\"Palaset magazine holder is a stylish, high quality and timeless holder designed by Ristomatti Ratia. It is suitable for eg. storing magazines, newspapers and brochures. Perfect for home or office.\",\"breadcrumb\":{\"@id\":\"https:\\\/\\\/palaset.com\\\/en\\\/product\\\/magazine-holder-black\\\/#breadcrumb\"},\"inLanguage\":\"en-US\",\"potentialAction\":[{\"@type\":\"ReadAction\",\"target\":[\"https:\\\/\\\/palaset.com\\\/en\\\/product\\\/magazine-holder-black\\\/\"]}]},{\"@type\":\"ImageObject\",\"inLanguage\":\"en-US\",\"@id\":\"https:\\\/\\\/palaset.com\\\/en\\\/product\\\/magazine-holder-black\\\/#primaryimage\",\"url\":\"https:\\\/\\\/palaset.com\\\/wp-content\\\/uploads\\\/2018\\\/10\\\/Magazine-holder_Lehtikotelo-P-0804.png\",\"contentUrl\":\"https:\\\/\\\/palaset.com\\\/wp-content\\\/uploads\\\/2018\\\/10\\\/Magazine-holder_Lehtikotelo-P-0804.png\",\"width\":2000,\"height\":1333},{\"@type\":\"BreadcrumbList\",\"@id\":\"https:\\\/\\\/palaset.com\\\/en\\\/product\\\/magazine-holder-black\\\/#breadcrumb\",\"itemListElement\":[{\"@type\":\"ListItem\",\"position\":1,\"name\":\"Etusivu\",\"item\":\"https:\\\/\\\/palaset.com\\\/en\\\/\"},{\"@type\":\"ListItem\",\"position\":2,\"name\":\"Shop\",\"item\":\"https:\\\/\\\/palaset.com\\\/en\\\/shop\\\/\"},{\"@type\":\"ListItem\",\"position\":3,\"name\":\"Magazine holder black\"}]},{\"@type\":\"WebSite\",\"@id\":\"https:\\\/\\\/palaset.com\\\/en\\\/#website\",\"url\":\"https:\\\/\\\/palaset.com\\\/en\\\/\",\"name\":\"Palaset\",\"description\":\"S\u00e4\u00e4st\u00f6lippaat, toimistotarvikkeet, henkarit - Plastep Oy\",\"publisher\":{\"@id\":\"https:\\\/\\\/palaset.com\\\/en\\\/#organization\"},\"potentialAction\":[{\"@type\":\"SearchAction\",\"target\":{\"@type\":\"EntryPoint\",\"urlTemplate\":\"https:\\\/\\\/palaset.com\\\/en\\\/?s={search_term_string}\"},\"query-input\":{\"@type\":\"PropertyValueSpecification\",\"valueRequired\":true,\"valueName\":\"search_term_string\"}}],\"inLanguage\":\"en-US\"},{\"@type\":\"Organization\",\"@id\":\"https:\\\/\\\/palaset.com\\\/en\\\/#organization\",\"name\":\"Plastep Oy\",\"url\":\"https:\\\/\\\/palaset.com\\\/en\\\/\",\"logo\":{\"@type\":\"ImageObject\",\"inLanguage\":\"en-US\",\"@id\":\"https:\\\/\\\/palaset.com\\\/en\\\/#\\\/schema\\\/logo\\\/image\\\/\",\"url\":\"https:\\\/\\\/palaset.com\\\/wp-content\\\/uploads\\\/2020\\\/04\\\/Palaset_black_skaalautuva.png\",\"contentUrl\":\"https:\\\/\\\/palaset.com\\\/wp-content\\\/uploads\\\/2020\\\/04\\\/Palaset_black_skaalautuva.png\",\"width\":905,\"height\":290,\"caption\":\"Plastep Oy\"},\"image\":{\"@id\":\"https:\\\/\\\/palaset.com\\\/en\\\/#\\\/schema\\\/logo\\\/image\\\/\"},\"sameAs\":[\"https:\\\/\\\/www.facebook.com\\\/Palasetfinland\",\"https:\\\/\\\/www.instagram.com\\\/palasetfinland\\\/\",\"https:\\\/\\\/www.linkedin.com\\\/company\\\/5756814\",\"https:\\\/\\\/fi.pinterest.com\\\/sarihokkanen0121\\\/_created\\\/\"]}]}<\/script>\n<!-- \/ Yoast SEO plugin. -->","yoast_head_json":{"title":"Magazine holder black - Palaset","description":"Palaset magazine holder is a stylish, high quality and timeless holder designed by Ristomatti Ratia. It is suitable for eg. storing magazines, newspapers and brochures. Perfect for home or office.","robots":{"index":"index","follow":"follow","max-snippet":"max-snippet:-1","max-image-preview":"max-image-preview:large","max-video-preview":"max-video-preview:-1"},"canonical":"https:\/\/palaset.com\/en\/product\/magazine-holder-black\/","og_locale":"en_US","og_type":"article","og_title":"Magazine holder black - Palaset","og_description":"Palaset magazine holder is a stylish, high quality and timeless holder designed by Ristomatti Ratia. It is suitable for eg. storing magazines, newspapers and brochures. Perfect for home or office.","og_url":"https:\/\/palaset.com\/en\/product\/magazine-holder-black\/","og_site_name":"Palaset","article_publisher":"https:\/\/www.facebook.com\/Palasetfinland","article_modified_time":"2023-01-11T16:33:46+00:00","og_image":[{"width":2000,"height":1333,"url":"https:\/\/palaset.com\/wp-content\/uploads\/2018\/10\/Magazine-holder_Lehtikotelo-P-0804.png","type":"image\/png"}],"twitter_card":"summary_large_image","schema":{"@context":"https:\/\/schema.org","@graph":[{"@type":"WebPage","@id":"https:\/\/palaset.com\/en\/product\/magazine-holder-black\/","url":"https:\/\/palaset.com\/en\/product\/magazine-holder-black\/","name":"Magazine holder black - Palaset","isPartOf":{"@id":"https:\/\/palaset.com\/en\/#website"},"primaryImageOfPage":{"@id":"https:\/\/palaset.com\/en\/product\/magazine-holder-black\/#primaryimage"},"image":{"@id":"https:\/\/palaset.com\/en\/product\/magazine-holder-black\/#primaryimage"},"thumbnailUrl":"https:\/\/palaset.com\/wp-content\/uploads\/2018\/10\/Magazine-holder_Lehtikotelo-P-0804.png","datePublished":"2022-07-14T11:10:23+00:00","dateModified":"2023-01-11T16:33:46+00:00","description":"Palaset magazine holder is a stylish, high quality and timeless holder designed by Ristomatti Ratia. It is suitable for eg. storing magazines, newspapers and brochures. Perfect for home or office.","breadcrumb":{"@id":"https:\/\/palaset.com\/en\/product\/magazine-holder-black\/#breadcrumb"},"inLanguage":"en-US","potentialAction":[{"@type":"ReadAction","target":["https:\/\/palaset.com\/en\/product\/magazine-holder-black\/"]}]},{"@type":"ImageObject","inLanguage":"en-US","@id":"https:\/\/palaset.com\/en\/product\/magazine-holder-black\/#primaryimage","url":"https:\/\/palaset.com\/wp-content\/uploads\/2018\/10\/Magazine-holder_Lehtikotelo-P-0804.png","contentUrl":"https:\/\/palaset.com\/wp-content\/uploads\/2018\/10\/Magazine-holder_Lehtikotelo-P-0804.png","width":2000,"height":1333},{"@type":"BreadcrumbList","@id":"https:\/\/palaset.com\/en\/product\/magazine-holder-black\/#breadcrumb","itemListElement":[{"@type":"ListItem","position":1,"name":"Etusivu","item":"https:\/\/palaset.com\/en\/"},{"@type":"ListItem","position":2,"name":"Shop","item":"https:\/\/palaset.com\/en\/shop\/"},{"@type":"ListItem","position":3,"name":"Magazine holder black"}]},{"@type":"WebSite","@id":"https:\/\/palaset.com\/en\/#website","url":"https:\/\/palaset.com\/en\/","name":"Palaset","description":"S\u00e4\u00e4st\u00f6lippaat, toimistotarvikkeet, henkarit - Plastep Oy","publisher":{"@id":"https:\/\/palaset.com\/en\/#organization"},"potentialAction":[{"@type":"SearchAction","target":{"@type":"EntryPoint","urlTemplate":"https:\/\/palaset.com\/en\/?s={search_term_string}"},"query-input":{"@type":"PropertyValueSpecification","valueRequired":true,"valueName":"search_term_string"}}],"inLanguage":"en-US"},{"@type":"Organization","@id":"https:\/\/palaset.com\/en\/#organization","name":"Plastep Oy","url":"https:\/\/palaset.com\/en\/","logo":{"@type":"ImageObject","inLanguage":"en-US","@id":"https:\/\/palaset.com\/en\/#\/schema\/logo\/image\/","url":"https:\/\/palaset.com\/wp-content\/uploads\/2020\/04\/Palaset_black_skaalautuva.png","contentUrl":"https:\/\/palaset.com\/wp-content\/uploads\/2020\/04\/Palaset_black_skaalautuva.png","width":905,"height":290,"caption":"Plastep Oy"},"image":{"@id":"https:\/\/palaset.com\/en\/#\/schema\/logo\/image\/"},"sameAs":["https:\/\/www.facebook.com\/Palasetfinland","https:\/\/www.instagram.com\/palasetfinland\/","https:\/\/www.linkedin.com\/company\/5756814","https:\/\/fi.pinterest.com\/sarihokkanen0121\/_created\/"]}]}},"_links":{"self":[{"href":"https:\/\/palaset.com\/en\/wp-json\/wp\/v2\/product\/25294","targetHints":{"allow":["GET"]}}],"collection":[{"href":"https:\/\/palaset.com\/en\/wp-json\/wp\/v2\/product"}],"about":[{"href":"https:\/\/palaset.com\/en\/wp-json\/wp\/v2\/types\/product"}],"replies":[{"embeddable":true,"href":"https:\/\/palaset.com\/en\/wp-json\/wp\/v2\/comments?post=25294"}],"wp:featuredmedia":[{"embeddable":true,"href":"https:\/\/palaset.com\/en\/wp-json\/wp\/v2\/media\/24503"}],"wp:attachment":[{"href":"https:\/\/palaset.com\/en\/wp-json\/wp\/v2\/media?parent=25294"}],"wp:term":[{"taxonomy":"product_brand","embeddable":true,"href":"https:\/\/palaset.com\/en\/wp-json\/wp\/v2\/product_brand?post=25294"},{"taxonomy":"product_cat","embeddable":true,"href":"https:\/\/palaset.com\/en\/wp-json\/wp\/v2\/product_cat?post=25294"},{"taxonomy":"product_tag","embeddable":true,"href":"https:\/\/palaset.com\/en\/wp-json\/wp\/v2\/product_tag?post=25294"}],"curies":[{"name":"wp","href":"https:\/\/api.w.org\/{rel}","templated":true}]}}