{"id":30462,"date":"2024-09-10T04:36:03","date_gmt":"2024-09-10T01:36:03","guid":{"rendered":"https:\/\/palaset.com\/?post_type=product&#038;p=30462"},"modified":"2024-10-28T15:24:33","modified_gmt":"2024-10-28T13:24:33","slug":"semi-elephant-pastelpink","status":"publish","type":"product","link":"https:\/\/palaset.com\/en\/product\/semi-elephant-pastelpink\/","title":{"rendered":"Semi Elephant pastel pink"},"content":{"rendered":"<p>Introducing the new Semi Fantti \u2013 Palaset&#8217;s charming mid-sized addition to our piggy bank collection! This stylish and practical elephant-themed coin bank adds joy to your decor while encouraging saving. Comes with a key. <\/p>\n","protected":false},"excerpt":{"rendered":"<p>The newest arrival!<\/p>\n<p>Semi Elephant is positioned between Maxi and Medi Elephant in size, offering an ideal option for those who are looking for something of a suitable medium size. This charming savings box seamlessly combines practicality and interior design elements.<\/p>\nElephant has a slot on the top for coins and it can be emptied through the bottom covered opening.\n\nMoneybox is made from food approved, BPA-free material.\n\nSize: lenght 13,4cm , depth 16cm , 10,8cm\n<br>\n<img decoding=\"async\" class=\"alignnone wp-image-22125\" src=\"https:\/\/palaset.com\/wp-content\/uploads\/2020\/03\/Made-In-Finland.png\" alt=\"\" width=\"60\" height=\"60\" srcset=\"https:\/\/palaset.com\/wp-content\/uploads\/2020\/03\/Made-In-Finland.png 130w, https:\/\/palaset.com\/wp-content\/uploads\/2020\/03\/Made-In-Finland-100x100.png 100w\" sizes=\"(max-width: 60px) 100vw, 60px\" \/> <img decoding=\"async\" class=\"alignnone wp-image-22123\" src=\"https:\/\/palaset.com\/wp-content\/uploads\/2020\/03\/Food-approved.png\" alt=\"\" width=\"60\" height=\"60\" srcset=\"https:\/\/palaset.com\/wp-content\/uploads\/2020\/03\/Food-approved.png 130w, https:\/\/palaset.com\/wp-content\/uploads\/2020\/03\/Food-approved-100x100.png 100w\" sizes=\"(max-width: 60px) 100vw, 60px\" \/> <img decoding=\"async\" class=\"alignnone wp-image-22119\" src=\"https:\/\/palaset.com\/wp-content\/uploads\/2020\/03\/BPA-free.png\" alt=\"\" width=\"60\" height=\"60\" srcset=\"https:\/\/palaset.com\/wp-content\/uploads\/2020\/03\/BPA-free.png 130w, https:\/\/palaset.com\/wp-content\/uploads\/2020\/03\/BPA-free-100x100.png 100w\" sizes=\"(max-width: 60px) 100vw, 60px\" \/>","protected":false},"featured_media":36779,"comment_status":"open","ping_status":"closed","template":"","meta":{"_acf_changed":false},"product_brand":[],"product_cat":[531,1214],"product_tag":[],"class_list":{"0":"post-30462","1":"product","2":"type-product","3":"status-publish","4":"has-post-thumbnail","6":"product_cat-moneyboxes","7":"product_cat-semi-elephant","8":"pa_lukkovaihtoehdot-key-lock","9":"pa_muuta-manufactured-at-plastep-oys-factory-in-pertunmaa-kuortti-finland","10":"pa_varit-pastel-pink","12":"first","13":"instock","14":"taxable","15":"shipping-taxable","16":"purchasable","17":"product-type-simple"},"acf":[],"yoast_head":"<!-- This site is optimized with the Yoast SEO plugin v27.4 - https:\/\/yoast.com\/product\/yoast-seo-wordpress\/ -->\n<title>Semi Elephant pastel pink - Palaset<\/title>\n<meta name=\"description\" content=\"Introducing the new Semi Fantti \u2013 Palaset&#039;s charming mid-sized addition to our piggy bank collection!\" \/>\n<meta name=\"robots\" content=\"index, follow, max-snippet:-1, max-image-preview:large, max-video-preview:-1\" \/>\n<link rel=\"canonical\" href=\"https:\/\/palaset.com\/en\/product\/semi-elephant-pastelpink\/\" \/>\n<meta property=\"og:locale\" content=\"en_US\" \/>\n<meta property=\"og:type\" content=\"article\" \/>\n<meta property=\"og:title\" content=\"Semi Elephant pastel pink - Palaset\" \/>\n<meta property=\"og:description\" content=\"Introducing the new Semi Fantti \u2013 Palaset&#039;s charming mid-sized addition to our piggy bank collection!\" \/>\n<meta property=\"og:url\" content=\"https:\/\/palaset.com\/en\/product\/semi-elephant-pastelpink\/\" \/>\n<meta property=\"og:site_name\" content=\"Palaset\" \/>\n<meta property=\"article:publisher\" content=\"https:\/\/www.facebook.com\/Palasetfinland\" \/>\n<meta property=\"article:modified_time\" content=\"2024-10-28T13:24:33+00:00\" \/>\n<meta property=\"og:image\" content=\"https:\/\/palaset.com\/wp-content\/uploads\/2020\/09\/Maxi-ja-medi-fantit_ryhma-e1601468850880.jpg\" \/>\n<meta name=\"twitter:card\" content=\"summary_large_image\" \/>\n<script type=\"application\/ld+json\" class=\"yoast-schema-graph\">{\"@context\":\"https:\\\/\\\/schema.org\",\"@graph\":[{\"@type\":\"WebPage\",\"@id\":\"https:\\\/\\\/palaset.com\\\/en\\\/product\\\/semi-elephant-pastelpink\\\/\",\"url\":\"https:\\\/\\\/palaset.com\\\/en\\\/product\\\/semi-elephant-pastelpink\\\/\",\"name\":\"Semi Elephant pastel pink - Palaset\",\"isPartOf\":{\"@id\":\"https:\\\/\\\/palaset.com\\\/en\\\/#website\"},\"primaryImageOfPage\":{\"@id\":\"https:\\\/\\\/palaset.com\\\/en\\\/product\\\/semi-elephant-pastelpink\\\/#primaryimage\"},\"image\":{\"@id\":\"https:\\\/\\\/palaset.com\\\/en\\\/product\\\/semi-elephant-pastelpink\\\/#primaryimage\"},\"thumbnailUrl\":\"https:\\\/\\\/palaset.com\\\/wp-content\\\/uploads\\\/2017\\\/09\\\/4_SEMI-ELEPHANT-PASTEL-PINK-20318.jpg\",\"datePublished\":\"2024-09-10T01:36:03+00:00\",\"dateModified\":\"2024-10-28T13:24:33+00:00\",\"description\":\"Introducing the new Semi Fantti \u2013 Palaset's charming mid-sized addition to our piggy bank collection!\",\"breadcrumb\":{\"@id\":\"https:\\\/\\\/palaset.com\\\/en\\\/product\\\/semi-elephant-pastelpink\\\/#breadcrumb\"},\"inLanguage\":\"en-US\",\"potentialAction\":[{\"@type\":\"ReadAction\",\"target\":[\"https:\\\/\\\/palaset.com\\\/en\\\/product\\\/semi-elephant-pastelpink\\\/\"]}]},{\"@type\":\"ImageObject\",\"inLanguage\":\"en-US\",\"@id\":\"https:\\\/\\\/palaset.com\\\/en\\\/product\\\/semi-elephant-pastelpink\\\/#primaryimage\",\"url\":\"https:\\\/\\\/palaset.com\\\/wp-content\\\/uploads\\\/2017\\\/09\\\/4_SEMI-ELEPHANT-PASTEL-PINK-20318.jpg\",\"contentUrl\":\"https:\\\/\\\/palaset.com\\\/wp-content\\\/uploads\\\/2017\\\/09\\\/4_SEMI-ELEPHANT-PASTEL-PINK-20318.jpg\",\"width\":2000,\"height\":1333,\"caption\":\"Semi Elephant pastel pink\"},{\"@type\":\"BreadcrumbList\",\"@id\":\"https:\\\/\\\/palaset.com\\\/en\\\/product\\\/semi-elephant-pastelpink\\\/#breadcrumb\",\"itemListElement\":[{\"@type\":\"ListItem\",\"position\":1,\"name\":\"Etusivu\",\"item\":\"https:\\\/\\\/palaset.com\\\/en\\\/\"},{\"@type\":\"ListItem\",\"position\":2,\"name\":\"Shop\",\"item\":\"https:\\\/\\\/palaset.com\\\/en\\\/shop\\\/\"},{\"@type\":\"ListItem\",\"position\":3,\"name\":\"Semi Elephant pastel pink\"}]},{\"@type\":\"WebSite\",\"@id\":\"https:\\\/\\\/palaset.com\\\/en\\\/#website\",\"url\":\"https:\\\/\\\/palaset.com\\\/en\\\/\",\"name\":\"Palaset\",\"description\":\"S\u00e4\u00e4st\u00f6lippaat, toimistotarvikkeet, henkarit - Plastep Oy\",\"publisher\":{\"@id\":\"https:\\\/\\\/palaset.com\\\/en\\\/#organization\"},\"potentialAction\":[{\"@type\":\"SearchAction\",\"target\":{\"@type\":\"EntryPoint\",\"urlTemplate\":\"https:\\\/\\\/palaset.com\\\/en\\\/?s={search_term_string}\"},\"query-input\":{\"@type\":\"PropertyValueSpecification\",\"valueRequired\":true,\"valueName\":\"search_term_string\"}}],\"inLanguage\":\"en-US\"},{\"@type\":\"Organization\",\"@id\":\"https:\\\/\\\/palaset.com\\\/en\\\/#organization\",\"name\":\"Plastep Oy\",\"url\":\"https:\\\/\\\/palaset.com\\\/en\\\/\",\"logo\":{\"@type\":\"ImageObject\",\"inLanguage\":\"en-US\",\"@id\":\"https:\\\/\\\/palaset.com\\\/en\\\/#\\\/schema\\\/logo\\\/image\\\/\",\"url\":\"https:\\\/\\\/palaset.com\\\/wp-content\\\/uploads\\\/2020\\\/04\\\/Palaset_black_skaalautuva.png\",\"contentUrl\":\"https:\\\/\\\/palaset.com\\\/wp-content\\\/uploads\\\/2020\\\/04\\\/Palaset_black_skaalautuva.png\",\"width\":905,\"height\":290,\"caption\":\"Plastep Oy\"},\"image\":{\"@id\":\"https:\\\/\\\/palaset.com\\\/en\\\/#\\\/schema\\\/logo\\\/image\\\/\"},\"sameAs\":[\"https:\\\/\\\/www.facebook.com\\\/Palasetfinland\",\"https:\\\/\\\/www.instagram.com\\\/palasetfinland\\\/\",\"https:\\\/\\\/www.linkedin.com\\\/company\\\/5756814\",\"https:\\\/\\\/fi.pinterest.com\\\/sarihokkanen0121\\\/_created\\\/\"]}]}<\/script>\n<!-- \/ Yoast SEO plugin. -->","yoast_head_json":{"title":"Semi Elephant pastel pink - Palaset","description":"Introducing the new Semi Fantti \u2013 Palaset's charming mid-sized addition to our piggy bank collection!","robots":{"index":"index","follow":"follow","max-snippet":"max-snippet:-1","max-image-preview":"max-image-preview:large","max-video-preview":"max-video-preview:-1"},"canonical":"https:\/\/palaset.com\/en\/product\/semi-elephant-pastelpink\/","og_locale":"en_US","og_type":"article","og_title":"Semi Elephant pastel pink - Palaset","og_description":"Introducing the new Semi Fantti \u2013 Palaset's charming mid-sized addition to our piggy bank collection!","og_url":"https:\/\/palaset.com\/en\/product\/semi-elephant-pastelpink\/","og_site_name":"Palaset","article_publisher":"https:\/\/www.facebook.com\/Palasetfinland","article_modified_time":"2024-10-28T13:24:33+00:00","og_image":[{"url":"https:\/\/palaset.com\/wp-content\/uploads\/2020\/09\/Maxi-ja-medi-fantit_ryhma-e1601468850880.jpg","type":"","width":"","height":""}],"twitter_card":"summary_large_image","schema":{"@context":"https:\/\/schema.org","@graph":[{"@type":"WebPage","@id":"https:\/\/palaset.com\/en\/product\/semi-elephant-pastelpink\/","url":"https:\/\/palaset.com\/en\/product\/semi-elephant-pastelpink\/","name":"Semi Elephant pastel pink - Palaset","isPartOf":{"@id":"https:\/\/palaset.com\/en\/#website"},"primaryImageOfPage":{"@id":"https:\/\/palaset.com\/en\/product\/semi-elephant-pastelpink\/#primaryimage"},"image":{"@id":"https:\/\/palaset.com\/en\/product\/semi-elephant-pastelpink\/#primaryimage"},"thumbnailUrl":"https:\/\/palaset.com\/wp-content\/uploads\/2017\/09\/4_SEMI-ELEPHANT-PASTEL-PINK-20318.jpg","datePublished":"2024-09-10T01:36:03+00:00","dateModified":"2024-10-28T13:24:33+00:00","description":"Introducing the new Semi Fantti \u2013 Palaset's charming mid-sized addition to our piggy bank collection!","breadcrumb":{"@id":"https:\/\/palaset.com\/en\/product\/semi-elephant-pastelpink\/#breadcrumb"},"inLanguage":"en-US","potentialAction":[{"@type":"ReadAction","target":["https:\/\/palaset.com\/en\/product\/semi-elephant-pastelpink\/"]}]},{"@type":"ImageObject","inLanguage":"en-US","@id":"https:\/\/palaset.com\/en\/product\/semi-elephant-pastelpink\/#primaryimage","url":"https:\/\/palaset.com\/wp-content\/uploads\/2017\/09\/4_SEMI-ELEPHANT-PASTEL-PINK-20318.jpg","contentUrl":"https:\/\/palaset.com\/wp-content\/uploads\/2017\/09\/4_SEMI-ELEPHANT-PASTEL-PINK-20318.jpg","width":2000,"height":1333,"caption":"Semi Elephant pastel pink"},{"@type":"BreadcrumbList","@id":"https:\/\/palaset.com\/en\/product\/semi-elephant-pastelpink\/#breadcrumb","itemListElement":[{"@type":"ListItem","position":1,"name":"Etusivu","item":"https:\/\/palaset.com\/en\/"},{"@type":"ListItem","position":2,"name":"Shop","item":"https:\/\/palaset.com\/en\/shop\/"},{"@type":"ListItem","position":3,"name":"Semi Elephant pastel pink"}]},{"@type":"WebSite","@id":"https:\/\/palaset.com\/en\/#website","url":"https:\/\/palaset.com\/en\/","name":"Palaset","description":"S\u00e4\u00e4st\u00f6lippaat, toimistotarvikkeet, henkarit - Plastep Oy","publisher":{"@id":"https:\/\/palaset.com\/en\/#organization"},"potentialAction":[{"@type":"SearchAction","target":{"@type":"EntryPoint","urlTemplate":"https:\/\/palaset.com\/en\/?s={search_term_string}"},"query-input":{"@type":"PropertyValueSpecification","valueRequired":true,"valueName":"search_term_string"}}],"inLanguage":"en-US"},{"@type":"Organization","@id":"https:\/\/palaset.com\/en\/#organization","name":"Plastep Oy","url":"https:\/\/palaset.com\/en\/","logo":{"@type":"ImageObject","inLanguage":"en-US","@id":"https:\/\/palaset.com\/en\/#\/schema\/logo\/image\/","url":"https:\/\/palaset.com\/wp-content\/uploads\/2020\/04\/Palaset_black_skaalautuva.png","contentUrl":"https:\/\/palaset.com\/wp-content\/uploads\/2020\/04\/Palaset_black_skaalautuva.png","width":905,"height":290,"caption":"Plastep Oy"},"image":{"@id":"https:\/\/palaset.com\/en\/#\/schema\/logo\/image\/"},"sameAs":["https:\/\/www.facebook.com\/Palasetfinland","https:\/\/www.instagram.com\/palasetfinland\/","https:\/\/www.linkedin.com\/company\/5756814","https:\/\/fi.pinterest.com\/sarihokkanen0121\/_created\/"]}]}},"_links":{"self":[{"href":"https:\/\/palaset.com\/en\/wp-json\/wp\/v2\/product\/30462","targetHints":{"allow":["GET"]}}],"collection":[{"href":"https:\/\/palaset.com\/en\/wp-json\/wp\/v2\/product"}],"about":[{"href":"https:\/\/palaset.com\/en\/wp-json\/wp\/v2\/types\/product"}],"replies":[{"embeddable":true,"href":"https:\/\/palaset.com\/en\/wp-json\/wp\/v2\/comments?post=30462"}],"wp:featuredmedia":[{"embeddable":true,"href":"https:\/\/palaset.com\/en\/wp-json\/wp\/v2\/media\/36779"}],"wp:attachment":[{"href":"https:\/\/palaset.com\/en\/wp-json\/wp\/v2\/media?parent=30462"}],"wp:term":[{"taxonomy":"product_brand","embeddable":true,"href":"https:\/\/palaset.com\/en\/wp-json\/wp\/v2\/product_brand?post=30462"},{"taxonomy":"product_cat","embeddable":true,"href":"https:\/\/palaset.com\/en\/wp-json\/wp\/v2\/product_cat?post=30462"},{"taxonomy":"product_tag","embeddable":true,"href":"https:\/\/palaset.com\/en\/wp-json\/wp\/v2\/product_tag?post=30462"}],"curies":[{"name":"wp","href":"https:\/\/api.w.org\/{rel}","templated":true}]}}