{"id":30889,"date":"2024-11-20T18:18:35","date_gmt":"2024-11-20T16:18:35","guid":{"rendered":"https:\/\/palaset.com\/?post_type=product&#038;p=30889"},"modified":"2024-11-20T18:21:11","modified_gmt":"2024-11-20T16:21:11","slug":"maxi-magazine-holder-white","status":"publish","type":"product","link":"https:\/\/palaset.com\/en\/product\/maxi-magazine-holder-white\/","title":{"rendered":"Maxi magazine holder white"},"content":{"rendered":"<p>The maxi magazine holder is a stylish and timeless classic designed by Ristomatti Ratia. It is suitable for storing magazines, newspapers, and brochures both at home and in the office. The product is made of food-grade BPA-free material and is dishwasher-safe.<\/p>\n","protected":false},"excerpt":{"rendered":"The maxi magazine holder is a stylish and timeless classic designed by Ristomatti Ratia. It is suitable for storing magazines, newspapers, and brochures both at home and in the office. The product is made of food-grade BPA-free material and is dishwasher-safe.","protected":false},"featured_media":30881,"comment_status":"closed","ping_status":"closed","template":"","meta":{"_acf_changed":false},"product_brand":[],"product_cat":[502,1135,1253],"product_tag":[],"class_list":{"0":"post-30889","1":"product","2":"type-product","3":"status-publish","4":"has-post-thumbnail","6":"product_cat-storage","7":"product_cat-magazine-holder","8":"product_cat-maxi-magazine-holder","9":"pa_designer-ristomatti-ratia-en","10":"pa_kayttotarkoitus-albums-books-brochures-cataloques-copying-papers-folders-forms-invoices-letters-magazines-mail-publications","11":"pa_materiaali-100-polystyrene","12":"pa_varit-black","13":"pa_varit-clear","14":"pa_varit-transparent-grey","15":"pa_varit-white","17":"first","18":"instock","19":"taxable","20":"shipping-taxable","21":"purchasable","22":"product-type-simple"},"acf":[],"yoast_head":"<!-- This site is optimized with the Yoast SEO plugin v27.4 - https:\/\/yoast.com\/product\/yoast-seo-wordpress\/ -->\n<title>Maxi magazine holder white - Palaset<\/title>\n<meta name=\"description\" content=\"Stylish and timeless large magazine holder by Ristomatti Ratia, perfect for storing magazines and brochures. Made from BPA-free, dishwasher-safe material.\" \/>\n<meta name=\"robots\" content=\"index, follow, max-snippet:-1, max-image-preview:large, max-video-preview:-1\" \/>\n<link rel=\"canonical\" href=\"https:\/\/palaset.com\/en\/product\/maxi-magazine-holder-white\/\" \/>\n<meta property=\"og:locale\" content=\"en_US\" \/>\n<meta property=\"og:type\" content=\"article\" \/>\n<meta property=\"og:title\" content=\"Maxi magazine holder white - Palaset\" \/>\n<meta property=\"og:description\" content=\"Stylish and timeless large magazine holder by Ristomatti Ratia, perfect for storing magazines and brochures. Made from BPA-free, dishwasher-safe material.\" \/>\n<meta property=\"og:url\" content=\"https:\/\/palaset.com\/en\/product\/maxi-magazine-holder-white\/\" \/>\n<meta property=\"og:site_name\" content=\"Palaset\" \/>\n<meta property=\"article:publisher\" content=\"https:\/\/www.facebook.com\/Palasetfinland\" \/>\n<meta property=\"article:modified_time\" content=\"2024-11-20T16:21:11+00:00\" \/>\n<meta property=\"og:image\" content=\"https:\/\/palaset.com\/wp-content\/uploads\/2020\/06\/Maxi-magazine-rack_Iso-lehtikotelo-P-1802-1.jpg\" \/>\n\t<meta property=\"og:image:width\" content=\"2000\" \/>\n\t<meta property=\"og:image:height\" content=\"1333\" \/>\n\t<meta property=\"og:image:type\" content=\"image\/jpeg\" \/>\n<meta name=\"twitter:card\" content=\"summary_large_image\" \/>\n<script type=\"application\/ld+json\" class=\"yoast-schema-graph\">{\"@context\":\"https:\\\/\\\/schema.org\",\"@graph\":[{\"@type\":\"WebPage\",\"@id\":\"https:\\\/\\\/palaset.com\\\/en\\\/product\\\/maxi-magazine-holder-white\\\/\",\"url\":\"https:\\\/\\\/palaset.com\\\/en\\\/product\\\/maxi-magazine-holder-white\\\/\",\"name\":\"Maxi magazine holder white - Palaset\",\"isPartOf\":{\"@id\":\"https:\\\/\\\/palaset.com\\\/en\\\/#website\"},\"primaryImageOfPage\":{\"@id\":\"https:\\\/\\\/palaset.com\\\/en\\\/product\\\/maxi-magazine-holder-white\\\/#primaryimage\"},\"image\":{\"@id\":\"https:\\\/\\\/palaset.com\\\/en\\\/product\\\/maxi-magazine-holder-white\\\/#primaryimage\"},\"thumbnailUrl\":\"https:\\\/\\\/palaset.com\\\/wp-content\\\/uploads\\\/2020\\\/06\\\/Maxi-magazine-rack_Iso-lehtikotelo-P-1802-1.jpg\",\"datePublished\":\"2024-11-20T16:18:35+00:00\",\"dateModified\":\"2024-11-20T16:21:11+00:00\",\"description\":\"Stylish and timeless large magazine holder by Ristomatti Ratia, perfect for storing magazines and brochures. Made from BPA-free, dishwasher-safe material.\",\"breadcrumb\":{\"@id\":\"https:\\\/\\\/palaset.com\\\/en\\\/product\\\/maxi-magazine-holder-white\\\/#breadcrumb\"},\"inLanguage\":\"en-US\",\"potentialAction\":[{\"@type\":\"ReadAction\",\"target\":[\"https:\\\/\\\/palaset.com\\\/en\\\/product\\\/maxi-magazine-holder-white\\\/\"]}]},{\"@type\":\"ImageObject\",\"inLanguage\":\"en-US\",\"@id\":\"https:\\\/\\\/palaset.com\\\/en\\\/product\\\/maxi-magazine-holder-white\\\/#primaryimage\",\"url\":\"https:\\\/\\\/palaset.com\\\/wp-content\\\/uploads\\\/2020\\\/06\\\/Maxi-magazine-rack_Iso-lehtikotelo-P-1802-1.jpg\",\"contentUrl\":\"https:\\\/\\\/palaset.com\\\/wp-content\\\/uploads\\\/2020\\\/06\\\/Maxi-magazine-rack_Iso-lehtikotelo-P-1802-1.jpg\",\"width\":2000,\"height\":1333},{\"@type\":\"BreadcrumbList\",\"@id\":\"https:\\\/\\\/palaset.com\\\/en\\\/product\\\/maxi-magazine-holder-white\\\/#breadcrumb\",\"itemListElement\":[{\"@type\":\"ListItem\",\"position\":1,\"name\":\"Etusivu\",\"item\":\"https:\\\/\\\/palaset.com\\\/en\\\/\"},{\"@type\":\"ListItem\",\"position\":2,\"name\":\"Shop\",\"item\":\"https:\\\/\\\/palaset.com\\\/en\\\/shop\\\/\"},{\"@type\":\"ListItem\",\"position\":3,\"name\":\"Maxi magazine holder white\"}]},{\"@type\":\"WebSite\",\"@id\":\"https:\\\/\\\/palaset.com\\\/en\\\/#website\",\"url\":\"https:\\\/\\\/palaset.com\\\/en\\\/\",\"name\":\"Palaset\",\"description\":\"S\u00e4\u00e4st\u00f6lippaat, toimistotarvikkeet, henkarit - Plastep Oy\",\"publisher\":{\"@id\":\"https:\\\/\\\/palaset.com\\\/en\\\/#organization\"},\"potentialAction\":[{\"@type\":\"SearchAction\",\"target\":{\"@type\":\"EntryPoint\",\"urlTemplate\":\"https:\\\/\\\/palaset.com\\\/en\\\/?s={search_term_string}\"},\"query-input\":{\"@type\":\"PropertyValueSpecification\",\"valueRequired\":true,\"valueName\":\"search_term_string\"}}],\"inLanguage\":\"en-US\"},{\"@type\":\"Organization\",\"@id\":\"https:\\\/\\\/palaset.com\\\/en\\\/#organization\",\"name\":\"Plastep Oy\",\"url\":\"https:\\\/\\\/palaset.com\\\/en\\\/\",\"logo\":{\"@type\":\"ImageObject\",\"inLanguage\":\"en-US\",\"@id\":\"https:\\\/\\\/palaset.com\\\/en\\\/#\\\/schema\\\/logo\\\/image\\\/\",\"url\":\"https:\\\/\\\/palaset.com\\\/wp-content\\\/uploads\\\/2020\\\/04\\\/Palaset_black_skaalautuva.png\",\"contentUrl\":\"https:\\\/\\\/palaset.com\\\/wp-content\\\/uploads\\\/2020\\\/04\\\/Palaset_black_skaalautuva.png\",\"width\":905,\"height\":290,\"caption\":\"Plastep Oy\"},\"image\":{\"@id\":\"https:\\\/\\\/palaset.com\\\/en\\\/#\\\/schema\\\/logo\\\/image\\\/\"},\"sameAs\":[\"https:\\\/\\\/www.facebook.com\\\/Palasetfinland\",\"https:\\\/\\\/www.instagram.com\\\/palasetfinland\\\/\",\"https:\\\/\\\/www.linkedin.com\\\/company\\\/5756814\",\"https:\\\/\\\/fi.pinterest.com\\\/sarihokkanen0121\\\/_created\\\/\"]}]}<\/script>\n<!-- \/ Yoast SEO plugin. -->","yoast_head_json":{"title":"Maxi magazine holder white - Palaset","description":"Stylish and timeless large magazine holder by Ristomatti Ratia, perfect for storing magazines and brochures. Made from BPA-free, dishwasher-safe material.","robots":{"index":"index","follow":"follow","max-snippet":"max-snippet:-1","max-image-preview":"max-image-preview:large","max-video-preview":"max-video-preview:-1"},"canonical":"https:\/\/palaset.com\/en\/product\/maxi-magazine-holder-white\/","og_locale":"en_US","og_type":"article","og_title":"Maxi magazine holder white - Palaset","og_description":"Stylish and timeless large magazine holder by Ristomatti Ratia, perfect for storing magazines and brochures. Made from BPA-free, dishwasher-safe material.","og_url":"https:\/\/palaset.com\/en\/product\/maxi-magazine-holder-white\/","og_site_name":"Palaset","article_publisher":"https:\/\/www.facebook.com\/Palasetfinland","article_modified_time":"2024-11-20T16:21:11+00:00","og_image":[{"width":2000,"height":1333,"url":"https:\/\/palaset.com\/wp-content\/uploads\/2020\/06\/Maxi-magazine-rack_Iso-lehtikotelo-P-1802-1.jpg","type":"image\/jpeg"}],"twitter_card":"summary_large_image","schema":{"@context":"https:\/\/schema.org","@graph":[{"@type":"WebPage","@id":"https:\/\/palaset.com\/en\/product\/maxi-magazine-holder-white\/","url":"https:\/\/palaset.com\/en\/product\/maxi-magazine-holder-white\/","name":"Maxi magazine holder white - Palaset","isPartOf":{"@id":"https:\/\/palaset.com\/en\/#website"},"primaryImageOfPage":{"@id":"https:\/\/palaset.com\/en\/product\/maxi-magazine-holder-white\/#primaryimage"},"image":{"@id":"https:\/\/palaset.com\/en\/product\/maxi-magazine-holder-white\/#primaryimage"},"thumbnailUrl":"https:\/\/palaset.com\/wp-content\/uploads\/2020\/06\/Maxi-magazine-rack_Iso-lehtikotelo-P-1802-1.jpg","datePublished":"2024-11-20T16:18:35+00:00","dateModified":"2024-11-20T16:21:11+00:00","description":"Stylish and timeless large magazine holder by Ristomatti Ratia, perfect for storing magazines and brochures. Made from BPA-free, dishwasher-safe material.","breadcrumb":{"@id":"https:\/\/palaset.com\/en\/product\/maxi-magazine-holder-white\/#breadcrumb"},"inLanguage":"en-US","potentialAction":[{"@type":"ReadAction","target":["https:\/\/palaset.com\/en\/product\/maxi-magazine-holder-white\/"]}]},{"@type":"ImageObject","inLanguage":"en-US","@id":"https:\/\/palaset.com\/en\/product\/maxi-magazine-holder-white\/#primaryimage","url":"https:\/\/palaset.com\/wp-content\/uploads\/2020\/06\/Maxi-magazine-rack_Iso-lehtikotelo-P-1802-1.jpg","contentUrl":"https:\/\/palaset.com\/wp-content\/uploads\/2020\/06\/Maxi-magazine-rack_Iso-lehtikotelo-P-1802-1.jpg","width":2000,"height":1333},{"@type":"BreadcrumbList","@id":"https:\/\/palaset.com\/en\/product\/maxi-magazine-holder-white\/#breadcrumb","itemListElement":[{"@type":"ListItem","position":1,"name":"Etusivu","item":"https:\/\/palaset.com\/en\/"},{"@type":"ListItem","position":2,"name":"Shop","item":"https:\/\/palaset.com\/en\/shop\/"},{"@type":"ListItem","position":3,"name":"Maxi magazine holder white"}]},{"@type":"WebSite","@id":"https:\/\/palaset.com\/en\/#website","url":"https:\/\/palaset.com\/en\/","name":"Palaset","description":"S\u00e4\u00e4st\u00f6lippaat, toimistotarvikkeet, henkarit - Plastep Oy","publisher":{"@id":"https:\/\/palaset.com\/en\/#organization"},"potentialAction":[{"@type":"SearchAction","target":{"@type":"EntryPoint","urlTemplate":"https:\/\/palaset.com\/en\/?s={search_term_string}"},"query-input":{"@type":"PropertyValueSpecification","valueRequired":true,"valueName":"search_term_string"}}],"inLanguage":"en-US"},{"@type":"Organization","@id":"https:\/\/palaset.com\/en\/#organization","name":"Plastep Oy","url":"https:\/\/palaset.com\/en\/","logo":{"@type":"ImageObject","inLanguage":"en-US","@id":"https:\/\/palaset.com\/en\/#\/schema\/logo\/image\/","url":"https:\/\/palaset.com\/wp-content\/uploads\/2020\/04\/Palaset_black_skaalautuva.png","contentUrl":"https:\/\/palaset.com\/wp-content\/uploads\/2020\/04\/Palaset_black_skaalautuva.png","width":905,"height":290,"caption":"Plastep Oy"},"image":{"@id":"https:\/\/palaset.com\/en\/#\/schema\/logo\/image\/"},"sameAs":["https:\/\/www.facebook.com\/Palasetfinland","https:\/\/www.instagram.com\/palasetfinland\/","https:\/\/www.linkedin.com\/company\/5756814","https:\/\/fi.pinterest.com\/sarihokkanen0121\/_created\/"]}]}},"_links":{"self":[{"href":"https:\/\/palaset.com\/en\/wp-json\/wp\/v2\/product\/30889","targetHints":{"allow":["GET"]}}],"collection":[{"href":"https:\/\/palaset.com\/en\/wp-json\/wp\/v2\/product"}],"about":[{"href":"https:\/\/palaset.com\/en\/wp-json\/wp\/v2\/types\/product"}],"replies":[{"embeddable":true,"href":"https:\/\/palaset.com\/en\/wp-json\/wp\/v2\/comments?post=30889"}],"wp:featuredmedia":[{"embeddable":true,"href":"https:\/\/palaset.com\/en\/wp-json\/wp\/v2\/media\/30881"}],"wp:attachment":[{"href":"https:\/\/palaset.com\/en\/wp-json\/wp\/v2\/media?parent=30889"}],"wp:term":[{"taxonomy":"product_brand","embeddable":true,"href":"https:\/\/palaset.com\/en\/wp-json\/wp\/v2\/product_brand?post=30889"},{"taxonomy":"product_cat","embeddable":true,"href":"https:\/\/palaset.com\/en\/wp-json\/wp\/v2\/product_cat?post=30889"},{"taxonomy":"product_tag","embeddable":true,"href":"https:\/\/palaset.com\/en\/wp-json\/wp\/v2\/product_tag?post=30889"}],"curies":[{"name":"wp","href":"https:\/\/api.w.org\/{rel}","templated":true}]}}