{"id":31370,"date":"2020-06-17T16:00:23","date_gmt":"2020-06-17T13:00:23","guid":{"rendered":"https:\/\/palaset.com\/tuote\/bucket-of-balls\/"},"modified":"2025-02-21T12:54:54","modified_gmt":"2025-02-21T10:54:54","slug":"bucket-of-balls","status":"publish","type":"product","link":"https:\/\/palaset.com\/en\/product\/bucket-of-balls\/","title":{"rendered":"\u00c4ij\u00e4 bucket"},"content":{"rendered":"<p>The domestic Aij\u00e4 bucket is a high-quality, bigger and stronger bucket than the basic bucket. It is ideal for a fishing trip as a transport bucket, cooler for soft drinks, as a gift for the host or as a sauna bucket for the sauna. The bucket is made of frost-resistant, sturdy PPC and is a key flag product. Colour black.   <\/p>\n<p>&nbsp;<\/p>\n<p>&nbsp;<\/p>\n<p>&nbsp;<\/p>\n","protected":false},"excerpt":{"rendered":"High quality, durable, domestic bucket for gifts, sauna bucket, berry patch or fish\/net bucket for fishing trips. Thanks to its flat shape, it is also ideal as a watering bucket for horses, for example. It also has excellent frost resistance. Diameter 33,5 cm, height 22,5 cm. Capacity 13l.   \n\n \n\n<img decoding=\"async\" class=\"alignnone wp-image-22125\" src=\"https:\/\/palaset.com\/wp-content\/uploads\/2020\/03\/Made-In-Finland.png\" alt=\"\" width=\"60\" height=\"60\" srcset=\"https:\/\/palaset.com\/wp-content\/uploads\/2020\/03\/Made-In-Finland.png 130w, https:\/\/palaset.com\/wp-content\/uploads\/2020\/03\/Made-In-Finland-100x100.png 100w\" sizes=\"(max-width: 60px) 100vw, 60px\" \/> <img decoding=\"async\" class=\"alignnone wp-image-22123\" src=\"https:\/\/palaset.com\/wp-content\/uploads\/2020\/03\/Food-approved.png\" alt=\"\" width=\"60\" height=\"60\" srcset=\"https:\/\/palaset.com\/wp-content\/uploads\/2020\/03\/Food-approved.png 130w, https:\/\/palaset.com\/wp-content\/uploads\/2020\/03\/Food-approved-100x100.png 100w\" sizes=\"(max-width: 60px) 100vw, 60px\" \/> <img decoding=\"async\" class=\"alignnone wp-image-22119\" src=\"https:\/\/palaset.com\/wp-content\/uploads\/2020\/03\/BPA-free.png\" alt=\"\" width=\"60\" height=\"60\" srcset=\"https:\/\/palaset.com\/wp-content\/uploads\/2020\/03\/BPA-free.png 130w, https:\/\/palaset.com\/wp-content\/uploads\/2020\/03\/BPA-free-100x100.png 100w\" sizes=\"(max-width: 60px) 100vw, 60px\" \/>\n\n&nbsp;\n\nMax order quantity 20 pieces. For larger quantities please contact our customer service palaset@plastep.fi ","protected":false},"featured_media":21420,"comment_status":"open","ping_status":"closed","template":"","meta":{"_acf_changed":false},"product_brand":[],"product_cat":[473],"product_tag":[1173],"class_list":{"0":"post-31370","1":"product","2":"type-product","3":"status-publish","4":"has-post-thumbnail","6":"product_cat-baskets","7":"product_tag-dude-bucket","8":"pa_varit-black","10":"first","11":"instock","12":"sale","13":"taxable","14":"shipping-taxable","15":"purchasable","16":"product-type-simple"},"acf":[],"yoast_head":"<!-- This site is optimized with the Yoast SEO plugin v27.4 - https:\/\/yoast.com\/product\/yoast-seo-wordpress\/ -->\n<title>Palaset - \u00c4ij\u00e4 bucket<\/title>\n<meta name=\"description\" content=\"High quality, durable, domestic bucket for gifts, sauna rod or net bucket for fishing trips.\" \/>\n<meta name=\"robots\" content=\"index, follow, max-snippet:-1, max-image-preview:large, max-video-preview:-1\" \/>\n<link rel=\"canonical\" href=\"https:\/\/palaset.com\/en\/product\/bucket-of-balls\/\" \/>\n<meta property=\"og:locale\" content=\"en_US\" \/>\n<meta property=\"og:type\" content=\"article\" \/>\n<meta property=\"og:title\" content=\"Palaset - \u00c4ij\u00e4 bucket\" \/>\n<meta property=\"og:description\" content=\"High quality, durable, domestic bucket for gifts, sauna rod or net bucket for fishing trips.\" \/>\n<meta property=\"og:url\" content=\"https:\/\/palaset.com\/en\/product\/bucket-of-balls\/\" \/>\n<meta property=\"og:site_name\" content=\"Palaset\" \/>\n<meta property=\"article:publisher\" content=\"https:\/\/www.facebook.com\/Palasetfinland\" \/>\n<meta property=\"article:modified_time\" content=\"2025-02-21T10:54:54+00:00\" \/>\n<meta property=\"og:image\" content=\"https:\/\/palaset.com\/wp-content\/uploads\/2020\/06\/HKV3857.jpg\" \/>\n\t<meta property=\"og:image:width\" content=\"1600\" \/>\n\t<meta property=\"og:image:height\" content=\"2000\" \/>\n\t<meta property=\"og:image:type\" content=\"image\/jpeg\" \/>\n<meta name=\"twitter:card\" content=\"summary_large_image\" \/>\n<script type=\"application\/ld+json\" class=\"yoast-schema-graph\">{\"@context\":\"https:\\\/\\\/schema.org\",\"@graph\":[{\"@type\":\"WebPage\",\"@id\":\"https:\\\/\\\/palaset.com\\\/en\\\/product\\\/bucket-of-balls\\\/\",\"url\":\"https:\\\/\\\/palaset.com\\\/en\\\/product\\\/bucket-of-balls\\\/\",\"name\":\"Palaset - \u00c4ij\u00e4 bucket\",\"isPartOf\":{\"@id\":\"https:\\\/\\\/palaset.com\\\/en\\\/#website\"},\"primaryImageOfPage\":{\"@id\":\"https:\\\/\\\/palaset.com\\\/en\\\/product\\\/bucket-of-balls\\\/#primaryimage\"},\"image\":{\"@id\":\"https:\\\/\\\/palaset.com\\\/en\\\/product\\\/bucket-of-balls\\\/#primaryimage\"},\"thumbnailUrl\":\"https:\\\/\\\/palaset.com\\\/wp-content\\\/uploads\\\/2020\\\/06\\\/HKV3857.jpg\",\"datePublished\":\"2020-06-17T13:00:23+00:00\",\"dateModified\":\"2025-02-21T10:54:54+00:00\",\"description\":\"High quality, durable, domestic bucket for gifts, sauna rod or net bucket for fishing trips.\",\"breadcrumb\":{\"@id\":\"https:\\\/\\\/palaset.com\\\/en\\\/product\\\/bucket-of-balls\\\/#breadcrumb\"},\"inLanguage\":\"en-US\",\"potentialAction\":[{\"@type\":\"ReadAction\",\"target\":[\"https:\\\/\\\/palaset.com\\\/en\\\/product\\\/bucket-of-balls\\\/\"]}]},{\"@type\":\"ImageObject\",\"inLanguage\":\"en-US\",\"@id\":\"https:\\\/\\\/palaset.com\\\/en\\\/product\\\/bucket-of-balls\\\/#primaryimage\",\"url\":\"https:\\\/\\\/palaset.com\\\/wp-content\\\/uploads\\\/2020\\\/06\\\/HKV3857.jpg\",\"contentUrl\":\"https:\\\/\\\/palaset.com\\\/wp-content\\\/uploads\\\/2020\\\/06\\\/HKV3857.jpg\",\"width\":1600,\"height\":2000},{\"@type\":\"BreadcrumbList\",\"@id\":\"https:\\\/\\\/palaset.com\\\/en\\\/product\\\/bucket-of-balls\\\/#breadcrumb\",\"itemListElement\":[{\"@type\":\"ListItem\",\"position\":1,\"name\":\"Etusivu\",\"item\":\"https:\\\/\\\/palaset.com\\\/en\\\/\"},{\"@type\":\"ListItem\",\"position\":2,\"name\":\"Shop\",\"item\":\"https:\\\/\\\/palaset.com\\\/en\\\/shop\\\/\"},{\"@type\":\"ListItem\",\"position\":3,\"name\":\"\u00c4ij\u00e4 bucket\"}]},{\"@type\":\"WebSite\",\"@id\":\"https:\\\/\\\/palaset.com\\\/en\\\/#website\",\"url\":\"https:\\\/\\\/palaset.com\\\/en\\\/\",\"name\":\"Palaset\",\"description\":\"S\u00e4\u00e4st\u00f6lippaat, toimistotarvikkeet, henkarit - Plastep Oy\",\"publisher\":{\"@id\":\"https:\\\/\\\/palaset.com\\\/en\\\/#organization\"},\"potentialAction\":[{\"@type\":\"SearchAction\",\"target\":{\"@type\":\"EntryPoint\",\"urlTemplate\":\"https:\\\/\\\/palaset.com\\\/en\\\/?s={search_term_string}\"},\"query-input\":{\"@type\":\"PropertyValueSpecification\",\"valueRequired\":true,\"valueName\":\"search_term_string\"}}],\"inLanguage\":\"en-US\"},{\"@type\":\"Organization\",\"@id\":\"https:\\\/\\\/palaset.com\\\/en\\\/#organization\",\"name\":\"Plastep Oy\",\"url\":\"https:\\\/\\\/palaset.com\\\/en\\\/\",\"logo\":{\"@type\":\"ImageObject\",\"inLanguage\":\"en-US\",\"@id\":\"https:\\\/\\\/palaset.com\\\/en\\\/#\\\/schema\\\/logo\\\/image\\\/\",\"url\":\"https:\\\/\\\/palaset.com\\\/wp-content\\\/uploads\\\/2020\\\/04\\\/Palaset_black_skaalautuva.png\",\"contentUrl\":\"https:\\\/\\\/palaset.com\\\/wp-content\\\/uploads\\\/2020\\\/04\\\/Palaset_black_skaalautuva.png\",\"width\":905,\"height\":290,\"caption\":\"Plastep Oy\"},\"image\":{\"@id\":\"https:\\\/\\\/palaset.com\\\/en\\\/#\\\/schema\\\/logo\\\/image\\\/\"},\"sameAs\":[\"https:\\\/\\\/www.facebook.com\\\/Palasetfinland\",\"https:\\\/\\\/www.instagram.com\\\/palasetfinland\\\/\",\"https:\\\/\\\/www.linkedin.com\\\/company\\\/5756814\",\"https:\\\/\\\/fi.pinterest.com\\\/sarihokkanen0121\\\/_created\\\/\"]}]}<\/script>\n<!-- \/ Yoast SEO plugin. -->","yoast_head_json":{"title":"Palaset - \u00c4ij\u00e4 bucket","description":"High quality, durable, domestic bucket for gifts, sauna rod or net bucket for fishing trips.","robots":{"index":"index","follow":"follow","max-snippet":"max-snippet:-1","max-image-preview":"max-image-preview:large","max-video-preview":"max-video-preview:-1"},"canonical":"https:\/\/palaset.com\/en\/product\/bucket-of-balls\/","og_locale":"en_US","og_type":"article","og_title":"Palaset - \u00c4ij\u00e4 bucket","og_description":"High quality, durable, domestic bucket for gifts, sauna rod or net bucket for fishing trips.","og_url":"https:\/\/palaset.com\/en\/product\/bucket-of-balls\/","og_site_name":"Palaset","article_publisher":"https:\/\/www.facebook.com\/Palasetfinland","article_modified_time":"2025-02-21T10:54:54+00:00","og_image":[{"width":1600,"height":2000,"url":"https:\/\/palaset.com\/wp-content\/uploads\/2020\/06\/HKV3857.jpg","type":"image\/jpeg"}],"twitter_card":"summary_large_image","schema":{"@context":"https:\/\/schema.org","@graph":[{"@type":"WebPage","@id":"https:\/\/palaset.com\/en\/product\/bucket-of-balls\/","url":"https:\/\/palaset.com\/en\/product\/bucket-of-balls\/","name":"Palaset - \u00c4ij\u00e4 bucket","isPartOf":{"@id":"https:\/\/palaset.com\/en\/#website"},"primaryImageOfPage":{"@id":"https:\/\/palaset.com\/en\/product\/bucket-of-balls\/#primaryimage"},"image":{"@id":"https:\/\/palaset.com\/en\/product\/bucket-of-balls\/#primaryimage"},"thumbnailUrl":"https:\/\/palaset.com\/wp-content\/uploads\/2020\/06\/HKV3857.jpg","datePublished":"2020-06-17T13:00:23+00:00","dateModified":"2025-02-21T10:54:54+00:00","description":"High quality, durable, domestic bucket for gifts, sauna rod or net bucket for fishing trips.","breadcrumb":{"@id":"https:\/\/palaset.com\/en\/product\/bucket-of-balls\/#breadcrumb"},"inLanguage":"en-US","potentialAction":[{"@type":"ReadAction","target":["https:\/\/palaset.com\/en\/product\/bucket-of-balls\/"]}]},{"@type":"ImageObject","inLanguage":"en-US","@id":"https:\/\/palaset.com\/en\/product\/bucket-of-balls\/#primaryimage","url":"https:\/\/palaset.com\/wp-content\/uploads\/2020\/06\/HKV3857.jpg","contentUrl":"https:\/\/palaset.com\/wp-content\/uploads\/2020\/06\/HKV3857.jpg","width":1600,"height":2000},{"@type":"BreadcrumbList","@id":"https:\/\/palaset.com\/en\/product\/bucket-of-balls\/#breadcrumb","itemListElement":[{"@type":"ListItem","position":1,"name":"Etusivu","item":"https:\/\/palaset.com\/en\/"},{"@type":"ListItem","position":2,"name":"Shop","item":"https:\/\/palaset.com\/en\/shop\/"},{"@type":"ListItem","position":3,"name":"\u00c4ij\u00e4 bucket"}]},{"@type":"WebSite","@id":"https:\/\/palaset.com\/en\/#website","url":"https:\/\/palaset.com\/en\/","name":"Palaset","description":"S\u00e4\u00e4st\u00f6lippaat, toimistotarvikkeet, henkarit - Plastep Oy","publisher":{"@id":"https:\/\/palaset.com\/en\/#organization"},"potentialAction":[{"@type":"SearchAction","target":{"@type":"EntryPoint","urlTemplate":"https:\/\/palaset.com\/en\/?s={search_term_string}"},"query-input":{"@type":"PropertyValueSpecification","valueRequired":true,"valueName":"search_term_string"}}],"inLanguage":"en-US"},{"@type":"Organization","@id":"https:\/\/palaset.com\/en\/#organization","name":"Plastep Oy","url":"https:\/\/palaset.com\/en\/","logo":{"@type":"ImageObject","inLanguage":"en-US","@id":"https:\/\/palaset.com\/en\/#\/schema\/logo\/image\/","url":"https:\/\/palaset.com\/wp-content\/uploads\/2020\/04\/Palaset_black_skaalautuva.png","contentUrl":"https:\/\/palaset.com\/wp-content\/uploads\/2020\/04\/Palaset_black_skaalautuva.png","width":905,"height":290,"caption":"Plastep Oy"},"image":{"@id":"https:\/\/palaset.com\/en\/#\/schema\/logo\/image\/"},"sameAs":["https:\/\/www.facebook.com\/Palasetfinland","https:\/\/www.instagram.com\/palasetfinland\/","https:\/\/www.linkedin.com\/company\/5756814","https:\/\/fi.pinterest.com\/sarihokkanen0121\/_created\/"]}]}},"_links":{"self":[{"href":"https:\/\/palaset.com\/en\/wp-json\/wp\/v2\/product\/31370","targetHints":{"allow":["GET"]}}],"collection":[{"href":"https:\/\/palaset.com\/en\/wp-json\/wp\/v2\/product"}],"about":[{"href":"https:\/\/palaset.com\/en\/wp-json\/wp\/v2\/types\/product"}],"replies":[{"embeddable":true,"href":"https:\/\/palaset.com\/en\/wp-json\/wp\/v2\/comments?post=31370"}],"wp:featuredmedia":[{"embeddable":true,"href":"https:\/\/palaset.com\/en\/wp-json\/wp\/v2\/media\/21420"}],"wp:attachment":[{"href":"https:\/\/palaset.com\/en\/wp-json\/wp\/v2\/media?parent=31370"}],"wp:term":[{"taxonomy":"product_brand","embeddable":true,"href":"https:\/\/palaset.com\/en\/wp-json\/wp\/v2\/product_brand?post=31370"},{"taxonomy":"product_cat","embeddable":true,"href":"https:\/\/palaset.com\/en\/wp-json\/wp\/v2\/product_cat?post=31370"},{"taxonomy":"product_tag","embeddable":true,"href":"https:\/\/palaset.com\/en\/wp-json\/wp\/v2\/product_tag?post=31370"}],"curies":[{"name":"wp","href":"https:\/\/api.w.org\/{rel}","templated":true}]}}