{"id":33289,"date":"2025-02-14T13:34:48","date_gmt":"2025-02-14T11:34:48","guid":{"rendered":"https:\/\/palaset.com\/tuote\/semi-fantti-roosa\/"},"modified":"2025-05-30T17:23:18","modified_gmt":"2025-05-30T14:23:18","slug":"semi-elephant-rosa","status":"publish","type":"product","link":"https:\/\/palaset.com\/en\/product\/semi-elephant-rosa\/","title":{"rendered":"Semi Elephant rosa"},"content":{"rendered":"<p>Introducing the new Semi Fantti \u2013 Palaset&#8217;s charming mid-sized addition to our piggy bank collection! This stylish and practical elephant-themed coin bank adds joy to your decor while encouraging saving. Comes with a key.<\/p>\n","protected":false},"excerpt":{"rendered":"The newest arrival!\r\n\r\nSemi Elephant is positioned between Maxi and Medi Elephant in size, offering an ideal option for those who are looking for something of a suitable medium size. This charming savings box seamlessly combines practicality and interior design elements.\r\n\r\nElephant has a slot on the top for coins and it can be emptied through the bottom covered opening.\r\n\r\nMoneybox is made from food approved, BPA-free material.\r\n\r\nSize: lenght 13,4cm , depth 16cm , 10,8cm\r\n\r\n<img decoding=\"async\" class=\"alignnone wp-image-22125\" src=\"https:\/\/palaset.com\/wp-content\/uploads\/2020\/03\/Made-In-Finland.png\" alt=\"\" width=\"60\" height=\"60\" srcset=\"https:\/\/palaset.com\/wp-content\/uploads\/2020\/03\/Made-In-Finland.png 130w, https:\/\/palaset.com\/wp-content\/uploads\/2020\/03\/Made-In-Finland-100x100.png 100w\" sizes=\"(max-width: 60px) 100vw, 60px\" \/> <img decoding=\"async\" class=\"alignnone wp-image-22123\" src=\"https:\/\/palaset.com\/wp-content\/uploads\/2020\/03\/Food-approved.png\" alt=\"\" width=\"60\" height=\"60\" srcset=\"https:\/\/palaset.com\/wp-content\/uploads\/2020\/03\/Food-approved.png 130w, https:\/\/palaset.com\/wp-content\/uploads\/2020\/03\/Food-approved-100x100.png 100w\" sizes=\"(max-width: 60px) 100vw, 60px\" \/> <img decoding=\"async\" class=\"alignnone wp-image-22119\" src=\"https:\/\/palaset.com\/wp-content\/uploads\/2020\/03\/BPA-free.png\" alt=\"\" width=\"60\" height=\"60\" srcset=\"https:\/\/palaset.com\/wp-content\/uploads\/2020\/03\/BPA-free.png 130w, https:\/\/palaset.com\/wp-content\/uploads\/2020\/03\/BPA-free-100x100.png 100w\" sizes=\"(max-width: 60px) 100vw, 60px\" \/>","protected":false},"featured_media":36776,"comment_status":"open","ping_status":"closed","template":"","meta":{"_acf_changed":false},"product_brand":[],"product_cat":[531,1214],"product_tag":[],"class_list":{"0":"post-33289","1":"product","2":"type-product","3":"status-publish","4":"has-post-thumbnail","6":"product_cat-moneyboxes","7":"product_cat-semi-elephant","8":"pa_lukkovaihtoehdot-key-lock","9":"pa_muuta-manufactured-at-plastep-oys-factory-in-pertunmaa-kuortti-finland","10":"pa_varit-rosa","12":"first","13":"instock","14":"taxable","15":"shipping-taxable","16":"purchasable","17":"product-type-simple"},"acf":[],"yoast_head":"<!-- This site is optimized with the Yoast SEO plugin v27.4 - https:\/\/yoast.com\/product\/yoast-seo-wordpress\/ -->\n<title>Semi Elephant rosa - Palaset<\/title>\n<meta name=\"description\" content=\"Introducing the new Semi Elephant \u2013 Palaset&#039;s charming mid-sized addition to our piggy bank collection!\" \/>\n<meta name=\"robots\" content=\"index, follow, max-snippet:-1, max-image-preview:large, max-video-preview:-1\" \/>\n<link rel=\"canonical\" href=\"https:\/\/palaset.com\/en\/product\/semi-elephant-rosa\/\" \/>\n<meta property=\"og:locale\" content=\"en_US\" \/>\n<meta property=\"og:type\" content=\"article\" \/>\n<meta property=\"og:title\" content=\"Maxi Fantti\" \/>\n<meta property=\"og:description\" content=\"Maxi Fantti on kotimainen sisustuksellinen s\u00e4\u00e4st\u00f6lipas, joka on valloittanut maailmaa jo vuodesta 1975 l\u00e4htien.\" \/>\n<meta property=\"og:url\" content=\"https:\/\/palaset.com\/en\/product\/semi-elephant-rosa\/\" \/>\n<meta property=\"og:site_name\" content=\"Palaset\" \/>\n<meta property=\"article:publisher\" content=\"https:\/\/www.facebook.com\/Palasetfinland\" \/>\n<meta property=\"article:modified_time\" content=\"2025-05-30T14:23:18+00:00\" \/>\n<meta property=\"og:image\" content=\"https:\/\/palaset.com\/wp-content\/uploads\/2020\/09\/Maxi-ja-medi-fantit_ryhma-e1601468850880.jpg\" \/>\n\t<meta property=\"og:image:width\" content=\"1729\" \/>\n\t<meta property=\"og:image:height\" content=\"1502\" \/>\n\t<meta property=\"og:image:type\" content=\"image\/jpeg\" \/>\n<meta name=\"twitter:card\" content=\"summary_large_image\" \/>\n<meta name=\"twitter:label1\" content=\"Est. reading time\" \/>\n\t<meta name=\"twitter:data1\" content=\"1 minute\" \/>\n<script type=\"application\/ld+json\" class=\"yoast-schema-graph\">{\"@context\":\"https:\\\/\\\/schema.org\",\"@graph\":[{\"@type\":\"WebPage\",\"@id\":\"https:\\\/\\\/palaset.com\\\/en\\\/product\\\/semi-elephant-rosa\\\/\",\"url\":\"https:\\\/\\\/palaset.com\\\/en\\\/product\\\/semi-elephant-rosa\\\/\",\"name\":\"Semi Elephant rosa - Palaset\",\"isPartOf\":{\"@id\":\"https:\\\/\\\/palaset.com\\\/en\\\/#website\"},\"primaryImageOfPage\":{\"@id\":\"https:\\\/\\\/palaset.com\\\/en\\\/product\\\/semi-elephant-rosa\\\/#primaryimage\"},\"image\":{\"@id\":\"https:\\\/\\\/palaset.com\\\/en\\\/product\\\/semi-elephant-rosa\\\/#primaryimage\"},\"thumbnailUrl\":\"https:\\\/\\\/palaset.com\\\/wp-content\\\/uploads\\\/2017\\\/09\\\/5_SEMI-ELEPHANT-ROSA-25314.jpg\",\"datePublished\":\"2025-02-14T11:34:48+00:00\",\"dateModified\":\"2025-05-30T14:23:18+00:00\",\"description\":\"Introducing the new Semi Elephant \u2013 Palaset's charming mid-sized addition to our piggy bank collection!\",\"breadcrumb\":{\"@id\":\"https:\\\/\\\/palaset.com\\\/en\\\/product\\\/semi-elephant-rosa\\\/#breadcrumb\"},\"inLanguage\":\"en-US\",\"potentialAction\":[{\"@type\":\"ReadAction\",\"target\":[\"https:\\\/\\\/palaset.com\\\/en\\\/product\\\/semi-elephant-rosa\\\/\"]}]},{\"@type\":\"ImageObject\",\"inLanguage\":\"en-US\",\"@id\":\"https:\\\/\\\/palaset.com\\\/en\\\/product\\\/semi-elephant-rosa\\\/#primaryimage\",\"url\":\"https:\\\/\\\/palaset.com\\\/wp-content\\\/uploads\\\/2017\\\/09\\\/5_SEMI-ELEPHANT-ROSA-25314.jpg\",\"contentUrl\":\"https:\\\/\\\/palaset.com\\\/wp-content\\\/uploads\\\/2017\\\/09\\\/5_SEMI-ELEPHANT-ROSA-25314.jpg\",\"width\":2000,\"height\":1333,\"caption\":\"Semi Elephant rosa\"},{\"@type\":\"BreadcrumbList\",\"@id\":\"https:\\\/\\\/palaset.com\\\/en\\\/product\\\/semi-elephant-rosa\\\/#breadcrumb\",\"itemListElement\":[{\"@type\":\"ListItem\",\"position\":1,\"name\":\"Etusivu\",\"item\":\"https:\\\/\\\/palaset.com\\\/en\\\/\"},{\"@type\":\"ListItem\",\"position\":2,\"name\":\"Shop\",\"item\":\"https:\\\/\\\/palaset.com\\\/en\\\/shop\\\/\"},{\"@type\":\"ListItem\",\"position\":3,\"name\":\"Semi Elephant rosa\"}]},{\"@type\":\"WebSite\",\"@id\":\"https:\\\/\\\/palaset.com\\\/en\\\/#website\",\"url\":\"https:\\\/\\\/palaset.com\\\/en\\\/\",\"name\":\"Palaset\",\"description\":\"S\u00e4\u00e4st\u00f6lippaat, toimistotarvikkeet, henkarit - Plastep Oy\",\"publisher\":{\"@id\":\"https:\\\/\\\/palaset.com\\\/en\\\/#organization\"},\"potentialAction\":[{\"@type\":\"SearchAction\",\"target\":{\"@type\":\"EntryPoint\",\"urlTemplate\":\"https:\\\/\\\/palaset.com\\\/en\\\/?s={search_term_string}\"},\"query-input\":{\"@type\":\"PropertyValueSpecification\",\"valueRequired\":true,\"valueName\":\"search_term_string\"}}],\"inLanguage\":\"en-US\"},{\"@type\":\"Organization\",\"@id\":\"https:\\\/\\\/palaset.com\\\/en\\\/#organization\",\"name\":\"Plastep Oy\",\"url\":\"https:\\\/\\\/palaset.com\\\/en\\\/\",\"logo\":{\"@type\":\"ImageObject\",\"inLanguage\":\"en-US\",\"@id\":\"https:\\\/\\\/palaset.com\\\/en\\\/#\\\/schema\\\/logo\\\/image\\\/\",\"url\":\"https:\\\/\\\/palaset.com\\\/wp-content\\\/uploads\\\/2020\\\/04\\\/Palaset_black_skaalautuva.png\",\"contentUrl\":\"https:\\\/\\\/palaset.com\\\/wp-content\\\/uploads\\\/2020\\\/04\\\/Palaset_black_skaalautuva.png\",\"width\":905,\"height\":290,\"caption\":\"Plastep Oy\"},\"image\":{\"@id\":\"https:\\\/\\\/palaset.com\\\/en\\\/#\\\/schema\\\/logo\\\/image\\\/\"},\"sameAs\":[\"https:\\\/\\\/www.facebook.com\\\/Palasetfinland\",\"https:\\\/\\\/www.instagram.com\\\/palasetfinland\\\/\",\"https:\\\/\\\/www.linkedin.com\\\/company\\\/5756814\",\"https:\\\/\\\/fi.pinterest.com\\\/sarihokkanen0121\\\/_created\\\/\"]}]}<\/script>\n<!-- \/ Yoast SEO plugin. -->","yoast_head_json":{"title":"Semi Elephant rosa - Palaset","description":"Introducing the new Semi Elephant \u2013 Palaset's charming mid-sized addition to our piggy bank collection!","robots":{"index":"index","follow":"follow","max-snippet":"max-snippet:-1","max-image-preview":"max-image-preview:large","max-video-preview":"max-video-preview:-1"},"canonical":"https:\/\/palaset.com\/en\/product\/semi-elephant-rosa\/","og_locale":"en_US","og_type":"article","og_title":"Maxi Fantti","og_description":"Maxi Fantti on kotimainen sisustuksellinen s\u00e4\u00e4st\u00f6lipas, joka on valloittanut maailmaa jo vuodesta 1975 l\u00e4htien.","og_url":"https:\/\/palaset.com\/en\/product\/semi-elephant-rosa\/","og_site_name":"Palaset","article_publisher":"https:\/\/www.facebook.com\/Palasetfinland","article_modified_time":"2025-05-30T14:23:18+00:00","og_image":[{"width":1729,"height":1502,"url":"https:\/\/palaset.com\/wp-content\/uploads\/2020\/09\/Maxi-ja-medi-fantit_ryhma-e1601468850880.jpg","type":"image\/jpeg"}],"twitter_card":"summary_large_image","twitter_misc":{"Est. reading time":"1 minute"},"schema":{"@context":"https:\/\/schema.org","@graph":[{"@type":"WebPage","@id":"https:\/\/palaset.com\/en\/product\/semi-elephant-rosa\/","url":"https:\/\/palaset.com\/en\/product\/semi-elephant-rosa\/","name":"Semi Elephant rosa - Palaset","isPartOf":{"@id":"https:\/\/palaset.com\/en\/#website"},"primaryImageOfPage":{"@id":"https:\/\/palaset.com\/en\/product\/semi-elephant-rosa\/#primaryimage"},"image":{"@id":"https:\/\/palaset.com\/en\/product\/semi-elephant-rosa\/#primaryimage"},"thumbnailUrl":"https:\/\/palaset.com\/wp-content\/uploads\/2017\/09\/5_SEMI-ELEPHANT-ROSA-25314.jpg","datePublished":"2025-02-14T11:34:48+00:00","dateModified":"2025-05-30T14:23:18+00:00","description":"Introducing the new Semi Elephant \u2013 Palaset's charming mid-sized addition to our piggy bank collection!","breadcrumb":{"@id":"https:\/\/palaset.com\/en\/product\/semi-elephant-rosa\/#breadcrumb"},"inLanguage":"en-US","potentialAction":[{"@type":"ReadAction","target":["https:\/\/palaset.com\/en\/product\/semi-elephant-rosa\/"]}]},{"@type":"ImageObject","inLanguage":"en-US","@id":"https:\/\/palaset.com\/en\/product\/semi-elephant-rosa\/#primaryimage","url":"https:\/\/palaset.com\/wp-content\/uploads\/2017\/09\/5_SEMI-ELEPHANT-ROSA-25314.jpg","contentUrl":"https:\/\/palaset.com\/wp-content\/uploads\/2017\/09\/5_SEMI-ELEPHANT-ROSA-25314.jpg","width":2000,"height":1333,"caption":"Semi Elephant rosa"},{"@type":"BreadcrumbList","@id":"https:\/\/palaset.com\/en\/product\/semi-elephant-rosa\/#breadcrumb","itemListElement":[{"@type":"ListItem","position":1,"name":"Etusivu","item":"https:\/\/palaset.com\/en\/"},{"@type":"ListItem","position":2,"name":"Shop","item":"https:\/\/palaset.com\/en\/shop\/"},{"@type":"ListItem","position":3,"name":"Semi Elephant rosa"}]},{"@type":"WebSite","@id":"https:\/\/palaset.com\/en\/#website","url":"https:\/\/palaset.com\/en\/","name":"Palaset","description":"S\u00e4\u00e4st\u00f6lippaat, toimistotarvikkeet, henkarit - Plastep Oy","publisher":{"@id":"https:\/\/palaset.com\/en\/#organization"},"potentialAction":[{"@type":"SearchAction","target":{"@type":"EntryPoint","urlTemplate":"https:\/\/palaset.com\/en\/?s={search_term_string}"},"query-input":{"@type":"PropertyValueSpecification","valueRequired":true,"valueName":"search_term_string"}}],"inLanguage":"en-US"},{"@type":"Organization","@id":"https:\/\/palaset.com\/en\/#organization","name":"Plastep Oy","url":"https:\/\/palaset.com\/en\/","logo":{"@type":"ImageObject","inLanguage":"en-US","@id":"https:\/\/palaset.com\/en\/#\/schema\/logo\/image\/","url":"https:\/\/palaset.com\/wp-content\/uploads\/2020\/04\/Palaset_black_skaalautuva.png","contentUrl":"https:\/\/palaset.com\/wp-content\/uploads\/2020\/04\/Palaset_black_skaalautuva.png","width":905,"height":290,"caption":"Plastep Oy"},"image":{"@id":"https:\/\/palaset.com\/en\/#\/schema\/logo\/image\/"},"sameAs":["https:\/\/www.facebook.com\/Palasetfinland","https:\/\/www.instagram.com\/palasetfinland\/","https:\/\/www.linkedin.com\/company\/5756814","https:\/\/fi.pinterest.com\/sarihokkanen0121\/_created\/"]}]}},"_links":{"self":[{"href":"https:\/\/palaset.com\/en\/wp-json\/wp\/v2\/product\/33289","targetHints":{"allow":["GET"]}}],"collection":[{"href":"https:\/\/palaset.com\/en\/wp-json\/wp\/v2\/product"}],"about":[{"href":"https:\/\/palaset.com\/en\/wp-json\/wp\/v2\/types\/product"}],"replies":[{"embeddable":true,"href":"https:\/\/palaset.com\/en\/wp-json\/wp\/v2\/comments?post=33289"}],"wp:featuredmedia":[{"embeddable":true,"href":"https:\/\/palaset.com\/en\/wp-json\/wp\/v2\/media\/36776"}],"wp:attachment":[{"href":"https:\/\/palaset.com\/en\/wp-json\/wp\/v2\/media?parent=33289"}],"wp:term":[{"taxonomy":"product_brand","embeddable":true,"href":"https:\/\/palaset.com\/en\/wp-json\/wp\/v2\/product_brand?post=33289"},{"taxonomy":"product_cat","embeddable":true,"href":"https:\/\/palaset.com\/en\/wp-json\/wp\/v2\/product_cat?post=33289"},{"taxonomy":"product_tag","embeddable":true,"href":"https:\/\/palaset.com\/en\/wp-json\/wp\/v2\/product_tag?post=33289"}],"curies":[{"name":"wp","href":"https:\/\/api.w.org\/{rel}","templated":true}]}}