{"id":36162,"date":"2025-11-20T18:29:16","date_gmt":"2025-11-20T16:29:16","guid":{"rendered":"https:\/\/palaset.com\/?post_type=product&#038;p=36162"},"modified":"2025-11-20T18:31:33","modified_gmt":"2025-11-20T16:31:33","slug":"box-with-fingerhole-xl-transparent-grey","status":"publish","type":"product","link":"https:\/\/palaset.com\/en\/product\/box-with-fingerhole-xl-transparent-grey\/","title":{"rendered":"Box with fingerhole XL transparent grey"},"content":{"rendered":"<p>Palaset XL-size box with fingerhole is a stylish, high quality, timeless and versatile Finnish classic product. Suitable for storing A4 (210 x 297 mm) papers and brochures. You can also store eg. remote controls or other small items in this box. Perfect for home or office. Can be stacked. Made from food approved, BPA-free material. Can be disposed of in energy waste.<\/p>\n","protected":false},"excerpt":{"rendered":"Palaset XL-size box with fingerhole is a stylish, high quality, timeless and versatile Finnish classic product. Suitable for storing A4 (210 x 297 mm) papers and brochures. You can also store eg. remote controls or other small items in this box. Perfect for home or office. Can be stacked.\r\n\r\n<img decoding=\"async\" class=\"alignnone wp-image-23570\" style=\"color: #333333; font-style: normal; font-weight: 300;\" src=\"https:\/\/palaset.com\/wp-content\/uploads\/2018\/10\/1.jpg\" alt=\"\" width=\"70\" height=\"70\" srcset=\"https:\/\/palaset.com\/wp-content\/uploads\/2018\/10\/1.jpg 130w, https:\/\/palaset.com\/wp-content\/uploads\/2018\/10\/1-100x100.jpg 100w, https:\/\/palaset.com\/wp-content\/uploads\/2018\/10\/1-32x32.jpg 32w\" sizes=\"(max-width: 70px) 100vw, 70px\" \/><img decoding=\"async\" class=\"alignnone wp-image-23576\" style=\"color: #333333; font-style: normal; font-weight: 300;\" src=\"https:\/\/palaset.com\/wp-content\/uploads\/2018\/10\/3.jpg\" alt=\"\" width=\"70\" height=\"70\" srcset=\"https:\/\/palaset.com\/wp-content\/uploads\/2018\/10\/3.jpg 130w, https:\/\/palaset.com\/wp-content\/uploads\/2018\/10\/3-100x100.jpg 100w, https:\/\/palaset.com\/wp-content\/uploads\/2018\/10\/3-32x32.jpg 32w\" sizes=\"(max-width: 70px) 100vw, 70px\" \/><img decoding=\"async\" class=\"alignnone wp-image-23572\" style=\"color: #333333; font-style: normal; font-weight: 300;\" src=\"https:\/\/palaset.com\/wp-content\/uploads\/2018\/10\/2.jpg\" alt=\"\" width=\"70\" height=\"70\" srcset=\"https:\/\/palaset.com\/wp-content\/uploads\/2018\/10\/2.jpg 130w, https:\/\/palaset.com\/wp-content\/uploads\/2018\/10\/2-100x100.jpg 100w, https:\/\/palaset.com\/wp-content\/uploads\/2018\/10\/2-32x32.jpg 32w\" sizes=\"(max-width: 70px) 100vw, 70px\" \/><img decoding=\"async\" class=\"alignnone wp-image-23574\" style=\"color: #333333; font-style: normal; font-weight: 300;\" src=\"https:\/\/palaset.com\/wp-content\/uploads\/2018\/10\/4.jpg\" alt=\"\" width=\"70\" height=\"70\" srcset=\"https:\/\/palaset.com\/wp-content\/uploads\/2018\/10\/4.jpg 130w, https:\/\/palaset.com\/wp-content\/uploads\/2018\/10\/4-100x100.jpg 100w, https:\/\/palaset.com\/wp-content\/uploads\/2018\/10\/4-32x32.jpg 32w\" sizes=\"(max-width: 70px) 100vw, 70px\" \/>","protected":false},"featured_media":21163,"comment_status":"open","ping_status":"closed","template":"","meta":{"_acf_changed":false},"product_brand":[],"product_cat":[1084,1298,1306],"product_tag":[1184],"class_list":{"0":"post-36162","1":"product","2":"type-product","3":"status-publish","4":"has-post-thumbnail","6":"product_cat-box-with-fingerhole","7":"product_cat-box-with-fingerhole-xl","8":"product_cat-tr-grey","9":"product_tag-box-with-fingerhole-xl","10":"pa_mitat-327x237x77-mm-en","11":"pa_muuta-products-are-made-from-food-graded-plastic","12":"pa_varit-transparent-grey","14":"first","15":"instock","16":"taxable","17":"shipping-taxable","18":"purchasable","19":"product-type-simple"},"acf":[],"yoast_head":"<!-- This site is optimized with the Yoast SEO plugin v27.4 - https:\/\/yoast.com\/product\/yoast-seo-wordpress\/ -->\n<title>Box with fingerhole XL transparent grey - Palaset<\/title>\n<meta name=\"description\" content=\"Palaset XL-size box with fingerhole is a stylish, high quality, timeless and versatile Finnish classic product. Suitable for storing A4 (210 x 297 mm) papers and brochures. You can also store eg. remote controls or other small items in this box. Perfect for home or office. Can be stacked.\" \/>\n<meta name=\"robots\" content=\"index, follow, max-snippet:-1, max-image-preview:large, max-video-preview:-1\" \/>\n<link rel=\"canonical\" href=\"https:\/\/palaset.com\/en\/product\/box-with-fingerhole-xl-transparent-grey\/\" \/>\n<meta property=\"og:locale\" content=\"en_US\" \/>\n<meta property=\"og:type\" content=\"article\" \/>\n<meta property=\"og:title\" content=\"Box with fingerhole XL transparent grey - Palaset\" \/>\n<meta property=\"og:description\" content=\"Palaset XL-size box with fingerhole is a stylish, high quality, timeless and versatile Finnish classic product. Suitable for storing A4 (210 x 297 mm) papers and brochures. You can also store eg. remote controls or other small items in this box. Perfect for home or office. Can be stacked.\" \/>\n<meta property=\"og:url\" content=\"https:\/\/palaset.com\/en\/product\/box-with-fingerhole-xl-transparent-grey\/\" \/>\n<meta property=\"og:site_name\" content=\"Palaset\" \/>\n<meta property=\"article:publisher\" content=\"https:\/\/www.facebook.com\/Palasetfinland\" \/>\n<meta property=\"article:modified_time\" content=\"2025-11-20T16:31:33+00:00\" \/>\n<meta property=\"og:image\" content=\"https:\/\/palaset.com\/wp-content\/uploads\/2018\/10\/Box-with-fingerhole-XL_-U-boksi-XL-P-3103.png\" \/>\n\t<meta property=\"og:image:width\" content=\"2000\" \/>\n\t<meta property=\"og:image:height\" content=\"1333\" \/>\n\t<meta property=\"og:image:type\" content=\"image\/png\" \/>\n<meta name=\"twitter:card\" content=\"summary_large_image\" \/>\n<script type=\"application\/ld+json\" class=\"yoast-schema-graph\">{\"@context\":\"https:\\\/\\\/schema.org\",\"@graph\":[{\"@type\":\"WebPage\",\"@id\":\"https:\\\/\\\/palaset.com\\\/en\\\/product\\\/box-with-fingerhole-xl-transparent-grey\\\/\",\"url\":\"https:\\\/\\\/palaset.com\\\/en\\\/product\\\/box-with-fingerhole-xl-transparent-grey\\\/\",\"name\":\"Box with fingerhole XL transparent grey - Palaset\",\"isPartOf\":{\"@id\":\"https:\\\/\\\/palaset.com\\\/en\\\/#website\"},\"primaryImageOfPage\":{\"@id\":\"https:\\\/\\\/palaset.com\\\/en\\\/product\\\/box-with-fingerhole-xl-transparent-grey\\\/#primaryimage\"},\"image\":{\"@id\":\"https:\\\/\\\/palaset.com\\\/en\\\/product\\\/box-with-fingerhole-xl-transparent-grey\\\/#primaryimage\"},\"thumbnailUrl\":\"https:\\\/\\\/palaset.com\\\/wp-content\\\/uploads\\\/2020\\\/04\\\/Box-with-fingerhole-XL_-U-boksi-XL-P-3130.jpg\",\"datePublished\":\"2025-11-20T16:29:16+00:00\",\"dateModified\":\"2025-11-20T16:31:33+00:00\",\"description\":\"Palaset XL-size box with fingerhole is a stylish, high quality, timeless and versatile Finnish classic product. Suitable for storing A4 (210 x 297 mm) papers and brochures. You can also store eg. remote controls or other small items in this box. Perfect for home or office. Can be stacked.\",\"breadcrumb\":{\"@id\":\"https:\\\/\\\/palaset.com\\\/en\\\/product\\\/box-with-fingerhole-xl-transparent-grey\\\/#breadcrumb\"},\"inLanguage\":\"en-US\",\"potentialAction\":[{\"@type\":\"ReadAction\",\"target\":[\"https:\\\/\\\/palaset.com\\\/en\\\/product\\\/box-with-fingerhole-xl-transparent-grey\\\/\"]}]},{\"@type\":\"ImageObject\",\"inLanguage\":\"en-US\",\"@id\":\"https:\\\/\\\/palaset.com\\\/en\\\/product\\\/box-with-fingerhole-xl-transparent-grey\\\/#primaryimage\",\"url\":\"https:\\\/\\\/palaset.com\\\/wp-content\\\/uploads\\\/2020\\\/04\\\/Box-with-fingerhole-XL_-U-boksi-XL-P-3130.jpg\",\"contentUrl\":\"https:\\\/\\\/palaset.com\\\/wp-content\\\/uploads\\\/2020\\\/04\\\/Box-with-fingerhole-XL_-U-boksi-XL-P-3130.jpg\",\"width\":2000,\"height\":1333},{\"@type\":\"BreadcrumbList\",\"@id\":\"https:\\\/\\\/palaset.com\\\/en\\\/product\\\/box-with-fingerhole-xl-transparent-grey\\\/#breadcrumb\",\"itemListElement\":[{\"@type\":\"ListItem\",\"position\":1,\"name\":\"Etusivu\",\"item\":\"https:\\\/\\\/palaset.com\\\/en\\\/\"},{\"@type\":\"ListItem\",\"position\":2,\"name\":\"Shop\",\"item\":\"https:\\\/\\\/palaset.com\\\/en\\\/shop\\\/\"},{\"@type\":\"ListItem\",\"position\":3,\"name\":\"Box with fingerhole XL transparent grey\"}]},{\"@type\":\"WebSite\",\"@id\":\"https:\\\/\\\/palaset.com\\\/en\\\/#website\",\"url\":\"https:\\\/\\\/palaset.com\\\/en\\\/\",\"name\":\"Palaset\",\"description\":\"S\u00e4\u00e4st\u00f6lippaat, toimistotarvikkeet, henkarit - Plastep Oy\",\"publisher\":{\"@id\":\"https:\\\/\\\/palaset.com\\\/en\\\/#organization\"},\"potentialAction\":[{\"@type\":\"SearchAction\",\"target\":{\"@type\":\"EntryPoint\",\"urlTemplate\":\"https:\\\/\\\/palaset.com\\\/en\\\/?s={search_term_string}\"},\"query-input\":{\"@type\":\"PropertyValueSpecification\",\"valueRequired\":true,\"valueName\":\"search_term_string\"}}],\"inLanguage\":\"en-US\"},{\"@type\":\"Organization\",\"@id\":\"https:\\\/\\\/palaset.com\\\/en\\\/#organization\",\"name\":\"Plastep Oy\",\"url\":\"https:\\\/\\\/palaset.com\\\/en\\\/\",\"logo\":{\"@type\":\"ImageObject\",\"inLanguage\":\"en-US\",\"@id\":\"https:\\\/\\\/palaset.com\\\/en\\\/#\\\/schema\\\/logo\\\/image\\\/\",\"url\":\"https:\\\/\\\/palaset.com\\\/wp-content\\\/uploads\\\/2020\\\/04\\\/Palaset_black_skaalautuva.png\",\"contentUrl\":\"https:\\\/\\\/palaset.com\\\/wp-content\\\/uploads\\\/2020\\\/04\\\/Palaset_black_skaalautuva.png\",\"width\":905,\"height\":290,\"caption\":\"Plastep Oy\"},\"image\":{\"@id\":\"https:\\\/\\\/palaset.com\\\/en\\\/#\\\/schema\\\/logo\\\/image\\\/\"},\"sameAs\":[\"https:\\\/\\\/www.facebook.com\\\/Palasetfinland\",\"https:\\\/\\\/www.instagram.com\\\/palasetfinland\\\/\",\"https:\\\/\\\/www.linkedin.com\\\/company\\\/5756814\",\"https:\\\/\\\/fi.pinterest.com\\\/sarihokkanen0121\\\/_created\\\/\"]}]}<\/script>\n<!-- \/ Yoast SEO plugin. -->","yoast_head_json":{"title":"Box with fingerhole XL transparent grey - Palaset","description":"Palaset XL-size box with fingerhole is a stylish, high quality, timeless and versatile Finnish classic product. Suitable for storing A4 (210 x 297 mm) papers and brochures. You can also store eg. remote controls or other small items in this box. Perfect for home or office. Can be stacked.","robots":{"index":"index","follow":"follow","max-snippet":"max-snippet:-1","max-image-preview":"max-image-preview:large","max-video-preview":"max-video-preview:-1"},"canonical":"https:\/\/palaset.com\/en\/product\/box-with-fingerhole-xl-transparent-grey\/","og_locale":"en_US","og_type":"article","og_title":"Box with fingerhole XL transparent grey - Palaset","og_description":"Palaset XL-size box with fingerhole is a stylish, high quality, timeless and versatile Finnish classic product. Suitable for storing A4 (210 x 297 mm) papers and brochures. You can also store eg. remote controls or other small items in this box. Perfect for home or office. Can be stacked.","og_url":"https:\/\/palaset.com\/en\/product\/box-with-fingerhole-xl-transparent-grey\/","og_site_name":"Palaset","article_publisher":"https:\/\/www.facebook.com\/Palasetfinland","article_modified_time":"2025-11-20T16:31:33+00:00","og_image":[{"width":2000,"height":1333,"url":"https:\/\/palaset.com\/wp-content\/uploads\/2018\/10\/Box-with-fingerhole-XL_-U-boksi-XL-P-3103.png","type":"image\/png"}],"twitter_card":"summary_large_image","schema":{"@context":"https:\/\/schema.org","@graph":[{"@type":"WebPage","@id":"https:\/\/palaset.com\/en\/product\/box-with-fingerhole-xl-transparent-grey\/","url":"https:\/\/palaset.com\/en\/product\/box-with-fingerhole-xl-transparent-grey\/","name":"Box with fingerhole XL transparent grey - Palaset","isPartOf":{"@id":"https:\/\/palaset.com\/en\/#website"},"primaryImageOfPage":{"@id":"https:\/\/palaset.com\/en\/product\/box-with-fingerhole-xl-transparent-grey\/#primaryimage"},"image":{"@id":"https:\/\/palaset.com\/en\/product\/box-with-fingerhole-xl-transparent-grey\/#primaryimage"},"thumbnailUrl":"https:\/\/palaset.com\/wp-content\/uploads\/2020\/04\/Box-with-fingerhole-XL_-U-boksi-XL-P-3130.jpg","datePublished":"2025-11-20T16:29:16+00:00","dateModified":"2025-11-20T16:31:33+00:00","description":"Palaset XL-size box with fingerhole is a stylish, high quality, timeless and versatile Finnish classic product. Suitable for storing A4 (210 x 297 mm) papers and brochures. You can also store eg. remote controls or other small items in this box. Perfect for home or office. Can be stacked.","breadcrumb":{"@id":"https:\/\/palaset.com\/en\/product\/box-with-fingerhole-xl-transparent-grey\/#breadcrumb"},"inLanguage":"en-US","potentialAction":[{"@type":"ReadAction","target":["https:\/\/palaset.com\/en\/product\/box-with-fingerhole-xl-transparent-grey\/"]}]},{"@type":"ImageObject","inLanguage":"en-US","@id":"https:\/\/palaset.com\/en\/product\/box-with-fingerhole-xl-transparent-grey\/#primaryimage","url":"https:\/\/palaset.com\/wp-content\/uploads\/2020\/04\/Box-with-fingerhole-XL_-U-boksi-XL-P-3130.jpg","contentUrl":"https:\/\/palaset.com\/wp-content\/uploads\/2020\/04\/Box-with-fingerhole-XL_-U-boksi-XL-P-3130.jpg","width":2000,"height":1333},{"@type":"BreadcrumbList","@id":"https:\/\/palaset.com\/en\/product\/box-with-fingerhole-xl-transparent-grey\/#breadcrumb","itemListElement":[{"@type":"ListItem","position":1,"name":"Etusivu","item":"https:\/\/palaset.com\/en\/"},{"@type":"ListItem","position":2,"name":"Shop","item":"https:\/\/palaset.com\/en\/shop\/"},{"@type":"ListItem","position":3,"name":"Box with fingerhole XL transparent grey"}]},{"@type":"WebSite","@id":"https:\/\/palaset.com\/en\/#website","url":"https:\/\/palaset.com\/en\/","name":"Palaset","description":"S\u00e4\u00e4st\u00f6lippaat, toimistotarvikkeet, henkarit - Plastep Oy","publisher":{"@id":"https:\/\/palaset.com\/en\/#organization"},"potentialAction":[{"@type":"SearchAction","target":{"@type":"EntryPoint","urlTemplate":"https:\/\/palaset.com\/en\/?s={search_term_string}"},"query-input":{"@type":"PropertyValueSpecification","valueRequired":true,"valueName":"search_term_string"}}],"inLanguage":"en-US"},{"@type":"Organization","@id":"https:\/\/palaset.com\/en\/#organization","name":"Plastep Oy","url":"https:\/\/palaset.com\/en\/","logo":{"@type":"ImageObject","inLanguage":"en-US","@id":"https:\/\/palaset.com\/en\/#\/schema\/logo\/image\/","url":"https:\/\/palaset.com\/wp-content\/uploads\/2020\/04\/Palaset_black_skaalautuva.png","contentUrl":"https:\/\/palaset.com\/wp-content\/uploads\/2020\/04\/Palaset_black_skaalautuva.png","width":905,"height":290,"caption":"Plastep Oy"},"image":{"@id":"https:\/\/palaset.com\/en\/#\/schema\/logo\/image\/"},"sameAs":["https:\/\/www.facebook.com\/Palasetfinland","https:\/\/www.instagram.com\/palasetfinland\/","https:\/\/www.linkedin.com\/company\/5756814","https:\/\/fi.pinterest.com\/sarihokkanen0121\/_created\/"]}]}},"_links":{"self":[{"href":"https:\/\/palaset.com\/en\/wp-json\/wp\/v2\/product\/36162","targetHints":{"allow":["GET"]}}],"collection":[{"href":"https:\/\/palaset.com\/en\/wp-json\/wp\/v2\/product"}],"about":[{"href":"https:\/\/palaset.com\/en\/wp-json\/wp\/v2\/types\/product"}],"replies":[{"embeddable":true,"href":"https:\/\/palaset.com\/en\/wp-json\/wp\/v2\/comments?post=36162"}],"wp:featuredmedia":[{"embeddable":true,"href":"https:\/\/palaset.com\/en\/wp-json\/wp\/v2\/media\/21163"}],"wp:attachment":[{"href":"https:\/\/palaset.com\/en\/wp-json\/wp\/v2\/media?parent=36162"}],"wp:term":[{"taxonomy":"product_brand","embeddable":true,"href":"https:\/\/palaset.com\/en\/wp-json\/wp\/v2\/product_brand?post=36162"},{"taxonomy":"product_cat","embeddable":true,"href":"https:\/\/palaset.com\/en\/wp-json\/wp\/v2\/product_cat?post=36162"},{"taxonomy":"product_tag","embeddable":true,"href":"https:\/\/palaset.com\/en\/wp-json\/wp\/v2\/product_tag?post=36162"}],"curies":[{"name":"wp","href":"https:\/\/api.w.org\/{rel}","templated":true}]}}