{"id":36301,"date":"2025-11-26T19:34:02","date_gmt":"2025-11-26T17:34:02","guid":{"rendered":"https:\/\/palaset.com\/?post_type=product&#038;p=36301"},"modified":"2025-11-27T14:56:47","modified_gmt":"2025-11-27T12:56:47","slug":"maxi-elephant-orange","status":"publish","type":"product","link":"https:\/\/palaset.com\/en\/product\/maxi-elephant-orange\/","title":{"rendered":"Maxi Elephant orange"},"content":{"rendered":"<p>Maxi Fantti elephant moneybox is our classic which has been manufactured since 1975. This moneybox is not only a moneybox but also a cute decoration. Elephant has a slot on the top for coins and it can be emptied through the bottom covered opening.<br \/>\nMoneybox is made from food approved, BPA-free material. It comes in 16 different colors. Size: length 235 mm, depth 290 mm, height 200 mm. Not for resellers.<\/p>\n<p>We produce moneyboxes in several attractive colors with your own logo, if order quantity is minimum 300 pcs. Ask for quotation.<\/p>\n<p>If you\u2019re interested in becoming a reseller for Palaset products, please contact <a href=\"mailto: palaset@plastep.fi\">palaset@plastep.fi<\/a><\/p>\n","protected":false},"excerpt":{"rendered":"<strong>Stock clearance sale. Discontinued color!<\/strong>\r\n\r\nMaxi Elephant moneybox is not only a moneybox but also a cute decoration. Elephant has a slot on the top for coins and it can be emptied through the bottom covered opening.\r\nMoneybox is made from food approved, BPA-free material. It comes in 16 different colors.\r\n\r\nSize: lenght 235 mm, depth 290 mm, height 200 mm.","protected":false},"featured_media":36303,"comment_status":"open","ping_status":"closed","template":"","meta":{"_acf_changed":false},"product_brand":[],"product_cat":[1053,1210],"product_tag":[],"class_list":{"0":"post-36301","1":"product","2":"type-product","3":"status-publish","4":"has-post-thumbnail","6":"product_cat-maxi-elephant","7":"product_cat-sale","8":"pa_lukkovaihtoehdot-key-lock","9":"pa_mitat-l-235-mm-x-s-290-mm-x-h-200-mm","10":"pa_muuta-manufactured-at-plastep-oys-factory-in-pertunmaa-kuortti-finland","11":"pa_painatuksen-koko-60x80-25x65-lock","12":"pa_varit-orange","14":"first","15":"instock","16":"sale","17":"taxable","18":"shipping-taxable","19":"purchasable","20":"product-type-simple"},"acf":[],"yoast_head":"<!-- This site is optimized with the Yoast SEO plugin v27.4 - https:\/\/yoast.com\/product\/yoast-seo-wordpress\/ -->\n<title>Maxi Elephant orange - Palaset<\/title>\n<meta name=\"description\" content=\"Maxi Fantti moneybox is not only a moneybox but also a cute decoration. Elephant has a slot on the top for coins and it can be emptied through the bottom covered opening. It comes in 16 different colors.\" \/>\n<meta name=\"robots\" content=\"index, follow, max-snippet:-1, max-image-preview:large, max-video-preview:-1\" \/>\n<link rel=\"canonical\" href=\"https:\/\/palaset.com\/en\/product\/maxi-elephant-orange\/\" \/>\n<meta property=\"og:locale\" content=\"en_US\" \/>\n<meta property=\"og:type\" content=\"article\" \/>\n<meta property=\"og:title\" content=\"Maxi Elephant orange - Palaset\" \/>\n<meta property=\"og:description\" content=\"Maxi Fantti moneybox is not only a moneybox but also a cute decoration. Elephant has a slot on the top for coins and it can be emptied through the bottom covered opening. It comes in 16 different colors.\" \/>\n<meta property=\"og:url\" content=\"https:\/\/palaset.com\/en\/product\/maxi-elephant-orange\/\" \/>\n<meta property=\"og:site_name\" content=\"Palaset\" \/>\n<meta property=\"article:publisher\" content=\"https:\/\/www.facebook.com\/Palasetfinland\" \/>\n<meta property=\"article:modified_time\" content=\"2025-11-27T12:56:47+00:00\" \/>\n<meta property=\"og:image\" content=\"https:\/\/palaset.com\/wp-content\/uploads\/2020\/09\/Maxi-ja-medi-fantit_ryhma-e1601468850880.jpg\" \/>\n<meta name=\"twitter:card\" content=\"summary_large_image\" \/>\n<meta name=\"twitter:label1\" content=\"Est. reading time\" \/>\n\t<meta name=\"twitter:data1\" content=\"1 minute\" \/>\n<script type=\"application\/ld+json\" class=\"yoast-schema-graph\">{\"@context\":\"https:\\\/\\\/schema.org\",\"@graph\":[{\"@type\":\"WebPage\",\"@id\":\"https:\\\/\\\/palaset.com\\\/en\\\/product\\\/maxi-elephant-orange\\\/\",\"url\":\"https:\\\/\\\/palaset.com\\\/en\\\/product\\\/maxi-elephant-orange\\\/\",\"name\":\"Maxi Elephant orange - Palaset\",\"isPartOf\":{\"@id\":\"https:\\\/\\\/palaset.com\\\/en\\\/#website\"},\"primaryImageOfPage\":{\"@id\":\"https:\\\/\\\/palaset.com\\\/en\\\/product\\\/maxi-elephant-orange\\\/#primaryimage\"},\"image\":{\"@id\":\"https:\\\/\\\/palaset.com\\\/en\\\/product\\\/maxi-elephant-orange\\\/#primaryimage\"},\"thumbnailUrl\":\"https:\\\/\\\/palaset.com\\\/wp-content\\\/uploads\\\/2025\\\/11\\\/MAXI-ELEPHANT-ORANGE-30316-.jpg\",\"datePublished\":\"2025-11-26T17:34:02+00:00\",\"dateModified\":\"2025-11-27T12:56:47+00:00\",\"description\":\"Maxi Fantti moneybox is not only a moneybox but also a cute decoration. Elephant has a slot on the top for coins and it can be emptied through the bottom covered opening. It comes in 16 different colors.\",\"breadcrumb\":{\"@id\":\"https:\\\/\\\/palaset.com\\\/en\\\/product\\\/maxi-elephant-orange\\\/#breadcrumb\"},\"inLanguage\":\"en-US\",\"potentialAction\":[{\"@type\":\"ReadAction\",\"target\":[\"https:\\\/\\\/palaset.com\\\/en\\\/product\\\/maxi-elephant-orange\\\/\"]}]},{\"@type\":\"ImageObject\",\"inLanguage\":\"en-US\",\"@id\":\"https:\\\/\\\/palaset.com\\\/en\\\/product\\\/maxi-elephant-orange\\\/#primaryimage\",\"url\":\"https:\\\/\\\/palaset.com\\\/wp-content\\\/uploads\\\/2025\\\/11\\\/MAXI-ELEPHANT-ORANGE-30316-.jpg\",\"contentUrl\":\"https:\\\/\\\/palaset.com\\\/wp-content\\\/uploads\\\/2025\\\/11\\\/MAXI-ELEPHANT-ORANGE-30316-.jpg\",\"width\":2000,\"height\":1333,\"caption\":\"Maxi Elephant orange\"},{\"@type\":\"BreadcrumbList\",\"@id\":\"https:\\\/\\\/palaset.com\\\/en\\\/product\\\/maxi-elephant-orange\\\/#breadcrumb\",\"itemListElement\":[{\"@type\":\"ListItem\",\"position\":1,\"name\":\"Etusivu\",\"item\":\"https:\\\/\\\/palaset.com\\\/en\\\/\"},{\"@type\":\"ListItem\",\"position\":2,\"name\":\"Shop\",\"item\":\"https:\\\/\\\/palaset.com\\\/en\\\/shop\\\/\"},{\"@type\":\"ListItem\",\"position\":3,\"name\":\"Maxi Elephant orange\"}]},{\"@type\":\"WebSite\",\"@id\":\"https:\\\/\\\/palaset.com\\\/en\\\/#website\",\"url\":\"https:\\\/\\\/palaset.com\\\/en\\\/\",\"name\":\"Palaset\",\"description\":\"S\u00e4\u00e4st\u00f6lippaat, toimistotarvikkeet, henkarit - Plastep Oy\",\"publisher\":{\"@id\":\"https:\\\/\\\/palaset.com\\\/en\\\/#organization\"},\"potentialAction\":[{\"@type\":\"SearchAction\",\"target\":{\"@type\":\"EntryPoint\",\"urlTemplate\":\"https:\\\/\\\/palaset.com\\\/en\\\/?s={search_term_string}\"},\"query-input\":{\"@type\":\"PropertyValueSpecification\",\"valueRequired\":true,\"valueName\":\"search_term_string\"}}],\"inLanguage\":\"en-US\"},{\"@type\":\"Organization\",\"@id\":\"https:\\\/\\\/palaset.com\\\/en\\\/#organization\",\"name\":\"Plastep Oy\",\"url\":\"https:\\\/\\\/palaset.com\\\/en\\\/\",\"logo\":{\"@type\":\"ImageObject\",\"inLanguage\":\"en-US\",\"@id\":\"https:\\\/\\\/palaset.com\\\/en\\\/#\\\/schema\\\/logo\\\/image\\\/\",\"url\":\"https:\\\/\\\/palaset.com\\\/wp-content\\\/uploads\\\/2020\\\/04\\\/Palaset_black_skaalautuva.png\",\"contentUrl\":\"https:\\\/\\\/palaset.com\\\/wp-content\\\/uploads\\\/2020\\\/04\\\/Palaset_black_skaalautuva.png\",\"width\":905,\"height\":290,\"caption\":\"Plastep Oy\"},\"image\":{\"@id\":\"https:\\\/\\\/palaset.com\\\/en\\\/#\\\/schema\\\/logo\\\/image\\\/\"},\"sameAs\":[\"https:\\\/\\\/www.facebook.com\\\/Palasetfinland\",\"https:\\\/\\\/www.instagram.com\\\/palasetfinland\\\/\",\"https:\\\/\\\/www.linkedin.com\\\/company\\\/5756814\",\"https:\\\/\\\/fi.pinterest.com\\\/sarihokkanen0121\\\/_created\\\/\"]}]}<\/script>\n<!-- \/ Yoast SEO plugin. -->","yoast_head_json":{"title":"Maxi Elephant orange - Palaset","description":"Maxi Fantti moneybox is not only a moneybox but also a cute decoration. Elephant has a slot on the top for coins and it can be emptied through the bottom covered opening. It comes in 16 different colors.","robots":{"index":"index","follow":"follow","max-snippet":"max-snippet:-1","max-image-preview":"max-image-preview:large","max-video-preview":"max-video-preview:-1"},"canonical":"https:\/\/palaset.com\/en\/product\/maxi-elephant-orange\/","og_locale":"en_US","og_type":"article","og_title":"Maxi Elephant orange - Palaset","og_description":"Maxi Fantti moneybox is not only a moneybox but also a cute decoration. Elephant has a slot on the top for coins and it can be emptied through the bottom covered opening. It comes in 16 different colors.","og_url":"https:\/\/palaset.com\/en\/product\/maxi-elephant-orange\/","og_site_name":"Palaset","article_publisher":"https:\/\/www.facebook.com\/Palasetfinland","article_modified_time":"2025-11-27T12:56:47+00:00","og_image":[{"url":"https:\/\/palaset.com\/wp-content\/uploads\/2020\/09\/Maxi-ja-medi-fantit_ryhma-e1601468850880.jpg","type":"","width":"","height":""}],"twitter_card":"summary_large_image","twitter_misc":{"Est. reading time":"1 minute"},"schema":{"@context":"https:\/\/schema.org","@graph":[{"@type":"WebPage","@id":"https:\/\/palaset.com\/en\/product\/maxi-elephant-orange\/","url":"https:\/\/palaset.com\/en\/product\/maxi-elephant-orange\/","name":"Maxi Elephant orange - Palaset","isPartOf":{"@id":"https:\/\/palaset.com\/en\/#website"},"primaryImageOfPage":{"@id":"https:\/\/palaset.com\/en\/product\/maxi-elephant-orange\/#primaryimage"},"image":{"@id":"https:\/\/palaset.com\/en\/product\/maxi-elephant-orange\/#primaryimage"},"thumbnailUrl":"https:\/\/palaset.com\/wp-content\/uploads\/2025\/11\/MAXI-ELEPHANT-ORANGE-30316-.jpg","datePublished":"2025-11-26T17:34:02+00:00","dateModified":"2025-11-27T12:56:47+00:00","description":"Maxi Fantti moneybox is not only a moneybox but also a cute decoration. Elephant has a slot on the top for coins and it can be emptied through the bottom covered opening. It comes in 16 different colors.","breadcrumb":{"@id":"https:\/\/palaset.com\/en\/product\/maxi-elephant-orange\/#breadcrumb"},"inLanguage":"en-US","potentialAction":[{"@type":"ReadAction","target":["https:\/\/palaset.com\/en\/product\/maxi-elephant-orange\/"]}]},{"@type":"ImageObject","inLanguage":"en-US","@id":"https:\/\/palaset.com\/en\/product\/maxi-elephant-orange\/#primaryimage","url":"https:\/\/palaset.com\/wp-content\/uploads\/2025\/11\/MAXI-ELEPHANT-ORANGE-30316-.jpg","contentUrl":"https:\/\/palaset.com\/wp-content\/uploads\/2025\/11\/MAXI-ELEPHANT-ORANGE-30316-.jpg","width":2000,"height":1333,"caption":"Maxi Elephant orange"},{"@type":"BreadcrumbList","@id":"https:\/\/palaset.com\/en\/product\/maxi-elephant-orange\/#breadcrumb","itemListElement":[{"@type":"ListItem","position":1,"name":"Etusivu","item":"https:\/\/palaset.com\/en\/"},{"@type":"ListItem","position":2,"name":"Shop","item":"https:\/\/palaset.com\/en\/shop\/"},{"@type":"ListItem","position":3,"name":"Maxi Elephant orange"}]},{"@type":"WebSite","@id":"https:\/\/palaset.com\/en\/#website","url":"https:\/\/palaset.com\/en\/","name":"Palaset","description":"S\u00e4\u00e4st\u00f6lippaat, toimistotarvikkeet, henkarit - Plastep Oy","publisher":{"@id":"https:\/\/palaset.com\/en\/#organization"},"potentialAction":[{"@type":"SearchAction","target":{"@type":"EntryPoint","urlTemplate":"https:\/\/palaset.com\/en\/?s={search_term_string}"},"query-input":{"@type":"PropertyValueSpecification","valueRequired":true,"valueName":"search_term_string"}}],"inLanguage":"en-US"},{"@type":"Organization","@id":"https:\/\/palaset.com\/en\/#organization","name":"Plastep Oy","url":"https:\/\/palaset.com\/en\/","logo":{"@type":"ImageObject","inLanguage":"en-US","@id":"https:\/\/palaset.com\/en\/#\/schema\/logo\/image\/","url":"https:\/\/palaset.com\/wp-content\/uploads\/2020\/04\/Palaset_black_skaalautuva.png","contentUrl":"https:\/\/palaset.com\/wp-content\/uploads\/2020\/04\/Palaset_black_skaalautuva.png","width":905,"height":290,"caption":"Plastep Oy"},"image":{"@id":"https:\/\/palaset.com\/en\/#\/schema\/logo\/image\/"},"sameAs":["https:\/\/www.facebook.com\/Palasetfinland","https:\/\/www.instagram.com\/palasetfinland\/","https:\/\/www.linkedin.com\/company\/5756814","https:\/\/fi.pinterest.com\/sarihokkanen0121\/_created\/"]}]}},"_links":{"self":[{"href":"https:\/\/palaset.com\/en\/wp-json\/wp\/v2\/product\/36301","targetHints":{"allow":["GET"]}}],"collection":[{"href":"https:\/\/palaset.com\/en\/wp-json\/wp\/v2\/product"}],"about":[{"href":"https:\/\/palaset.com\/en\/wp-json\/wp\/v2\/types\/product"}],"replies":[{"embeddable":true,"href":"https:\/\/palaset.com\/en\/wp-json\/wp\/v2\/comments?post=36301"}],"wp:featuredmedia":[{"embeddable":true,"href":"https:\/\/palaset.com\/en\/wp-json\/wp\/v2\/media\/36303"}],"wp:attachment":[{"href":"https:\/\/palaset.com\/en\/wp-json\/wp\/v2\/media?parent=36301"}],"wp:term":[{"taxonomy":"product_brand","embeddable":true,"href":"https:\/\/palaset.com\/en\/wp-json\/wp\/v2\/product_brand?post=36301"},{"taxonomy":"product_cat","embeddable":true,"href":"https:\/\/palaset.com\/en\/wp-json\/wp\/v2\/product_cat?post=36301"},{"taxonomy":"product_tag","embeddable":true,"href":"https:\/\/palaset.com\/en\/wp-json\/wp\/v2\/product_tag?post=36301"}],"curies":[{"name":"wp","href":"https:\/\/api.w.org\/{rel}","templated":true}]}}